{"id":427,"date":"2022-10-24T13:43:36","date_gmt":"2022-10-24T17:43:36","guid":{"rendered":"https:\/\/inspecteurimmobiliere.com\/?page_id=427"},"modified":"2023-02-27T22:23:29","modified_gmt":"2023-02-28T03:23:29","slug":"prix-450-750-00","status":"publish","type":"page","link":"https:\/\/inspecteurimmobiliere.com\/fr\/prix-450-750-00\/","title":{"rendered":"Liste des Prix"},"content":{"rendered":"<h2 style=\"text-align: justify;\"><span style=\"color: #ff00ff; font-family: georgia, palatino, serif;\"><strong>Inspection condo<\/strong><\/span><\/h2>\n<p style=\"text-align: justify;\"><span style=\"font-family: georgia, palatino, serif;\">Condominium (unit\u00e9 privative seulement) (superficie maximale 1000 pi2) 450,00 $ + TX<\/span><br \/>\n<span style=\"font-family: georgia, palatino, serif;\">Tarif par tranche de 500 pi2 suppl\u00e9mentaire 150,00 $ + TX<\/span><br \/>\n<span style=\"font-family: georgia, palatino, serif;\">ajouter extra 175,00$\/heure pour les parties communes (1 \u00e0 2 heures en moyenne) Cave de service 50,00 $ + TX<\/span><\/p>\n<p style=\"text-align: justify;\"><span style=\"font-family: georgia, palatino, serif;\">Contactez-nous par t\u00e9l\u00e9phone, courriel ou SMS pour une estimation gratuite pour d\u00e9terminer la tarification exacte avec l&#8217;adresse de l&#8217;immeuble<\/span><\/p>\n<h2 style=\"text-align: justify;\"><span style=\"color: #00ccff; font-family: georgia, palatino, serif;\"><strong>Inspection maison<\/strong><\/span><\/h2>\n<p style=\"text-align: justify;\"><span style=\"font-family: georgia, palatino, serif;\">Bungalow et cottage (superficie maximale 2000 pi2) 650,00 $ + TX<\/span><br \/>\n<span style=\"font-family: georgia, palatino, serif;\">Bungalow et cottage (superficie maximale 2500 pi2) 850,00 $ + TX<\/span><br \/>\n<span style=\"font-family: georgia, palatino, serif;\">***frais additionnels applicables***<\/span><br \/>\n<span style=\"font-family: georgia, palatino, serif;\">Garage simple jumel\u00e9 au b\u00e2timent 70,00 $ + TX<\/span><br \/>\n<span style=\"font-family: georgia, palatino, serif;\">Garage double jumel\u00e9 au b\u00e2timent 95,00 $ + TX<\/span><br \/>\n<span style=\"font-family: georgia, palatino, serif;\">Construction \u00e2g\u00e9e entre 1940 et 1960 150,00 $ + TX<\/span><br \/>\n<span style=\"font-family: georgia, palatino, serif;\">Construction \u00e2g\u00e9e entre 1900 et 1940 250,00 $ + TX<\/span><br \/>\n<span style=\"font-family: georgia, palatino, serif;\">Cave de service 150,00 $ + TX<\/span><br \/>\n<span style=\"font-family: georgia, palatino, serif;\">Tarif par tranche de 500 pi2 suppl\u00e9mentaire 150,00 $ + TX<\/span><\/p>\n<p style=\"text-align: justify;\">*<span style=\"font-family: georgia, palatino, serif;\">Note: la superficie du sous-sol doit \u00eatre ajout\u00e9e dans le calcul<\/span><\/p>\n<p style=\"text-align: justify;\"><span style=\"font-family: georgia, palatino, serif;\">Contactez-nous par t\u00e9l\u00e9phone, courriel ou SMS pour une estimation gratuite pour d\u00e9terminer la tarification exacte avec l&#8217;adresse de l&#8217;immeuble<\/span><\/p>\n<h2><span style=\"color: #800080; font-family: georgia, palatino, serif;\"><strong>Inspection plex<\/strong><\/span><\/h2>\n<p style=\"text-align: justify;\"><span style=\"font-family: georgia, palatino, serif;\">Duplex 750,00 $ + TX<\/span><br \/>\n<span style=\"font-family: georgia, palatino, serif;\">Triplex 950,00 $ + TX<\/span><br \/>\n<span style=\"font-family: georgia, palatino, serif;\">Chaque Logement de plus et discutable\u00a0<\/span><br \/>\n<span style=\"font-family: georgia, palatino, serif;\">***frais additionnels applicables***<\/span><br \/>\n<span style=\"font-family: georgia, palatino, serif;\">Chaque logement suppl\u00e9mentaire 150,00 $ + TX<\/span><br \/>\n<span style=\"font-family: georgia, palatino, serif;\">Garage simple jumel\u00e9 au b\u00e2timent 70,00 $ + TX<\/span><br \/>\n<span style=\"font-family: georgia, palatino, serif;\">Garage double jumel\u00e9 au b\u00e2timent 95,00 $ + TX<\/span><br \/>\n<span style=\"font-family: georgia, palatino, serif;\">Sous-sol ou Cave de service 150,00 $ + TX<\/span><br \/>\n<span style=\"font-family: georgia, palatino, serif;\">Grenier 150,00 $ + TX<\/span><br \/>\n<span style=\"font-family: georgia, palatino, serif;\">Construction \u00e2g\u00e9e entre 1940 et 1960 150,00 $ + TX<\/span><br \/>\n<span style=\"font-family: georgia, palatino, serif;\">Construction \u00e2g\u00e9e entre 1900 et 1940 250,00 $ + TX<\/span><br \/>\n<span style=\"font-family: georgia, palatino, serif;\">Contactez-nous par t\u00e9l\u00e9phone, courriel ou SMS pour une estimation gratuite pour d\u00e9terminer la tarification exacte avec l&#8217;adresse de l&#8217;immeuble<\/span><\/p>\n<h2 style=\"text-align: justify;\"><span style=\"color: #993300; font-family: georgia, palatino, serif;\"><strong>Commercial<\/strong><\/span><\/h2>\n<p style=\"text-align: justify;\"><span style=\"font-family: georgia, palatino, serif;\">B\u00e2timent commercial (frais minimum incluant 3 heures maximum)* 950,00 $ + TX<\/span><br \/>\n<span style=\"font-family: georgia, palatino, serif;\">Tarif horaire ($\/heure) exc\u00e9dentaire 175,00 $ + TX<\/span><\/p>\n<p style=\"text-align: justify;\"><span style=\"font-family: georgia, palatino, serif;\">* voir Frais Suppl\u00e9mentaires *<\/span><\/p>\n<h2 style=\"text-align: justify;\"><span style=\"color: #0000ff; font-family: georgia, palatino, serif;\"><strong>Condo (loi 16)<\/strong><\/span><\/h2>\n<p style=\"text-align: justify;\"><span style=\"font-family: georgia, palatino, serif;\">B\u00e2timent en copropri\u00e9t\u00e9 pour les syndicats (pr\u00e9\/post r\u00e9ception, pr\u00e9ventive, fonds de pr\u00e9voyance et carnet d&#8217;entretien) Contactez-nous pour une soumission<\/span><br \/>\n<span style=\"font-family: georgia, palatino, serif;\">Tarif horaire ($\/heure) 225,00 $ + TX<\/span><\/p>\n<p style=\"text-align: justify;\"><span style=\"font-family: georgia, palatino, serif;\">Inspection sans rapport \u00e9crit (consultation verbale) (1 heure maximum) 350,00 $ + TX<\/span><br \/>\n<span style=\"font-family: georgia, palatino, serif;\">Inspection avec rapport sommaire (1 heure maximum de temps allou\u00e9) 500,00 $ + TX<\/span><br \/>\n<span style=\"font-family: georgia, palatino, serif;\">Inspection avec rapport d&#8217;expertise l\u00e9gale (1 heure maximum de temps allou\u00e9 pour l&#8217;expertise et 3 heures de r\u00e9daction pour le rapport) frais suppl\u00e9mentaires applicables 800,00 $ + TX<\/span><br \/>\n<span style=\"font-family: georgia, palatino, serif;\">Tarif horaire ($\/heure) apr\u00e8s le tarif minimum 175,00 $ + TX<\/span><\/p>\n<h2 style=\"text-align: justify;\"><span style=\"color: #ff0000; font-family: georgia, palatino, serif;\"><strong>B\u00e2timent \u00e2g\u00e9<\/strong><\/span><\/h2>\n<p style=\"text-align: justify;\"><span style=\"font-family: georgia, palatino, serif;\">B\u00e2timent \u00e2g\u00e9 entre 1940 et 1960 150,00 $ + TX<\/span><br \/>\n<span style=\"font-family: georgia, palatino, serif;\">B\u00e2timent \u00e2g\u00e9 entre 1900 et 1940 300,00 $ + TX<\/span><br \/>\n<span style=\"font-family: georgia, palatino, serif;\">Cave de service en terre 150,00 $ + TX<\/span><br \/>\n<span style=\"font-family: georgia, palatino, serif;\">Garage simple jumel\u00e9 au b\u00e2timent 150,00 $ + TX<\/span><br \/>\n<span style=\"font-family: georgia, palatino, serif;\">Garage simple ind\u00e9pendant du b\u00e2timent (frais minimum ou plus selon les dimensions) 150,00 $ + TX<\/span><br \/>\n<span style=\"font-family: georgia, palatino, serif;\">Jours f\u00e9ri\u00e9s 170,00 $ + TX<\/span><br \/>\n<span style=\"font-family: georgia, palatino, serif;\">D\u00e9placement \u00e0 l&#8217;ext\u00e9rieur de la r\u00e9gion du Grand Montr\u00e9al M\u00e9tropolitain 1.50$\/km<\/span><\/p>\n<h2 style=\"text-align: justify;\"><span style=\"color: #00ff00; font-family: georgia, palatino, serif;\"><strong>Construction neuve ou r\u00e9novation<\/strong><\/span><\/h2>\n<p style=\"text-align: justify;\"><span style=\"font-family: georgia, palatino, serif;\">(entre 900,00$ et 3000,00$ variable selon le dossier (tarif horaire 225,00$\/hr)<\/span><br \/>\n<span style=\"font-family: georgia, palatino, serif;\">Frais minimum: 900,00$, Frais d&#8217;impressions en sus, Taxes en sus<\/span><\/p>\n<p><span style=\"font-size: 14pt; color: #000080; font-family: georgia, palatino, serif;\">Demandez nous pour toute consultation B\u00e2timent\u00a0 <a href=\"mailto:info@123mtl.com\">\u00a0info@123mtl.com<\/a><\/span><\/p>","protected":false},"excerpt":{"rendered":"<p>Inspection condo Condominium (unit\u00e9 privative seulement) (superficie maximale 1000 pi2) 450,00 $ + TX Tarif par tranche de 500 pi2 suppl\u00e9mentaire 150,00 $ + TX ajouter extra 175,00$\/heure pour les parties communes (1 \u00e0 2 heures en moyenne) Cave de service 50,00 $ + TX Contactez-nous par t\u00e9l\u00e9phone, courriel ou [&hellip;]<\/p>\n","protected":false},"author":1,"featured_media":701,"parent":0,"menu_order":0,"comment_status":"closed","ping_status":"closed","template":"","meta":{"_themeisle_gutenberg_block_has_review":false,"footnotes":""},"class_list":["post-427","page","type-page","status-publish","has-post-thumbnail","hentry"],"yoast_head":"<!-- This site is optimized with the Yoast SEO plugin v27.2 - https:\/\/yoast.com\/product\/yoast-seo-wordpress\/ -->\n<title>Liste des Prix - inspecteur immobiliere Liste des Prix<\/title>\n<meta name=\"description\" content=\"inspecteur immobiliere Votre Inspecteur en b\u00e2timents a votre service 7\/7 - 514-924-8887 Liste des Prix Montreal et environs -\" \/>\n<meta name=\"robots\" content=\"index, follow, max-snippet:-1, max-image-preview:large, max-video-preview:-1\" \/>\n<link rel=\"canonical\" href=\"https:\/\/inspecteurimmobiliere.com\/fr\/prix-450-750-00\/\" \/>\n<meta property=\"og:locale\" content=\"fr_CA\" \/>\n<meta property=\"og:type\" content=\"article\" \/>\n<meta property=\"og:title\" content=\"Liste des Prix - inspecteur immobiliere Liste des Prix\" \/>\n<meta property=\"og:description\" content=\"inspecteur immobiliere Votre Inspecteur en b\u00e2timents a votre service 7\/7 - 514-924-8887 Liste des Prix Montreal et environs -\" \/>\n<meta property=\"og:url\" content=\"https:\/\/inspecteurimmobiliere.com\/fr\/prix-450-750-00\/\" \/>\n<meta property=\"og:site_name\" content=\"inspecteur immobiliere\" \/>\n<meta property=\"article:modified_time\" content=\"2023-02-28T03:23:29+00:00\" \/>\n<meta property=\"og:image\" content=\"https:\/\/inspecteurimmobiliere.com\/wp-content\/uploads\/2023\/02\/277-low-resolution-for-web-png-1649799728.png\" \/>\n\t<meta property=\"og:image:width\" content=\"600\" \/>\n\t<meta property=\"og:image:height\" content=\"600\" \/>\n\t<meta property=\"og:image:type\" content=\"image\/png\" \/>\n<meta name=\"twitter:card\" content=\"summary_large_image\" \/>\n<meta name=\"twitter:label1\" content=\"Estimation du temps de lecture\" \/>\n\t<meta name=\"twitter:data1\" content=\"3 minutes\" \/>\n<script type=\"application\/ld+json\" class=\"yoast-schema-graph\">{\"@context\":\"https:\/\/schema.org\",\"@graph\":[{\"@type\":\"WebPage\",\"@id\":\"https:\/\/inspecteurimmobiliere.com\/fr\/prix-450-750-00\/\",\"url\":\"https:\/\/inspecteurimmobiliere.com\/fr\/prix-450-750-00\/\",\"name\":\"Liste des Prix - inspecteur immobiliere Liste des Prix\",\"isPartOf\":{\"@id\":\"https:\/\/inspecteurimmobiliere.com\/fr\/#website\"},\"primaryImageOfPage\":{\"@id\":\"https:\/\/inspecteurimmobiliere.com\/fr\/prix-450-750-00\/#primaryimage\"},\"image\":{\"@id\":\"https:\/\/inspecteurimmobiliere.com\/fr\/prix-450-750-00\/#primaryimage\"},\"thumbnailUrl\":\"https:\/\/inspecteurimmobiliere.com\/wp-content\/uploads\/2023\/02\/277-low-resolution-for-web-png-1649799728.png\",\"datePublished\":\"2022-10-24T17:43:36+00:00\",\"dateModified\":\"2023-02-28T03:23:29+00:00\",\"description\":\"inspecteur immobiliere Votre Inspecteur en b\u00e2timents a votre service 7\/7 - 514-924-8887 Liste des Prix Montreal et environs -\",\"breadcrumb\":{\"@id\":\"https:\/\/inspecteurimmobiliere.com\/fr\/prix-450-750-00\/#breadcrumb\"},\"inLanguage\":\"fr-CA\",\"potentialAction\":[{\"@type\":\"ReadAction\",\"target\":[\"https:\/\/inspecteurimmobiliere.com\/fr\/prix-450-750-00\/\"]}]},{\"@type\":\"ImageObject\",\"inLanguage\":\"fr-CA\",\"@id\":\"https:\/\/inspecteurimmobiliere.com\/fr\/prix-450-750-00\/#primaryimage\",\"url\":\"https:\/\/inspecteurimmobiliere.com\/wp-content\/uploads\/2023\/02\/277-low-resolution-for-web-png-1649799728.png\",\"contentUrl\":\"https:\/\/inspecteurimmobiliere.com\/wp-content\/uploads\/2023\/02\/277-low-resolution-for-web-png-1649799728.png\",\"width\":600,\"height\":600},{\"@type\":\"BreadcrumbList\",\"@id\":\"https:\/\/inspecteurimmobiliere.com\/fr\/prix-450-750-00\/#breadcrumb\",\"itemListElement\":[{\"@type\":\"ListItem\",\"position\":1,\"name\":\"Home\",\"item\":\"https:\/\/inspecteurimmobiliere.com\/\"},{\"@type\":\"ListItem\",\"position\":2,\"name\":\"Liste des Prix\"}]},{\"@type\":\"WebSite\",\"@id\":\"https:\/\/inspecteurimmobiliere.com\/fr\/#website\",\"url\":\"https:\/\/inspecteurimmobiliere.com\/fr\/\",\"name\":\"inspecteur immobiliere\",\"description\":\"Honorer l&#039;int\u00e9grit\u00e9 et la transparence\",\"publisher\":{\"@id\":\"https:\/\/inspecteurimmobiliere.com\/fr\/#organization\"},\"potentialAction\":[{\"@type\":\"SearchAction\",\"target\":{\"@type\":\"EntryPoint\",\"urlTemplate\":\"https:\/\/inspecteurimmobiliere.com\/fr\/?s={search_term_string}\"},\"query-input\":{\"@type\":\"PropertyValueSpecification\",\"valueRequired\":true,\"valueName\":\"search_term_string\"}}],\"inLanguage\":\"fr-CA\"},{\"@type\":\"Organization\",\"@id\":\"https:\/\/inspecteurimmobiliere.com\/fr\/#organization\",\"name\":\"inspecteur immobiliere\",\"url\":\"https:\/\/inspecteurimmobiliere.com\/fr\/\",\"logo\":{\"@type\":\"ImageObject\",\"inLanguage\":\"fr-CA\",\"@id\":\"https:\/\/inspecteurimmobiliere.com\/fr\/#\/schema\/logo\/image\/\",\"url\":\"https:\/\/inspecteurimmobiliere.com\/wp-content\/uploads\/2023\/04\/cropped-Blue-Creative-Real-Estate-Free-Logo.png\",\"contentUrl\":\"https:\/\/inspecteurimmobiliere.com\/wp-content\/uploads\/2023\/04\/cropped-Blue-Creative-Real-Estate-Free-Logo.png\",\"width\":498,\"height\":334,\"caption\":\"inspecteur immobiliere\"},\"image\":{\"@id\":\"https:\/\/inspecteurimmobiliere.com\/fr\/#\/schema\/logo\/image\/\"}}]}<\/script>\n<!-- \/ Yoast SEO plugin. -->","yoast_head_json":{"title":"Liste des Prix - inspecteur immobiliere Liste des Prix","description":"inspecteur immobiliere Votre Inspecteur en b\u00e2timents a votre service 7\/7 - 514-924-8887 Liste des Prix Montreal et environs -","robots":{"index":"index","follow":"follow","max-snippet":"max-snippet:-1","max-image-preview":"max-image-preview:large","max-video-preview":"max-video-preview:-1"},"canonical":"https:\/\/inspecteurimmobiliere.com\/fr\/prix-450-750-00\/","og_locale":"fr_CA","og_type":"article","og_title":"Liste des Prix - inspecteur immobiliere Liste des Prix","og_description":"inspecteur immobiliere Votre Inspecteur en b\u00e2timents a votre service 7\/7 - 514-924-8887 Liste des Prix Montreal et environs -","og_url":"https:\/\/inspecteurimmobiliere.com\/fr\/prix-450-750-00\/","og_site_name":"inspecteur immobiliere","article_modified_time":"2023-02-28T03:23:29+00:00","og_image":[{"width":600,"height":600,"url":"https:\/\/inspecteurimmobiliere.com\/wp-content\/uploads\/2023\/02\/277-low-resolution-for-web-png-1649799728.png","type":"image\/png"}],"twitter_card":"summary_large_image","twitter_misc":{"Estimation du temps de lecture":"3 minutes"},"schema":{"@context":"https:\/\/schema.org","@graph":[{"@type":"WebPage","@id":"https:\/\/inspecteurimmobiliere.com\/fr\/prix-450-750-00\/","url":"https:\/\/inspecteurimmobiliere.com\/fr\/prix-450-750-00\/","name":"Liste des Prix - inspecteur immobiliere Liste des Prix","isPartOf":{"@id":"https:\/\/inspecteurimmobiliere.com\/fr\/#website"},"primaryImageOfPage":{"@id":"https:\/\/inspecteurimmobiliere.com\/fr\/prix-450-750-00\/#primaryimage"},"image":{"@id":"https:\/\/inspecteurimmobiliere.com\/fr\/prix-450-750-00\/#primaryimage"},"thumbnailUrl":"https:\/\/inspecteurimmobiliere.com\/wp-content\/uploads\/2023\/02\/277-low-resolution-for-web-png-1649799728.png","datePublished":"2022-10-24T17:43:36+00:00","dateModified":"2023-02-28T03:23:29+00:00","description":"inspecteur immobiliere Votre Inspecteur en b\u00e2timents a votre service 7\/7 - 514-924-8887 Liste des Prix Montreal et environs -","breadcrumb":{"@id":"https:\/\/inspecteurimmobiliere.com\/fr\/prix-450-750-00\/#breadcrumb"},"inLanguage":"fr-CA","potentialAction":[{"@type":"ReadAction","target":["https:\/\/inspecteurimmobiliere.com\/fr\/prix-450-750-00\/"]}]},{"@type":"ImageObject","inLanguage":"fr-CA","@id":"https:\/\/inspecteurimmobiliere.com\/fr\/prix-450-750-00\/#primaryimage","url":"https:\/\/inspecteurimmobiliere.com\/wp-content\/uploads\/2023\/02\/277-low-resolution-for-web-png-1649799728.png","contentUrl":"https:\/\/inspecteurimmobiliere.com\/wp-content\/uploads\/2023\/02\/277-low-resolution-for-web-png-1649799728.png","width":600,"height":600},{"@type":"BreadcrumbList","@id":"https:\/\/inspecteurimmobiliere.com\/fr\/prix-450-750-00\/#breadcrumb","itemListElement":[{"@type":"ListItem","position":1,"name":"Home","item":"https:\/\/inspecteurimmobiliere.com\/"},{"@type":"ListItem","position":2,"name":"Liste des Prix"}]},{"@type":"WebSite","@id":"https:\/\/inspecteurimmobiliere.com\/fr\/#website","url":"https:\/\/inspecteurimmobiliere.com\/fr\/","name":"inspecteur immobiliere","description":"Honorer l&#039;int\u00e9grit\u00e9 et la transparence","publisher":{"@id":"https:\/\/inspecteurimmobiliere.com\/fr\/#organization"},"potentialAction":[{"@type":"SearchAction","target":{"@type":"EntryPoint","urlTemplate":"https:\/\/inspecteurimmobiliere.com\/fr\/?s={search_term_string}"},"query-input":{"@type":"PropertyValueSpecification","valueRequired":true,"valueName":"search_term_string"}}],"inLanguage":"fr-CA"},{"@type":"Organization","@id":"https:\/\/inspecteurimmobiliere.com\/fr\/#organization","name":"inspecteur immobiliere","url":"https:\/\/inspecteurimmobiliere.com\/fr\/","logo":{"@type":"ImageObject","inLanguage":"fr-CA","@id":"https:\/\/inspecteurimmobiliere.com\/fr\/#\/schema\/logo\/image\/","url":"https:\/\/inspecteurimmobiliere.com\/wp-content\/uploads\/2023\/04\/cropped-Blue-Creative-Real-Estate-Free-Logo.png","contentUrl":"https:\/\/inspecteurimmobiliere.com\/wp-content\/uploads\/2023\/04\/cropped-Blue-Creative-Real-Estate-Free-Logo.png","width":498,"height":334,"caption":"inspecteur immobiliere"},"image":{"@id":"https:\/\/inspecteurimmobiliere.com\/fr\/#\/schema\/logo\/image\/"}}]}},"_links":{"self":[{"href":"https:\/\/inspecteurimmobiliere.com\/fr\/wp-json\/wp\/v2\/pages\/427","targetHints":{"allow":["GET"]}}],"collection":[{"href":"https:\/\/inspecteurimmobiliere.com\/fr\/wp-json\/wp\/v2\/pages"}],"about":[{"href":"https:\/\/inspecteurimmobiliere.com\/fr\/wp-json\/wp\/v2\/types\/page"}],"author":[{"embeddable":true,"href":"https:\/\/inspecteurimmobiliere.com\/fr\/wp-json\/wp\/v2\/users\/1"}],"replies":[{"embeddable":true,"href":"https:\/\/inspecteurimmobiliere.com\/fr\/wp-json\/wp\/v2\/comments?post=427"}],"version-history":[{"count":15,"href":"https:\/\/inspecteurimmobiliere.com\/fr\/wp-json\/wp\/v2\/pages\/427\/revisions"}],"predecessor-version":[{"id":719,"href":"https:\/\/inspecteurimmobiliere.com\/fr\/wp-json\/wp\/v2\/pages\/427\/revisions\/719"}],"wp:featuredmedia":[{"embeddable":true,"href":"https:\/\/inspecteurimmobiliere.com\/fr\/wp-json\/wp\/v2\/media\/701"}],"wp:attachment":[{"href":"https:\/\/inspecteurimmobiliere.com\/fr\/wp-json\/wp\/v2\/media?parent=427"}],"curies":[{"name":"wp","href":"https:\/\/api.w.org\/{rel}","templated":true}]}}