{"id":31,"date":"2021-02-12T11:48:59","date_gmt":"2021-02-12T11:48:59","guid":{"rendered":"https:\/\/demosites.io\/neve-3\/?page_id=31"},"modified":"2023-09-27T00:08:18","modified_gmt":"2023-09-27T04:08:18","slug":"trouver-un-inspecteur-en-batiment","status":"publish","type":"page","link":"https:\/\/inspecteurimmobiliere.com\/fr\/trouver-un-inspecteur-en-batiment\/","title":{"rendered":"TROUVER UN INSPECTEUR EN B\u00c2TIMENT"},"content":{"rendered":"<p><span style=\"font-family: georgia, palatino, serif;\"><span style=\"font-size: 12pt;\">Inspection Immobili\u00e8re &#8211; Une \u00e9tape Incontournable lors de l&#8217;Achat d&#8217;une Propri\u00e9t\u00e9 Lorsque vous d\u00e9cidez d&#8217;acheter une nouvelle propri\u00e9t\u00e9, il est important de prendre le temps de bien examiner l&#8217;\u00e9tat de la propri\u00e9t\u00e9. Une inspection immobili\u00e8re est essentielle pour vous assurer que vous \u00eates en train d&#8217;acheter une propri\u00e9t\u00e9 en bon \u00e9tat et que vous ne serez pas confront\u00e9 \u00e0 des probl\u00e8mes co\u00fbteux apr\u00e8s l&#8217;achat. <\/span><\/span><\/p>\n<p><span style=\"font-family: georgia, palatino, serif;\"><span style=\"font-size: 12pt;\"> Une inspection immobili\u00e8re est le meilleur moyen de d\u00e9terminer si une propri\u00e9t\u00e9 est en bon \u00e9tat ou non. Un inspecteur immobilier inspecter la propri\u00e9t\u00e9 \u00e0 fond et fournira un rapport d\u00e9taill\u00e9 sur l&#8217;\u00e9tat de la propri\u00e9t\u00e9 ainsi que sur tout probl\u00e8me existant qui pourrait \u00eatre co\u00fbteux \u00e0 r\u00e9soudre. <\/span><\/span><\/p>\n<p><span style=\"font-family: georgia, palatino, serif;\"><span style=\"font-size: 12pt;\">L&#8217;inspecteur peut \u00e9galement vous fournir des conseils d&#8217;experts sur les r\u00e9parations et les mises \u00e0 niveau qui pourraient \u00eatre n\u00e9cessaires pour votre propri\u00e9t\u00e9. Une inspection immobili\u00e8re n&#8217;est pas seulement utile pour d\u00e9terminer si vous achetez une propri\u00e9t\u00e9 en bon \u00e9tat. Il peut \u00e9galement \u00eatre utilis\u00e9 pour d\u00e9terminer le juste prix d&#8217;achat d&#8217;une propri\u00e9t\u00e9. Si l&#8217;inspecteur d\u00e9couvre des anomalies ou des probl\u00e8mes co\u00fbteux qui pourraient n\u00e9cessiter des r\u00e9parations ou des mises \u00e0 niveau, vous pouvez ajuster le prix d&#8217;achat de la propri\u00e9t\u00e9 pour inclure ces frais. <\/span><\/span><\/p>\n<p><span style=\"font-family: georgia, palatino, serif;\"><span style=\"font-size: 12pt;\"> Enfin, une inspection immobili\u00e8re peut vous aider \u00e0 vous prot\u00e9ger contre les probl\u00e8mes qui pourraient survenir apr\u00e8s l&#8217;achat. Si l&#8217;inspecteur d\u00e9couvre des probl\u00e8mes qui n&#8217;ont pas \u00e9t\u00e9 signal\u00e9s par le propri\u00e9taire, vous pourrez peut-\u00eatre obtenir un remboursement des frais engag\u00e9s pour les r\u00e9parations. <\/span><\/span><\/p>\n<p><span style=\"font-family: georgia, palatino, serif;\"><span style=\"font-size: 12pt;\"> Lorsque vous achetez une propri\u00e9t\u00e9, une inspection immobili\u00e8re est une \u00e9tape incontournable. Il peut vous aider \u00e0 d\u00e9terminer si vous achetez une propri\u00e9t\u00e9 en bon \u00e9tat et \u00e0 obtenir le juste prix d&#8217;achat. Il peut \u00e9galement vous prot\u00e9ger contre les probl\u00e8mes qui pourraient survenir apr\u00e8s l&#8217;achat. N&#8217;h\u00e9sitez pas \u00e0 contacter un inspecteur immobilier qualifi\u00e9 pour vous aider \u00e0 examiner votre propri\u00e9t\u00e9. <a href=\"https:\/\/mtlhomeinspection.com\/\">514-924-8887\u00a0<\/a><\/span><\/span><\/p>\n<h2 id=\"trouver-par-ville\"><strong>TROUVER\u00a0<\/strong><br class=\"visible-dm-block visible-dl-block visible-dxl-block\" \/>UN INSPECTEUR EN B\u00c2TIMENT<br \/>\nPR\u00c8S DE CHEZ VOUS&#8230;<\/h2>\n<div class=\"row cols-gm\">\n<div class=\"col-dm-8\">\n<p style=\"text-align: center;\"><a href=\"https:\/\/mtlhomeinspection.com\/about\/\">Alma\u00a0 \u00a0 \u00a0 \u00a0 \u00a0 \u00a0 \u00a0 \u00a0 \u00a0 \u00a0 \u00a0 \u00a0 \u00a0 \u00a0 \u00a0 \u00a0 \u00a0 \u00a0 \u00a0 \u00a0Amos\u00a0 \u00a0 \u00a0 \u00a0 \u00a0 \u00a0 \u00a0 \u00a0 \u00a0Baie-Comeau<\/a><\/p>\n<p style=\"text-align: center;\"><a href=\"https:\/\/mtlhomeinspection.com\/about\/\">Beauce\u00a0 \u00a0 \u00a0 \u00a0 \u00a0 \u00a0 \u00a0 \u00a0 \u00a0 \u00a0 \u00a0 \u00a0 \u00a0 \u00a0 \u00a0 \u00a0 B\u00e9cancour\u00a0 \u00a0 \u00a0 \u00a0 \u00a0 \u00a0 \u00a0Bellechasse<\/a><\/p>\n<p style=\"text-align: center;\"><a href=\"https:\/\/mtlhomeinspection.com\/about\/\">Beloeil\u00a0 \u00a0 \u00a0 \u00a0 \u00a0 \u00a0 \u00a0 \u00a0 \u00a0 \u00a0 \u00a0 \u00a0 \u00a0 \u00a0 \u00a0 \u00a0 \u00a0Berthierville\u00a0 \u00a0 \u00a0 \u00a0 \u00a0 \u00a0 \u00a0 Blainville<\/a><\/p>\n<p style=\"text-align: center;\"><a href=\"https:\/\/inspecteurmaisonmontreal.com\/\">Bois-des-Filion\u00a0 \u00a0 \u00a0 \u00a0 \u00a0 \u00a0 \u00a0 \u00a0 \u00a0 \u00a0 \u00a0 Boisbriand\u00a0 \u00a0 \u00a0 \u00a0 \u00a0 \u00a0 \u00a0 Boucherville<\/a><\/p>\n<p style=\"text-align: center;\"><a href=\"https:\/\/inspecteurmaisonmontreal.com\/\">Bromont\u00a0 \u00a0 \u00a0 \u00a0 \u00a0 \u00a0 \u00a0 \u00a0 \u00a0 \u00a0 \u00a0 \u00a0 \u00a0 \u00a0 \u00a0 \u00a0 \u00a0Brossard\u00a0 \u00a0 \u00a0 \u00a0 \u00a0 \u00a0 \u00a0 \u00a0 \u00a0 \u00a0Candiac<\/a><\/p>\n<p style=\"text-align: center;\"><a href=\"https:\/\/inspecteurmaisonmontreal.com\/\">Chambly\u00a0 \u00a0 \u00a0 \u00a0 \u00a0 \u00a0 \u00a0 \u00a0 \u00a0 \u00a0 \u00a0 \u00a0 \u00a0 \u00a0 \u00a0 \u00a0 Charlevoix\u00a0 \u00a0 \u00a0 \u00a0 \u00a0 \u00a0 \u00a0 \u00a0Ch\u00e2teauguay<\/a><\/p>\n<p style=\"text-align: center;\"><a href=\"https:\/\/inspecteurmaisonmontreal.com\/\">Contrecoeur\u00a0 \u00a0 \u00a0 \u00a0 \u00a0 \u00a0 \u00a0 \u00a0 \u00a0 \u00a0 \u00a0 \u00a0 \u00a0 C\u00f4te-de-Beaupr\u00e9\u00a0 \u00a0 \u00a0 \u00a0 \u00a0 Cowansville<\/a><\/p>\n<p style=\"text-align: center;\"><a href=\"https:\/\/mtlhomeinspection.com\/fr\/a-propos\/\">Delson\u00a0 \u00a0 \u00a0 \u00a0 \u00a0 \u00a0 \u00a0 \u00a0 \u00a0 \u00a0 \u00a0 \u00a0 \u00a0 \u00a0 \u00a0 \u00a0 Deux-Montagnes\u00a0 \u00a0 \u00a0 \u00a0 \u00a0 Drummondville<\/a><\/p>\n<p style=\"text-align: center;\"><a href=\"https:\/\/mtlhomeinspection.com\/fr\/a-propos\/\">Farnham\u00a0 \u00a0 \u00a0 \u00a0 \u00a0 \u00a0 \u00a0 \u00a0 \u00a0 \u00a0 \u00a0 \u00a0 \u00a0 \u00a0 \u00a0 \u00a0 Gasp\u00e9sie\u00a0 \u00a0 \u00a0 \u00a0 \u00a0 \u00a0 \u00a0 \u00a0 \u00a0 \u00a0 \u00a0 Gatineau<\/a><\/p>\n<p style=\"text-align: center;\"><a href=\"https:\/\/mtlhomeinspection.com\/fr\/\">Granby\u00a0 \u00a0 \u00a0 \u00a0 \u00a0 \u00a0 \u00a0 \u00a0 \u00a0 \u00a0 \u00a0 \u00a0 \u00a0 \u00a0 \u00a0 Greenfield Park\u00a0 \u00a0 \u00a0 \u00a0 \u00a0 \u00a0 \u00a0 \u00a0 \u00a0 \u00a0 Hull<\/a><\/p>\n<p style=\"text-align: center;\"><a href=\"https:\/\/mtlhomeinspection.com\/fr\/\">Jardins-de-Napierville\u00a0 \u00a0 \u00a0 \u00a0 \u00a0 Joliette\u00a0 \u00a0 \u00a0 \u00a0 \u00a0 \u00a0 \u00a0 \u00a0 \u00a0 \u00a0 L&#8217;Assomption<\/a><\/p>\n<\/div>\n<div class=\"col-dm-8\" style=\"text-align: center;\">\n<p><a href=\"https:\/\/mtlhomeinspection.com\/fr\/\">L&#8217;\u00c9piphanie\u00a0 \u00a0 \u00a0 \u00a0 \u00a0 \u00a0 \u00a0 \u00a0 \u00a0 \u00a0 \u00a0 \u00a0L&#8217;\u00cele-Perrot\u00a0 \u00a0 \u00a0 \u00a0 \u00a0 \u00a0 \u00a0 \u00a0 \u00a0 \u00a0La Prairie<\/a><\/p>\n<p><a href=\"https:\/\/mtlhomeinspection.com\/fr\/\">Lac St-Jean\u00a0 \u00a0 \u00a0 \u00a0 \u00a0 \u00a0 Lachute et comt\u00e9 d&#8217;Argenteuil\u00a0 \u00a0 \u00a0Lanoraie<\/a><\/p>\n<p><a href=\"https:\/\/mtlhomeinspection.com\/fr\/\">Laurier-Station\u00a0 \u00a0 \u00a0 \u00a0 \u00a0 \u00a0 \u00a0 \u00a0 \u00a0 \u00a0 \u00a0Laval\u00a0 \u00a0 \u00a0 \u00a0 \u00a0 \u00a0 \u00a0 \u00a0 \u00a0 \u00a0 \u00a0 \u00a0 Lavaltrie<\/a><\/p>\n<p><a href=\"https:\/\/mtlhomeinspection.com\/fr\/\">L\u00e9vis\u00a0 \u00a0 \u00a0 \u00a0 \u00a0 \u00a0 \u00a0 \u00a0 \u00a0 \u00a0 \u00a0 \u00a0 \u00a0 \u00a0 \u00a0 \u00a0 Longueuil\u00a0 \u00a0 \u00a0 \u00a0 \u00a0 \u00a0 \u00a0 \u00a0 \u00a0 \u00a0 \u00a0 \u00a0Lorraine<\/a><\/p>\n<p><a href=\"https:\/\/mtlhomeinspection.com\/fr\/faq-2\/\">Lotbini\u00e8re\u00a0 \u00a0 \u00a0 \u00a0 \u00a0 \u00a0 \u00a0 \u00a0 \u00a0 \u00a0 \u00a0 \u00a0Louisville\u00a0 \u00a0 \u00a0 \u00a0 \u00a0 \u00a0 \u00a0 \u00a0 \u00a0 \u00a0 \u00a0Magog<\/a><\/p>\n<p><a href=\"https:\/\/mtlhomeinspection.com\/fr\/faq-2\/\">Mascouche\u00a0 \u00a0 \u00a0 \u00a0 \u00a0 \u00a0 \u00a0 \u00a0 \u00a0 \u00a0 McMasterville\u00a0 \u00a0 \u00a0 \u00a0 \u00a0 \u00a0 \u00a0 \u00a0Mirabel<\/a><\/p>\n<p><a href=\"https:\/\/mtlhomeinspection.com\/fr\/faq-2\/\">Mont-Saint-Hilaire\u00a0 \u00a0 \u00a0 \u00a0 \u00a0 \u00a0Mont-Tremblant\u00a0 \u00a0 \u00a0 \u00a0 \u00a0 \u00a0Ville mont royal<\/a><\/p>\n<p><a href=\"https:\/\/mtlhomeinspection.com\/fr\/faq-2\/\">Montmagny\u00a0 \u00a0 \u00a0 \u00a0 \u00a0 \u00a0 \u00a0 \u00a0 \u00a0 \u00a0 \u00a0Montr\u00e9al\u00a0 \u00a0 \u00a0 \u00a0 \u00a0 \u00a0 \u00a0 \u00a0 \u00a0 \u00a0 \u00a0 \u00a0 \u00a0 Nicolet<\/a><\/p>\n<p><a href=\"https:\/\/mtlhomeinspection.com\/fr\/faq-2\/\">Pincourt\u00a0 \u00a0 \u00a0 \u00a0 \u00a0 \u00a0 \u00a0 \u00a0 \u00a0 \u00a0 \u00a0 \u00a0 \u00a0 \u00a0Portneuf\u00a0 \u00a0 \u00a0 \u00a0 \u00a0 \u00a0 \u00a0 \u00a0 \u00a0 \u00a0 \u00a0 \u00a0 \u00a0 Qu\u00e9bec<\/a><\/p>\n<p><a href=\"https:\/\/inspecteurmaisonmontreal.com\/problemes-frequante\/\">Repentigny\u00a0 \u00a0 \u00a0 \u00a0 \u00a0 \u00a0 \u00a0 \u00a0 \u00a0 Rimouski\u00a0 \u00a0 \u00a0 \u00a0 \u00a0 \u00a0 \u00a0 \u00a0 \u00a0 \u00a0Rive-Nord de Qu\u00e9bec<\/a><\/p>\n<p><a href=\"https:\/\/inspecteurmaisonmontreal.com\/problemes-frequante\/\">Rivi\u00e8re-du-Loup\u00a0 \u00a0 \u00a0 \u00a0 \u00a0 \u00a0 \u00a0 Rosem\u00e8re\u00a0 \u00a0 \u00a0 \u00a0 \u00a0 \u00a0 \u00a0 \u00a0 \u00a0 \u00a0 \u00a0 \u00a0Rouyn-Noranda<\/a><\/p>\n<\/div>\n<div class=\"col-dm-8\">\n<p style=\"text-align: center;\"><a href=\"https:\/\/inspecteurmaisonmontreal.com\/problemes-frequante\/\">Saguenay\u00a0 \u00a0 \u00a0 \u00a0 \u00a0 \u00a0 \u00a0 \u00a0 \u00a0 \u00a0 \u00a0 \u00a0 \u00a0Sept-\u00celes\u00a0 \u00a0 \u00a0 \u00a0 \u00a0 \u00a0 \u00a0 \u00a0 \u00a0 \u00a0 \u00a0 St-Eustache<\/a><\/p>\n<p style=\"text-align: center;\"><a href=\"https:\/\/inspecteurmaisonmontreal.com\/problemes-frequante\/\">Shawinigan\u00a0 \u00a0 \u00a0 \u00a0 \u00a0 \u00a0 \u00a0 \u00a0 \u00a0 \u00a0 \u00a0 \u00a0Sherbrooke\u00a0 \u00a0 \u00a0 \u00a0 \u00a0 \u00a0 \u00a0 \u00a0 \u00a0 \u00a0 \u00a0 \u00a0Sorel<\/a><\/p>\n<p style=\"text-align: center;\"><a href=\"https:\/\/inspecteurmaisonmontreal.com\/a-propos-de-moi\/\">St-Basile-le-Grand\u00a0 \u00a0 \u00a0 \u00a0 \u00a0St-Bruno-de-Montarville\u00a0 \u00a0 \u00a0 \u00a0 \u00a0 St-Constant<\/a><\/p>\n<p style=\"text-align: center;\"><a href=\"https:\/\/inspecteurmaisonmontreal.com\/a-propos-de-moi\/\">St-Gabriel\u00a0 \u00a0 \u00a0 \u00a0 \u00a0 \u00a0 \u00a0 \u00a0 \u00a0 \u00a0 \u00a0 \u00a0 \u00a0 \u00a0St-Hubert\u00a0 \u00a0 \u00a0 \u00a0 \u00a0 \u00a0 \u00a0 \u00a0 \u00a0 St-Hyacinthe<\/a><\/p>\n<p style=\"text-align: center;\"><a href=\"https:\/\/inspecteurmaisonmontreal.com\/a-propos-de-moi\/\">St-Jean-sur-Richelieu\u00a0 \u00a0 \u00a0 \u00a0 \u00a0 \u00a0 \u00a0St-J\u00e9r\u00f4me\u00a0 \u00a0 \u00a0 \u00a0 \u00a0 \u00a0 \u00a0St-Lambert<\/a><\/p>\n<p style=\"text-align: center;\"><a href=\"https:\/\/inspecteurmaisonmontreal.com\/a-propos-de-moi\/\">St-Lazare\u00a0 \u00a0 \u00a0 \u00a0 \u00a0 \u00a0 \u00a0 \u00a0 \u00a0 \u00a0 \u00a0 \u00a0 \u00a0 \u00a0Ste-Ad\u00e8le\u00a0 \u00a0 \u00a0 \u00a0 \u00a0 \u00a0 \u00a0 \u00a0 \u00a0 \u00a0 Ste-Th\u00e9r\u00e8se<\/a><\/p>\n<p style=\"text-align: center;\"><a href=\"https:\/\/inspecteurmaisonmontreal.com\/a-propos-de-moi\/\">Ste-Brigitte-de-Laval\u00a0 \u00a0 \u00a0 \u00a0 \u00a0 \u00a0 \u00a0 Ste-Catherine\u00a0 \u00a0 \u00a0 \u00a0 \u00a0 \u00a0Ste-Julie<\/a><\/p>\n<p style=\"text-align: center;\"><a href=\"https:\/\/inspecteurmaisonmontreal.com\/a-propos-de-moi\/\">Stoneham\u00a0 \u00a0 \u00a0 \u00a0 \u00a0 \u00a0 \u00a0 \u00a0 \u00a0 \u00a0 \u00a0 \u00a0 \u00a0 \u00a0 \u00a0 \u00a0 Sutton\u00a0 \u00a0 \u00a0 \u00a0 \u00a0 \u00a0 \u00a0 \u00a0 \u00a0 \u00a0 \u00a0Terrebonne<\/a><\/p>\n<p style=\"text-align: center;\"><a href=\"https:\/\/inspecteurmaisonmontreal.com\/a-propos-de-moi\/\">Valleyfield \u00a0 \u00a0 \u00a0 \u00a0 \u00a0 \u00a0 \u00a0 \u00a0Trois-Rivi\u00e8re\u00a0 \u00a0 \u00a0 \u00a0 \u00a0 \u00a0 \u00a0 \u00a0 \u00a0 \u00a0 \u00a0 \u00a0 \u00a0Varennes<\/a><\/p>\n<p style=\"text-align: center;\"><a href=\"https:\/\/mtlhomeinspection.com\/\">Vaudreuil-Dorion\u00a0 \u00a0 \u00a0 \u00a0 \u00a0 \u00a0 Victoriaville\u00a0<\/a><\/p>\n<\/div>\n<\/div>","protected":false},"excerpt":{"rendered":"<p>Inspection Immobili\u00e8re &#8211; Une \u00e9tape Incontournable lors de l&#8217;Achat d&#8217;une Propri\u00e9t\u00e9 Lorsque vous d\u00e9cidez d&#8217;acheter une nouvelle propri\u00e9t\u00e9, il est important de prendre le temps de bien examiner l&#8217;\u00e9tat de la propri\u00e9t\u00e9. Une inspection immobili\u00e8re est essentielle pour vous assurer que vous \u00eates en train d&#8217;acheter une propri\u00e9t\u00e9 en bon [&hellip;]<\/p>\n","protected":false},"author":1,"featured_media":836,"parent":0,"menu_order":0,"comment_status":"closed","ping_status":"closed","template":"","meta":{"_themeisle_gutenberg_block_has_review":false,"footnotes":""},"class_list":["post-31","page","type-page","status-publish","has-post-thumbnail","hentry"],"yoast_head":"<!-- This site is optimized with the Yoast SEO plugin v27.2 - https:\/\/yoast.com\/product\/yoast-seo-wordpress\/ -->\n<title>TROUVER UN INSPECTEUR EN B\u00c2TIMENT - inspecteur immobiliere<\/title>\n<meta name=\"description\" content=\"inspection immobili\u00e8re 514-924-8887 Montr\u00e9al Laval Rive Sud TROUVER UN INSPECTEUR EN B\u00c2TIMENT - inspection immobiliere\" \/>\n<meta name=\"robots\" content=\"index, follow, max-snippet:-1, max-image-preview:large, max-video-preview:-1\" \/>\n<link rel=\"canonical\" href=\"https:\/\/inspecteurimmobiliere.com\/fr\/trouver-un-inspecteur-en-batiment\/\" \/>\n<meta property=\"og:locale\" content=\"fr_CA\" \/>\n<meta property=\"og:type\" content=\"article\" \/>\n<meta property=\"og:title\" content=\"TROUVER UN INSPECTEUR EN B\u00c2TIMENT - inspecteur immobiliere\" \/>\n<meta property=\"og:description\" content=\"inspection immobili\u00e8re 514-924-8887 Montr\u00e9al Laval Rive Sud TROUVER UN INSPECTEUR EN B\u00c2TIMENT - inspection immobiliere\" \/>\n<meta property=\"og:url\" content=\"https:\/\/inspecteurimmobiliere.com\/fr\/trouver-un-inspecteur-en-batiment\/\" \/>\n<meta property=\"og:site_name\" content=\"inspecteur immobiliere\" \/>\n<meta property=\"article:modified_time\" content=\"2023-09-27T04:08:18+00:00\" \/>\n<meta property=\"og:image\" content=\"https:\/\/inspecteurimmobiliere.com\/wp-content\/uploads\/2023\/04\/cropped-Blue-Creative-Real-Estate-Free-Logo.png\" \/>\n\t<meta property=\"og:image:width\" content=\"498\" \/>\n\t<meta property=\"og:image:height\" content=\"334\" \/>\n\t<meta property=\"og:image:type\" content=\"image\/png\" \/>\n<meta name=\"twitter:card\" content=\"summary_large_image\" \/>\n<meta name=\"twitter:label1\" content=\"Estimation du temps de lecture\" \/>\n\t<meta name=\"twitter:data1\" content=\"2 minutes\" \/>\n<script type=\"application\/ld+json\" class=\"yoast-schema-graph\">{\"@context\":\"https:\/\/schema.org\",\"@graph\":[{\"@type\":\"WebPage\",\"@id\":\"https:\/\/inspecteurimmobiliere.com\/fr\/trouver-un-inspecteur-en-batiment\/\",\"url\":\"https:\/\/inspecteurimmobiliere.com\/fr\/trouver-un-inspecteur-en-batiment\/\",\"name\":\"TROUVER UN INSPECTEUR EN B\u00c2TIMENT - inspecteur immobiliere\",\"isPartOf\":{\"@id\":\"https:\/\/inspecteurimmobiliere.com\/fr\/#website\"},\"primaryImageOfPage\":{\"@id\":\"https:\/\/inspecteurimmobiliere.com\/fr\/trouver-un-inspecteur-en-batiment\/#primaryimage\"},\"image\":{\"@id\":\"https:\/\/inspecteurimmobiliere.com\/fr\/trouver-un-inspecteur-en-batiment\/#primaryimage\"},\"thumbnailUrl\":\"https:\/\/inspecteurimmobiliere.com\/wp-content\/uploads\/2023\/04\/cropped-Blue-Creative-Real-Estate-Free-Logo.png\",\"datePublished\":\"2021-02-12T11:48:59+00:00\",\"dateModified\":\"2023-09-27T04:08:18+00:00\",\"description\":\"inspection immobili\u00e8re 514-924-8887 Montr\u00e9al Laval Rive Sud TROUVER UN INSPECTEUR EN B\u00c2TIMENT - inspection immobiliere\",\"breadcrumb\":{\"@id\":\"https:\/\/inspecteurimmobiliere.com\/fr\/trouver-un-inspecteur-en-batiment\/#breadcrumb\"},\"inLanguage\":\"fr-CA\",\"potentialAction\":[{\"@type\":\"ReadAction\",\"target\":[\"https:\/\/inspecteurimmobiliere.com\/fr\/trouver-un-inspecteur-en-batiment\/\"]}]},{\"@type\":\"ImageObject\",\"inLanguage\":\"fr-CA\",\"@id\":\"https:\/\/inspecteurimmobiliere.com\/fr\/trouver-un-inspecteur-en-batiment\/#primaryimage\",\"url\":\"https:\/\/inspecteurimmobiliere.com\/wp-content\/uploads\/2023\/04\/cropped-Blue-Creative-Real-Estate-Free-Logo.png\",\"contentUrl\":\"https:\/\/inspecteurimmobiliere.com\/wp-content\/uploads\/2023\/04\/cropped-Blue-Creative-Real-Estate-Free-Logo.png\",\"width\":498,\"height\":334},{\"@type\":\"BreadcrumbList\",\"@id\":\"https:\/\/inspecteurimmobiliere.com\/fr\/trouver-un-inspecteur-en-batiment\/#breadcrumb\",\"itemListElement\":[{\"@type\":\"ListItem\",\"position\":1,\"name\":\"Home\",\"item\":\"https:\/\/inspecteurimmobiliere.com\/\"},{\"@type\":\"ListItem\",\"position\":2,\"name\":\"TROUVER UN INSPECTEUR EN B\u00c2TIMENT\"}]},{\"@type\":\"WebSite\",\"@id\":\"https:\/\/inspecteurimmobiliere.com\/fr\/#website\",\"url\":\"https:\/\/inspecteurimmobiliere.com\/fr\/\",\"name\":\"inspecteur immobiliere\",\"description\":\"Honorer l&#039;int\u00e9grit\u00e9 et la transparence\",\"publisher\":{\"@id\":\"https:\/\/inspecteurimmobiliere.com\/fr\/#organization\"},\"potentialAction\":[{\"@type\":\"SearchAction\",\"target\":{\"@type\":\"EntryPoint\",\"urlTemplate\":\"https:\/\/inspecteurimmobiliere.com\/fr\/?s={search_term_string}\"},\"query-input\":{\"@type\":\"PropertyValueSpecification\",\"valueRequired\":true,\"valueName\":\"search_term_string\"}}],\"inLanguage\":\"fr-CA\"},{\"@type\":\"Organization\",\"@id\":\"https:\/\/inspecteurimmobiliere.com\/fr\/#organization\",\"name\":\"inspecteur immobiliere\",\"url\":\"https:\/\/inspecteurimmobiliere.com\/fr\/\",\"logo\":{\"@type\":\"ImageObject\",\"inLanguage\":\"fr-CA\",\"@id\":\"https:\/\/inspecteurimmobiliere.com\/fr\/#\/schema\/logo\/image\/\",\"url\":\"https:\/\/inspecteurimmobiliere.com\/wp-content\/uploads\/2023\/04\/cropped-Blue-Creative-Real-Estate-Free-Logo.png\",\"contentUrl\":\"https:\/\/inspecteurimmobiliere.com\/wp-content\/uploads\/2023\/04\/cropped-Blue-Creative-Real-Estate-Free-Logo.png\",\"width\":498,\"height\":334,\"caption\":\"inspecteur immobiliere\"},\"image\":{\"@id\":\"https:\/\/inspecteurimmobiliere.com\/fr\/#\/schema\/logo\/image\/\"}}]}<\/script>\n<!-- \/ Yoast SEO plugin. -->","yoast_head_json":{"title":"TROUVER UN INSPECTEUR EN B\u00c2TIMENT - inspecteur immobiliere","description":"inspection immobili\u00e8re 514-924-8887 Montr\u00e9al Laval Rive Sud TROUVER UN INSPECTEUR EN B\u00c2TIMENT - inspection immobiliere","robots":{"index":"index","follow":"follow","max-snippet":"max-snippet:-1","max-image-preview":"max-image-preview:large","max-video-preview":"max-video-preview:-1"},"canonical":"https:\/\/inspecteurimmobiliere.com\/fr\/trouver-un-inspecteur-en-batiment\/","og_locale":"fr_CA","og_type":"article","og_title":"TROUVER UN INSPECTEUR EN B\u00c2TIMENT - inspecteur immobiliere","og_description":"inspection immobili\u00e8re 514-924-8887 Montr\u00e9al Laval Rive Sud TROUVER UN INSPECTEUR EN B\u00c2TIMENT - inspection immobiliere","og_url":"https:\/\/inspecteurimmobiliere.com\/fr\/trouver-un-inspecteur-en-batiment\/","og_site_name":"inspecteur immobiliere","article_modified_time":"2023-09-27T04:08:18+00:00","og_image":[{"width":498,"height":334,"url":"https:\/\/inspecteurimmobiliere.com\/wp-content\/uploads\/2023\/04\/cropped-Blue-Creative-Real-Estate-Free-Logo.png","type":"image\/png"}],"twitter_card":"summary_large_image","twitter_misc":{"Estimation du temps de lecture":"2 minutes"},"schema":{"@context":"https:\/\/schema.org","@graph":[{"@type":"WebPage","@id":"https:\/\/inspecteurimmobiliere.com\/fr\/trouver-un-inspecteur-en-batiment\/","url":"https:\/\/inspecteurimmobiliere.com\/fr\/trouver-un-inspecteur-en-batiment\/","name":"TROUVER UN INSPECTEUR EN B\u00c2TIMENT - inspecteur immobiliere","isPartOf":{"@id":"https:\/\/inspecteurimmobiliere.com\/fr\/#website"},"primaryImageOfPage":{"@id":"https:\/\/inspecteurimmobiliere.com\/fr\/trouver-un-inspecteur-en-batiment\/#primaryimage"},"image":{"@id":"https:\/\/inspecteurimmobiliere.com\/fr\/trouver-un-inspecteur-en-batiment\/#primaryimage"},"thumbnailUrl":"https:\/\/inspecteurimmobiliere.com\/wp-content\/uploads\/2023\/04\/cropped-Blue-Creative-Real-Estate-Free-Logo.png","datePublished":"2021-02-12T11:48:59+00:00","dateModified":"2023-09-27T04:08:18+00:00","description":"inspection immobili\u00e8re 514-924-8887 Montr\u00e9al Laval Rive Sud TROUVER UN INSPECTEUR EN B\u00c2TIMENT - inspection immobiliere","breadcrumb":{"@id":"https:\/\/inspecteurimmobiliere.com\/fr\/trouver-un-inspecteur-en-batiment\/#breadcrumb"},"inLanguage":"fr-CA","potentialAction":[{"@type":"ReadAction","target":["https:\/\/inspecteurimmobiliere.com\/fr\/trouver-un-inspecteur-en-batiment\/"]}]},{"@type":"ImageObject","inLanguage":"fr-CA","@id":"https:\/\/inspecteurimmobiliere.com\/fr\/trouver-un-inspecteur-en-batiment\/#primaryimage","url":"https:\/\/inspecteurimmobiliere.com\/wp-content\/uploads\/2023\/04\/cropped-Blue-Creative-Real-Estate-Free-Logo.png","contentUrl":"https:\/\/inspecteurimmobiliere.com\/wp-content\/uploads\/2023\/04\/cropped-Blue-Creative-Real-Estate-Free-Logo.png","width":498,"height":334},{"@type":"BreadcrumbList","@id":"https:\/\/inspecteurimmobiliere.com\/fr\/trouver-un-inspecteur-en-batiment\/#breadcrumb","itemListElement":[{"@type":"ListItem","position":1,"name":"Home","item":"https:\/\/inspecteurimmobiliere.com\/"},{"@type":"ListItem","position":2,"name":"TROUVER UN INSPECTEUR EN B\u00c2TIMENT"}]},{"@type":"WebSite","@id":"https:\/\/inspecteurimmobiliere.com\/fr\/#website","url":"https:\/\/inspecteurimmobiliere.com\/fr\/","name":"inspecteur immobiliere","description":"Honorer l&#039;int\u00e9grit\u00e9 et la transparence","publisher":{"@id":"https:\/\/inspecteurimmobiliere.com\/fr\/#organization"},"potentialAction":[{"@type":"SearchAction","target":{"@type":"EntryPoint","urlTemplate":"https:\/\/inspecteurimmobiliere.com\/fr\/?s={search_term_string}"},"query-input":{"@type":"PropertyValueSpecification","valueRequired":true,"valueName":"search_term_string"}}],"inLanguage":"fr-CA"},{"@type":"Organization","@id":"https:\/\/inspecteurimmobiliere.com\/fr\/#organization","name":"inspecteur immobiliere","url":"https:\/\/inspecteurimmobiliere.com\/fr\/","logo":{"@type":"ImageObject","inLanguage":"fr-CA","@id":"https:\/\/inspecteurimmobiliere.com\/fr\/#\/schema\/logo\/image\/","url":"https:\/\/inspecteurimmobiliere.com\/wp-content\/uploads\/2023\/04\/cropped-Blue-Creative-Real-Estate-Free-Logo.png","contentUrl":"https:\/\/inspecteurimmobiliere.com\/wp-content\/uploads\/2023\/04\/cropped-Blue-Creative-Real-Estate-Free-Logo.png","width":498,"height":334,"caption":"inspecteur immobiliere"},"image":{"@id":"https:\/\/inspecteurimmobiliere.com\/fr\/#\/schema\/logo\/image\/"}}]}},"_links":{"self":[{"href":"https:\/\/inspecteurimmobiliere.com\/fr\/wp-json\/wp\/v2\/pages\/31","targetHints":{"allow":["GET"]}}],"collection":[{"href":"https:\/\/inspecteurimmobiliere.com\/fr\/wp-json\/wp\/v2\/pages"}],"about":[{"href":"https:\/\/inspecteurimmobiliere.com\/fr\/wp-json\/wp\/v2\/types\/page"}],"author":[{"embeddable":true,"href":"https:\/\/inspecteurimmobiliere.com\/fr\/wp-json\/wp\/v2\/users\/1"}],"replies":[{"embeddable":true,"href":"https:\/\/inspecteurimmobiliere.com\/fr\/wp-json\/wp\/v2\/comments?post=31"}],"version-history":[{"count":6,"href":"https:\/\/inspecteurimmobiliere.com\/fr\/wp-json\/wp\/v2\/pages\/31\/revisions"}],"predecessor-version":[{"id":856,"href":"https:\/\/inspecteurimmobiliere.com\/fr\/wp-json\/wp\/v2\/pages\/31\/revisions\/856"}],"wp:featuredmedia":[{"embeddable":true,"href":"https:\/\/inspecteurimmobiliere.com\/fr\/wp-json\/wp\/v2\/media\/836"}],"wp:attachment":[{"href":"https:\/\/inspecteurimmobiliere.com\/fr\/wp-json\/wp\/v2\/media?parent=31"}],"curies":[{"name":"wp","href":"https:\/\/api.w.org\/{rel}","templated":true}]}}