{"id":215,"date":"2022-09-21T20:14:13","date_gmt":"2022-09-22T00:14:13","guid":{"rendered":"https:\/\/inspecteurimmobiliere.com\/?page_id=215"},"modified":"2023-02-27T02:44:46","modified_gmt":"2023-02-27T07:44:46","slug":"service","status":"publish","type":"page","link":"https:\/\/inspecteurimmobiliere.com\/fr\/service\/","title":{"rendered":"Service"},"content":{"rendered":"<h2><span style=\"font-size: 24pt; font-family: georgia, palatino, serif;\"><strong>Ce Que Nous Observons:<\/strong><\/span><\/h2>\n<ul>\n<li><span style=\"font-size: 12pt; font-family: georgia, palatino, serif;\"><strong>Fondations<\/strong>: d\u00e9tecter les d\u00e9placements et les fissures<\/span><\/li>\n<li><span style=\"font-size: 12pt; font-family: georgia, palatino, serif;\"><strong>Structure accessible<\/strong>: \u00e9tat des planchers et des murs int\u00e9rieurs et ext\u00e9rieurs<\/span><\/li>\n<li><span style=\"font-size: 12pt; font-family: georgia, palatino, serif;\"><strong>Terrain<\/strong>: un terrain en pente (n\u00e9gative) est souvent synonyme d\u2019inondation<\/span><\/li>\n<li><span style=\"font-size: 12pt; font-family: georgia, palatino, serif;\"><strong>Entr\u00e9e de cours<\/strong>: \u00e9valuation de l\u2019\u00e9tat de l\u2019asphalte<\/span><\/li>\n<li><span style=\"font-size: 12pt; font-family: georgia, palatino, serif;\"><strong>Toiture<\/strong>: s\u2019assurer de son \u00e9tat et v\u00e9rifier s\u2019il y a n\u00e9cessit\u00e9 de changer le rev\u00eatement<\/span><\/li>\n<li><span style=\"font-size: 12pt; font-family: georgia, palatino, serif;\"><strong>Humidit\u00e9<\/strong>: mesurer le taux d\u2019humidit\u00e9, d\u00e9tecter les infiltrations d\u2019eau et la pr\u00e9sence de moisissures<\/span><\/li>\n<li><span style=\"font-size: 12pt; font-family: georgia, palatino, serif;\"><strong>Isolation<\/strong>: rep\u00e9rer les pertes de chaleur \u00e0 travers les portes et les fen\u00eatres<\/span><\/li>\n<li><span style=\"font-size: 12pt; font-family: georgia, palatino, serif;\"><strong>Plomberie<\/strong>: v\u00e9rifier l\u2019\u00e9tat des canalisations et du syst\u00e8me de plomberie en g\u00e9n\u00e9ral<\/span><\/li>\n<li><span style=\"font-size: 12pt; font-family: georgia, palatino, serif;\"><strong>Syst\u00e8me de chauffage<\/strong>: s\u2019assurer de son \u00e9tat et de l\u2019entretien requis<\/span><\/li>\n<li><span style=\"font-size: 12pt; font-family: georgia, palatino, serif;\"><strong>Syst\u00e8me \u00e9lectrique<\/strong>: conformit\u00e9 du panneau \u00e9lectrique et de l\u2019ensemble du syst\u00e8me<\/span><\/li>\n<li><span style=\"font-size: 12pt; font-family: georgia, palatino, serif;\"><strong>Ventilation<\/strong>: inspecter l\u2019\u00e9changeur d\u2019air, l\u2019air climatis\u00e9e murale ou la thermopompe qui pourraient repr\u00e9senter de grosses d\u00e9penses en cas de bris<\/span><\/li>\n<li><span style=\"font-size: 12pt; font-family: georgia, palatino, serif;\"><strong>\u00c9gouts et drains<\/strong>: branchements aux \u00e9gouts et pr\u00e9sence de substances nocives dans les drains<\/span><\/li>\n<\/ul>\n<h2><span style=\"font-size: 24pt; font-family: georgia, palatino, serif;\"><strong>Probl\u00e8mes Courants Dans Les Maisons:<\/strong><\/span><\/h2>\n<ul>\n<li><span style=\"font-size: 12pt; font-family: georgia, palatino, serif;\"><strong>D\u2019ocre ferreuse<\/strong> (pr\u00e9sence d\u2019oxyg\u00e8ne, d\u2019eau et de fer dans le sol combin\u00e9 \u00e0 la r\u00e9action de plusieurs bact\u00e9ries)<\/span><\/li>\n<li><span style=\"font-size: 12pt; font-family: georgia, palatino, serif;\"><strong>De Poly-B<\/strong> (compos\u00e9 de chlore, il cause une d\u00e9t\u00e9rioration pr\u00e9matur\u00e9e des tuyaux ce qui engendre des fuites)<\/span><\/li>\n<li><span style=\"font-size: 12pt; font-family: georgia, palatino, serif;\"><strong>De pyrite<\/strong> (qui provoque le gonflement du b\u00e9ton et de la pierre occasionnant des d\u00e9g\u00e2ts consid\u00e9rables \u00e0 la structure du b\u00e2timent)<\/span><\/li>\n<li><span style=\"font-size: 12pt; font-family: georgia, palatino, serif;\"><strong>De radon<\/strong> (un gaz nocif lors d\u2019une exposition \u00e0 long terme qui peut causer un cancer des poumons)<\/span><\/li>\n<li><span style=\"font-size: 12pt; font-family: georgia, palatino, serif;\"><strong>De vermiculite<\/strong> (un produit d\u2019isolation qui contient de l\u2019amiante amphibolique pouvant \u00eatre nocif pour la sant\u00e9).<\/span><\/li>\n<\/ul>","protected":false},"excerpt":{"rendered":"<p>Ce Que Nous Observons: Fondations: d\u00e9tecter les d\u00e9placements et les fissures Structure accessible: \u00e9tat des planchers et des murs int\u00e9rieurs et ext\u00e9rieurs Terrain: un terrain en pente (n\u00e9gative) est souvent synonyme d\u2019inondation Entr\u00e9e de cours: \u00e9valuation de l\u2019\u00e9tat de l\u2019asphalte Toiture: s\u2019assurer de son \u00e9tat et v\u00e9rifier s\u2019il y a [&hellip;]<\/p>\n","protected":false},"author":1,"featured_media":550,"parent":0,"menu_order":0,"comment_status":"closed","ping_status":"closed","template":"","meta":{"_themeisle_gutenberg_block_has_review":false,"footnotes":""},"class_list":["post-215","page","type-page","status-publish","has-post-thumbnail","hentry"],"yoast_head":"<!-- This site is optimized with the Yoast SEO plugin v27.2 - https:\/\/yoast.com\/product\/yoast-seo-wordpress\/ -->\n<title>Service - inspecteur immobiliere<\/title>\n<meta name=\"robots\" content=\"index, follow, max-snippet:-1, max-image-preview:large, max-video-preview:-1\" \/>\n<link rel=\"canonical\" href=\"https:\/\/inspecteurimmobiliere.com\/fr\/service\/\" \/>\n<meta property=\"og:locale\" content=\"fr_CA\" \/>\n<meta property=\"og:type\" content=\"article\" \/>\n<meta property=\"og:title\" content=\"Service - inspecteur immobiliere\" \/>\n<meta property=\"og:description\" content=\"Ce Que Nous Observons: Fondations: d\u00e9tecter les d\u00e9placements et les fissures Structure accessible: \u00e9tat des planchers et des murs int\u00e9rieurs et ext\u00e9rieurs Terrain: un terrain en pente (n\u00e9gative) est souvent synonyme d\u2019inondation Entr\u00e9e de cours: \u00e9valuation de l\u2019\u00e9tat de l\u2019asphalte Toiture: s\u2019assurer de son \u00e9tat et v\u00e9rifier s\u2019il y a [&hellip;]\" \/>\n<meta property=\"og:url\" content=\"https:\/\/inspecteurimmobiliere.com\/fr\/service\/\" \/>\n<meta property=\"og:site_name\" content=\"inspecteur immobiliere\" \/>\n<meta property=\"article:modified_time\" content=\"2023-02-27T07:44:46+00:00\" \/>\n<meta property=\"og:image\" content=\"https:\/\/inspecteurimmobiliere.com\/wp-content\/uploads\/2023\/02\/cropped-french-CMI-Logo-1.png\" \/>\n\t<meta property=\"og:image:width\" content=\"512\" \/>\n\t<meta property=\"og:image:height\" content=\"512\" \/>\n\t<meta property=\"og:image:type\" content=\"image\/png\" \/>\n<meta name=\"twitter:card\" content=\"summary_large_image\" \/>\n<meta name=\"twitter:label1\" content=\"Estimation du temps de lecture\" \/>\n\t<meta name=\"twitter:data1\" content=\"2 minutes\" \/>\n<script type=\"application\/ld+json\" class=\"yoast-schema-graph\">{\"@context\":\"https:\/\/schema.org\",\"@graph\":[{\"@type\":\"WebPage\",\"@id\":\"https:\/\/inspecteurimmobiliere.com\/fr\/service\/\",\"url\":\"https:\/\/inspecteurimmobiliere.com\/fr\/service\/\",\"name\":\"Service - inspecteur immobiliere\",\"isPartOf\":{\"@id\":\"https:\/\/inspecteurimmobiliere.com\/fr\/#website\"},\"primaryImageOfPage\":{\"@id\":\"https:\/\/inspecteurimmobiliere.com\/fr\/service\/#primaryimage\"},\"image\":{\"@id\":\"https:\/\/inspecteurimmobiliere.com\/fr\/service\/#primaryimage\"},\"thumbnailUrl\":\"https:\/\/inspecteurimmobiliere.com\/wp-content\/uploads\/2023\/02\/cropped-french-CMI-Logo-1.png\",\"datePublished\":\"2022-09-22T00:14:13+00:00\",\"dateModified\":\"2023-02-27T07:44:46+00:00\",\"breadcrumb\":{\"@id\":\"https:\/\/inspecteurimmobiliere.com\/fr\/service\/#breadcrumb\"},\"inLanguage\":\"fr-CA\",\"potentialAction\":[{\"@type\":\"ReadAction\",\"target\":[\"https:\/\/inspecteurimmobiliere.com\/fr\/service\/\"]}]},{\"@type\":\"ImageObject\",\"inLanguage\":\"fr-CA\",\"@id\":\"https:\/\/inspecteurimmobiliere.com\/fr\/service\/#primaryimage\",\"url\":\"https:\/\/inspecteurimmobiliere.com\/wp-content\/uploads\/2023\/02\/cropped-french-CMI-Logo-1.png\",\"contentUrl\":\"https:\/\/inspecteurimmobiliere.com\/wp-content\/uploads\/2023\/02\/cropped-french-CMI-Logo-1.png\",\"width\":512,\"height\":512},{\"@type\":\"BreadcrumbList\",\"@id\":\"https:\/\/inspecteurimmobiliere.com\/fr\/service\/#breadcrumb\",\"itemListElement\":[{\"@type\":\"ListItem\",\"position\":1,\"name\":\"Home\",\"item\":\"https:\/\/inspecteurimmobiliere.com\/\"},{\"@type\":\"ListItem\",\"position\":2,\"name\":\"Service\"}]},{\"@type\":\"WebSite\",\"@id\":\"https:\/\/inspecteurimmobiliere.com\/fr\/#website\",\"url\":\"https:\/\/inspecteurimmobiliere.com\/fr\/\",\"name\":\"inspecteur immobiliere\",\"description\":\"Honorer l&#039;int\u00e9grit\u00e9 et la transparence\",\"publisher\":{\"@id\":\"https:\/\/inspecteurimmobiliere.com\/fr\/#organization\"},\"potentialAction\":[{\"@type\":\"SearchAction\",\"target\":{\"@type\":\"EntryPoint\",\"urlTemplate\":\"https:\/\/inspecteurimmobiliere.com\/fr\/?s={search_term_string}\"},\"query-input\":{\"@type\":\"PropertyValueSpecification\",\"valueRequired\":true,\"valueName\":\"search_term_string\"}}],\"inLanguage\":\"fr-CA\"},{\"@type\":\"Organization\",\"@id\":\"https:\/\/inspecteurimmobiliere.com\/fr\/#organization\",\"name\":\"inspecteur immobiliere\",\"url\":\"https:\/\/inspecteurimmobiliere.com\/fr\/\",\"logo\":{\"@type\":\"ImageObject\",\"inLanguage\":\"fr-CA\",\"@id\":\"https:\/\/inspecteurimmobiliere.com\/fr\/#\/schema\/logo\/image\/\",\"url\":\"https:\/\/inspecteurimmobiliere.com\/wp-content\/uploads\/2023\/04\/cropped-Blue-Creative-Real-Estate-Free-Logo.png\",\"contentUrl\":\"https:\/\/inspecteurimmobiliere.com\/wp-content\/uploads\/2023\/04\/cropped-Blue-Creative-Real-Estate-Free-Logo.png\",\"width\":498,\"height\":334,\"caption\":\"inspecteur immobiliere\"},\"image\":{\"@id\":\"https:\/\/inspecteurimmobiliere.com\/fr\/#\/schema\/logo\/image\/\"}}]}<\/script>\n<!-- \/ Yoast SEO plugin. -->","yoast_head_json":{"title":"Service - inspecteur immobiliere","robots":{"index":"index","follow":"follow","max-snippet":"max-snippet:-1","max-image-preview":"max-image-preview:large","max-video-preview":"max-video-preview:-1"},"canonical":"https:\/\/inspecteurimmobiliere.com\/fr\/service\/","og_locale":"fr_CA","og_type":"article","og_title":"Service - inspecteur immobiliere","og_description":"Ce Que Nous Observons: Fondations: d\u00e9tecter les d\u00e9placements et les fissures Structure accessible: \u00e9tat des planchers et des murs int\u00e9rieurs et ext\u00e9rieurs Terrain: un terrain en pente (n\u00e9gative) est souvent synonyme d\u2019inondation Entr\u00e9e de cours: \u00e9valuation de l\u2019\u00e9tat de l\u2019asphalte Toiture: s\u2019assurer de son \u00e9tat et v\u00e9rifier s\u2019il y a [&hellip;]","og_url":"https:\/\/inspecteurimmobiliere.com\/fr\/service\/","og_site_name":"inspecteur immobiliere","article_modified_time":"2023-02-27T07:44:46+00:00","og_image":[{"width":512,"height":512,"url":"https:\/\/inspecteurimmobiliere.com\/wp-content\/uploads\/2023\/02\/cropped-french-CMI-Logo-1.png","type":"image\/png"}],"twitter_card":"summary_large_image","twitter_misc":{"Estimation du temps de lecture":"2 minutes"},"schema":{"@context":"https:\/\/schema.org","@graph":[{"@type":"WebPage","@id":"https:\/\/inspecteurimmobiliere.com\/fr\/service\/","url":"https:\/\/inspecteurimmobiliere.com\/fr\/service\/","name":"Service - inspecteur immobiliere","isPartOf":{"@id":"https:\/\/inspecteurimmobiliere.com\/fr\/#website"},"primaryImageOfPage":{"@id":"https:\/\/inspecteurimmobiliere.com\/fr\/service\/#primaryimage"},"image":{"@id":"https:\/\/inspecteurimmobiliere.com\/fr\/service\/#primaryimage"},"thumbnailUrl":"https:\/\/inspecteurimmobiliere.com\/wp-content\/uploads\/2023\/02\/cropped-french-CMI-Logo-1.png","datePublished":"2022-09-22T00:14:13+00:00","dateModified":"2023-02-27T07:44:46+00:00","breadcrumb":{"@id":"https:\/\/inspecteurimmobiliere.com\/fr\/service\/#breadcrumb"},"inLanguage":"fr-CA","potentialAction":[{"@type":"ReadAction","target":["https:\/\/inspecteurimmobiliere.com\/fr\/service\/"]}]},{"@type":"ImageObject","inLanguage":"fr-CA","@id":"https:\/\/inspecteurimmobiliere.com\/fr\/service\/#primaryimage","url":"https:\/\/inspecteurimmobiliere.com\/wp-content\/uploads\/2023\/02\/cropped-french-CMI-Logo-1.png","contentUrl":"https:\/\/inspecteurimmobiliere.com\/wp-content\/uploads\/2023\/02\/cropped-french-CMI-Logo-1.png","width":512,"height":512},{"@type":"BreadcrumbList","@id":"https:\/\/inspecteurimmobiliere.com\/fr\/service\/#breadcrumb","itemListElement":[{"@type":"ListItem","position":1,"name":"Home","item":"https:\/\/inspecteurimmobiliere.com\/"},{"@type":"ListItem","position":2,"name":"Service"}]},{"@type":"WebSite","@id":"https:\/\/inspecteurimmobiliere.com\/fr\/#website","url":"https:\/\/inspecteurimmobiliere.com\/fr\/","name":"inspecteur immobiliere","description":"Honorer l&#039;int\u00e9grit\u00e9 et la transparence","publisher":{"@id":"https:\/\/inspecteurimmobiliere.com\/fr\/#organization"},"potentialAction":[{"@type":"SearchAction","target":{"@type":"EntryPoint","urlTemplate":"https:\/\/inspecteurimmobiliere.com\/fr\/?s={search_term_string}"},"query-input":{"@type":"PropertyValueSpecification","valueRequired":true,"valueName":"search_term_string"}}],"inLanguage":"fr-CA"},{"@type":"Organization","@id":"https:\/\/inspecteurimmobiliere.com\/fr\/#organization","name":"inspecteur immobiliere","url":"https:\/\/inspecteurimmobiliere.com\/fr\/","logo":{"@type":"ImageObject","inLanguage":"fr-CA","@id":"https:\/\/inspecteurimmobiliere.com\/fr\/#\/schema\/logo\/image\/","url":"https:\/\/inspecteurimmobiliere.com\/wp-content\/uploads\/2023\/04\/cropped-Blue-Creative-Real-Estate-Free-Logo.png","contentUrl":"https:\/\/inspecteurimmobiliere.com\/wp-content\/uploads\/2023\/04\/cropped-Blue-Creative-Real-Estate-Free-Logo.png","width":498,"height":334,"caption":"inspecteur immobiliere"},"image":{"@id":"https:\/\/inspecteurimmobiliere.com\/fr\/#\/schema\/logo\/image\/"}}]}},"_links":{"self":[{"href":"https:\/\/inspecteurimmobiliere.com\/fr\/wp-json\/wp\/v2\/pages\/215","targetHints":{"allow":["GET"]}}],"collection":[{"href":"https:\/\/inspecteurimmobiliere.com\/fr\/wp-json\/wp\/v2\/pages"}],"about":[{"href":"https:\/\/inspecteurimmobiliere.com\/fr\/wp-json\/wp\/v2\/types\/page"}],"author":[{"embeddable":true,"href":"https:\/\/inspecteurimmobiliere.com\/fr\/wp-json\/wp\/v2\/users\/1"}],"replies":[{"embeddable":true,"href":"https:\/\/inspecteurimmobiliere.com\/fr\/wp-json\/wp\/v2\/comments?post=215"}],"version-history":[{"count":4,"href":"https:\/\/inspecteurimmobiliere.com\/fr\/wp-json\/wp\/v2\/pages\/215\/revisions"}],"predecessor-version":[{"id":648,"href":"https:\/\/inspecteurimmobiliere.com\/fr\/wp-json\/wp\/v2\/pages\/215\/revisions\/648"}],"wp:featuredmedia":[{"embeddable":true,"href":"https:\/\/inspecteurimmobiliere.com\/fr\/wp-json\/wp\/v2\/media\/550"}],"wp:attachment":[{"href":"https:\/\/inspecteurimmobiliere.com\/fr\/wp-json\/wp\/v2\/media?parent=215"}],"curies":[{"name":"wp","href":"https:\/\/api.w.org\/{rel}","templated":true}]}}