{"id":205,"date":"2022-09-21T20:09:31","date_gmt":"2022-09-22T00:09:31","guid":{"rendered":"https:\/\/inspecteurimmobiliere.com\/?page_id=205"},"modified":"2023-02-27T17:35:39","modified_gmt":"2023-02-27T22:35:39","slug":"intrusion-dhumidite-montreal","status":"publish","type":"page","link":"https:\/\/inspecteurimmobiliere.com\/fr\/intrusion-dhumidite-montreal\/","title":{"rendered":"Intrusion d&#8217;humidit\u00e9"},"content":{"rendered":"<h2 id=\"tw-target-text\" class=\"tw-data-text tw-text-large tw-ta\" dir=\"ltr\" data-placeholder=\"Translation\"><strong><span style=\"font-family: georgia, palatino, serif;\"><span class=\"Y2IQFc\" lang=\"fr\">Intrusion d&#8217;humidit\u00e9<\/span> Montr\u00e9al<\/span><\/strong><\/h2>\n<p style=\"text-align: justify;\"><span style=\"font-family: georgia, palatino, serif;\">L\u2019intrusion d\u2019eau est le mouvement ind\u00e9sirable de l\u2019eau ou de la vapeur dans les zones de tout b\u00e2timent o\u00f9 elle peut ensuite causer des dommages.<\/span><\/p>\n<p style=\"text-align: justify;\"><span style=\"font-family: georgia, palatino, serif;\">\u00c0 titre d\u2019exemple, une fuite dans votre toit serait un exemple pr\u00e9cis d\u2019intrusion d\u2019eau, car elle constitue un empi\u00e8tement de l\u2019eau dans votre maison qui est \u00e0 la fois ind\u00e9sirable et potentiellement dommageable.<\/span><\/p>\n<p style=\"text-align: justify;\"><span style=\"font-family: georgia, palatino, serif;\">L\u2019intrusion d\u2019humidit\u00e9 peut \u00eatre la cause de d\u00e9fauts du b\u00e2timent, ainsi que de probl\u00e8mes de sant\u00e9 pour les occupants du b\u00e2timent. Les inspecteurs devraient avoir au moins une compr\u00e9hension de base de la fa\u00e7on dont l\u2019humidit\u00e9 peut p\u00e9n\u00e9trer dans un b\u00e2timent et de l\u2019endroit o\u00f9 les zones probl\u00e9matiques se produisent couramment.<\/span><\/p>\n<p><span style=\"font-family: georgia, palatino, serif;\"><strong>Certains probl\u00e8mes courants li\u00e9s \u00e0 l\u2019humidit\u00e9 comprennent:<\/strong><\/span><\/p>\n<p><span style=\"font-family: georgia, palatino, serif;\">structurale Pourriture du bois.<\/span><\/p>\n<p><span style=\"font-family: georgia, palatino, serif;\">humidit\u00e9 int\u00e9rieure \u00e9lev\u00e9e et condensation qui en r\u00e9sulte.<\/span><\/p>\n<p><span style=\"font-family: georgia, palatino, serif;\">un sol expansif, qui peut fissurer la fondation par des changements de volume, ou un sol ramolli, qui peut perdre sa capacit\u00e9 \u00e0 supporter une structure sus-jacente.<\/span><\/p>\n<p><span style=\"font-family: georgia, palatino, serif;\">a min\u00e9 les fondations.<\/span><\/p>\n<p><span style=\"font-family: georgia, palatino, serif;\">corrosion des m\u00e9taux.<\/span><\/p>\n<p><span style=\"font-family: georgia, palatino, serif;\">les barrages de glace; et<\/span><\/p>\n<p style=\"text-align: justify;\"><span style=\"font-family: georgia, palatino, serif;\">croissance de moisissures. \u00a0La moisissure ne peut se d\u00e9velopper qu\u2019en pr\u00e9sence de niveaux \u00e9lev\u00e9s d\u2019humidit\u00e9. Les personnes qui souffrent des conditions suivantes peuvent \u00eatre gravement (m\u00eame mortellement) bless\u00e9es si elles sont expos\u00e9es \u00e0 des niveaux \u00e9lev\u00e9s de spores de moisissures en suspension dans l\u2019air:<\/span><\/p>\n<p><span style=\"font-family: georgia, palatino, serif;\">asthme.<\/span><\/p>\n<p><span style=\"font-family: georgia, palatino, serif;\">Allergies.<\/span><\/p>\n<p><span style=\"font-family: georgia, palatino, serif;\">Maladie pulmonaire; et\/ou<\/span><\/p>\n<p><span style=\"font-family: georgia, palatino, serif;\">compromettre le syst\u00e8me immunitaire.<\/span><\/p>\n<p style=\"text-align: justify;\"><span style=\"font-family: georgia, palatino, serif;\">Remarque: Les personnes qui ne souffrent pas de ces affections peuvent tout de m\u00eame \u00eatre bless\u00e9es par des niveaux \u00e9lev\u00e9s de spores de moisissures en suspension dans l\u2019air.<\/span><\/p>\n<h2><span style=\"font-family: georgia, palatino, serif;\"><strong>Comment l\u2019humidit\u00e9 p\u00e9n\u00e8tre-t-elle dans la maison?<\/strong><\/span><\/h2>\n<p style=\"text-align: justify;\"><span style=\"font-family: georgia, palatino, serif;\">L\u2019humidit\u00e9 ou la vapeur d\u2019eau se d\u00e9place dans une maison des mani\u00e8res suivantes:<\/span><\/p>\n<p style=\"text-align: justify;\"><span style=\"font-family: georgia, palatino, serif;\">infiltration d\u2019air. Le mouvement de l\u2019air repr\u00e9sente plus de 98% de tous les mouvements de vapeur d\u2019eau dans les cavit\u00e9s des b\u00e2timents. L\u2019air se d\u00e9place naturellement des zones \u00e0 haute pression vers les zones plus basses par le chemin le plus facile possible, comme un trou ou une fissure dans l\u2019enveloppe du b\u00e2timent. Le transfert d\u2019humidit\u00e9 par les courants d\u2019air est rapide (de l\u2019ordre de plusieurs centaines de pieds cubes d\u2019air par minute). L\u2019air de remplacement s\u2019infiltrer \u00e0 travers l\u2019enveloppe du b\u00e2timent \u00e0 moins que les voies d\u2019air involontaires ne soient scell\u00e9es de fa\u00e7on prudente et permanente.<\/span><\/p>\n<p style=\"text-align: justify;\"><span style=\"font-family: georgia, palatino, serif;\">par diffusion \u00e0 travers les mat\u00e9riaux de construction. La plupart des mat\u00e9riaux de construction ralentissent la diffusion de l\u2019humidit\u00e9, dans une large mesure, bien qu\u2019ils ne l\u2019arr\u00eatent jamais compl\u00e8tement.<\/span><\/p>\n<p><span style=\"font-family: georgia, palatino, serif;\">fuites du toit.<\/span><\/p>\n<p><span style=\"font-family: georgia, palatino, serif;\">fuites de plomberie.<\/span><\/p>\n<p style=\"text-align: justify;\"><span style=\"font-family: georgia, palatino, serif;\">les inondations, qui peuvent \u00eatre caus\u00e9es par l\u2019infiltration caus\u00e9e par le ruissellement ou la mont\u00e9e des eaux souterraines; elle peut \u00eatre saisonni\u00e8re ou catastrophique; et<\/span><\/p>\n<p style=\"text-align: justify;\"><span style=\"font-family: georgia, palatino, serif;\">les activit\u00e9s humaines, y compris le bain, la cuisine, le lavage de la vaisselle et le lavage des v\u00eatements. Les plantes d\u2019int\u00e9rieur peuvent \u00e9galement \u00eatre une source importante de niveaux \u00e9lev\u00e9s d\u2019humidit\u00e9.<\/span><\/p>","protected":false},"excerpt":{"rendered":"<p>Intrusion d&#8217;humidit\u00e9 Montr\u00e9al L\u2019intrusion d\u2019eau est le mouvement ind\u00e9sirable de l\u2019eau ou de la vapeur dans les zones de tout b\u00e2timent o\u00f9 elle peut ensuite causer des dommages. \u00c0 titre d\u2019exemple, une fuite dans votre toit serait un exemple pr\u00e9cis d\u2019intrusion d\u2019eau, car elle constitue un empi\u00e8tement de l\u2019eau dans [&hellip;]<\/p>\n","protected":false},"author":1,"featured_media":697,"parent":0,"menu_order":0,"comment_status":"closed","ping_status":"closed","template":"","meta":{"_themeisle_gutenberg_block_has_review":false,"footnotes":""},"class_list":["post-205","page","type-page","status-publish","has-post-thumbnail","hentry"],"yoast_head":"<!-- This site is optimized with the Yoast SEO plugin v27.2 - https:\/\/yoast.com\/product\/yoast-seo-wordpress\/ -->\n<title>Intrusion d&#039;humidit\u00e9 | inspecteur immobiliere<\/title>\n<meta name=\"description\" content=\"Intrusion d&#039;humidit\u00e9 Montr\u00e9al\" \/>\n<meta name=\"robots\" content=\"index, follow, max-snippet:-1, max-image-preview:large, max-video-preview:-1\" \/>\n<link rel=\"canonical\" href=\"https:\/\/inspecteurimmobiliere.com\/fr\/intrusion-dhumidite-montreal\/\" \/>\n<meta property=\"og:locale\" content=\"fr_CA\" \/>\n<meta property=\"og:type\" content=\"article\" \/>\n<meta property=\"og:title\" content=\"Intrusion d&#039;humidit\u00e9 | inspecteur immobiliere\" \/>\n<meta property=\"og:description\" content=\"Intrusion d&#039;humidit\u00e9 Montr\u00e9al\" \/>\n<meta property=\"og:url\" content=\"https:\/\/inspecteurimmobiliere.com\/fr\/intrusion-dhumidite-montreal\/\" \/>\n<meta property=\"og:site_name\" content=\"inspecteur immobiliere\" \/>\n<meta property=\"article:modified_time\" content=\"2023-02-27T22:35:39+00:00\" \/>\n<meta property=\"og:image\" content=\"https:\/\/inspecteurimmobiliere.com\/wp-content\/uploads\/2023\/02\/76-low-resolution-for-web-png-1546016979.png\" \/>\n\t<meta property=\"og:image:width\" content=\"600\" \/>\n\t<meta property=\"og:image:height\" content=\"600\" \/>\n\t<meta property=\"og:image:type\" content=\"image\/png\" \/>\n<meta name=\"twitter:card\" content=\"summary_large_image\" \/>\n<meta name=\"twitter:label1\" content=\"Estimation du temps de lecture\" \/>\n\t<meta name=\"twitter:data1\" content=\"3 minutes\" \/>\n<script type=\"application\/ld+json\" class=\"yoast-schema-graph\">{\"@context\":\"https:\/\/schema.org\",\"@graph\":[{\"@type\":\"WebPage\",\"@id\":\"https:\/\/inspecteurimmobiliere.com\/fr\/intrusion-dhumidite-montreal\/\",\"url\":\"https:\/\/inspecteurimmobiliere.com\/fr\/intrusion-dhumidite-montreal\/\",\"name\":\"Intrusion d'humidit\u00e9 | inspecteur immobiliere\",\"isPartOf\":{\"@id\":\"https:\/\/inspecteurimmobiliere.com\/fr\/#website\"},\"primaryImageOfPage\":{\"@id\":\"https:\/\/inspecteurimmobiliere.com\/fr\/intrusion-dhumidite-montreal\/#primaryimage\"},\"image\":{\"@id\":\"https:\/\/inspecteurimmobiliere.com\/fr\/intrusion-dhumidite-montreal\/#primaryimage\"},\"thumbnailUrl\":\"https:\/\/inspecteurimmobiliere.com\/wp-content\/uploads\/2023\/02\/76-low-resolution-for-web-png-1546016979.png\",\"datePublished\":\"2022-09-22T00:09:31+00:00\",\"dateModified\":\"2023-02-27T22:35:39+00:00\",\"description\":\"Intrusion d'humidit\u00e9 Montr\u00e9al\",\"breadcrumb\":{\"@id\":\"https:\/\/inspecteurimmobiliere.com\/fr\/intrusion-dhumidite-montreal\/#breadcrumb\"},\"inLanguage\":\"fr-CA\",\"potentialAction\":[{\"@type\":\"ReadAction\",\"target\":[\"https:\/\/inspecteurimmobiliere.com\/fr\/intrusion-dhumidite-montreal\/\"]}]},{\"@type\":\"ImageObject\",\"inLanguage\":\"fr-CA\",\"@id\":\"https:\/\/inspecteurimmobiliere.com\/fr\/intrusion-dhumidite-montreal\/#primaryimage\",\"url\":\"https:\/\/inspecteurimmobiliere.com\/wp-content\/uploads\/2023\/02\/76-low-resolution-for-web-png-1546016979.png\",\"contentUrl\":\"https:\/\/inspecteurimmobiliere.com\/wp-content\/uploads\/2023\/02\/76-low-resolution-for-web-png-1546016979.png\",\"width\":600,\"height\":600},{\"@type\":\"BreadcrumbList\",\"@id\":\"https:\/\/inspecteurimmobiliere.com\/fr\/intrusion-dhumidite-montreal\/#breadcrumb\",\"itemListElement\":[{\"@type\":\"ListItem\",\"position\":1,\"name\":\"Home\",\"item\":\"https:\/\/inspecteurimmobiliere.com\/\"},{\"@type\":\"ListItem\",\"position\":2,\"name\":\"Intrusion d&#8217;humidit\u00e9\"}]},{\"@type\":\"WebSite\",\"@id\":\"https:\/\/inspecteurimmobiliere.com\/fr\/#website\",\"url\":\"https:\/\/inspecteurimmobiliere.com\/fr\/\",\"name\":\"inspecteur immobiliere\",\"description\":\"Honorer l&#039;int\u00e9grit\u00e9 et la transparence\",\"publisher\":{\"@id\":\"https:\/\/inspecteurimmobiliere.com\/fr\/#organization\"},\"potentialAction\":[{\"@type\":\"SearchAction\",\"target\":{\"@type\":\"EntryPoint\",\"urlTemplate\":\"https:\/\/inspecteurimmobiliere.com\/fr\/?s={search_term_string}\"},\"query-input\":{\"@type\":\"PropertyValueSpecification\",\"valueRequired\":true,\"valueName\":\"search_term_string\"}}],\"inLanguage\":\"fr-CA\"},{\"@type\":\"Organization\",\"@id\":\"https:\/\/inspecteurimmobiliere.com\/fr\/#organization\",\"name\":\"inspecteur immobiliere\",\"url\":\"https:\/\/inspecteurimmobiliere.com\/fr\/\",\"logo\":{\"@type\":\"ImageObject\",\"inLanguage\":\"fr-CA\",\"@id\":\"https:\/\/inspecteurimmobiliere.com\/fr\/#\/schema\/logo\/image\/\",\"url\":\"https:\/\/inspecteurimmobiliere.com\/wp-content\/uploads\/2023\/04\/cropped-Blue-Creative-Real-Estate-Free-Logo.png\",\"contentUrl\":\"https:\/\/inspecteurimmobiliere.com\/wp-content\/uploads\/2023\/04\/cropped-Blue-Creative-Real-Estate-Free-Logo.png\",\"width\":498,\"height\":334,\"caption\":\"inspecteur immobiliere\"},\"image\":{\"@id\":\"https:\/\/inspecteurimmobiliere.com\/fr\/#\/schema\/logo\/image\/\"}}]}<\/script>\n<!-- \/ Yoast SEO plugin. -->","yoast_head_json":{"title":"Intrusion d'humidit\u00e9 | inspecteur immobiliere","description":"Intrusion d'humidit\u00e9 Montr\u00e9al","robots":{"index":"index","follow":"follow","max-snippet":"max-snippet:-1","max-image-preview":"max-image-preview:large","max-video-preview":"max-video-preview:-1"},"canonical":"https:\/\/inspecteurimmobiliere.com\/fr\/intrusion-dhumidite-montreal\/","og_locale":"fr_CA","og_type":"article","og_title":"Intrusion d'humidit\u00e9 | inspecteur immobiliere","og_description":"Intrusion d'humidit\u00e9 Montr\u00e9al","og_url":"https:\/\/inspecteurimmobiliere.com\/fr\/intrusion-dhumidite-montreal\/","og_site_name":"inspecteur immobiliere","article_modified_time":"2023-02-27T22:35:39+00:00","og_image":[{"width":600,"height":600,"url":"https:\/\/inspecteurimmobiliere.com\/wp-content\/uploads\/2023\/02\/76-low-resolution-for-web-png-1546016979.png","type":"image\/png"}],"twitter_card":"summary_large_image","twitter_misc":{"Estimation du temps de lecture":"3 minutes"},"schema":{"@context":"https:\/\/schema.org","@graph":[{"@type":"WebPage","@id":"https:\/\/inspecteurimmobiliere.com\/fr\/intrusion-dhumidite-montreal\/","url":"https:\/\/inspecteurimmobiliere.com\/fr\/intrusion-dhumidite-montreal\/","name":"Intrusion d'humidit\u00e9 | inspecteur immobiliere","isPartOf":{"@id":"https:\/\/inspecteurimmobiliere.com\/fr\/#website"},"primaryImageOfPage":{"@id":"https:\/\/inspecteurimmobiliere.com\/fr\/intrusion-dhumidite-montreal\/#primaryimage"},"image":{"@id":"https:\/\/inspecteurimmobiliere.com\/fr\/intrusion-dhumidite-montreal\/#primaryimage"},"thumbnailUrl":"https:\/\/inspecteurimmobiliere.com\/wp-content\/uploads\/2023\/02\/76-low-resolution-for-web-png-1546016979.png","datePublished":"2022-09-22T00:09:31+00:00","dateModified":"2023-02-27T22:35:39+00:00","description":"Intrusion d'humidit\u00e9 Montr\u00e9al","breadcrumb":{"@id":"https:\/\/inspecteurimmobiliere.com\/fr\/intrusion-dhumidite-montreal\/#breadcrumb"},"inLanguage":"fr-CA","potentialAction":[{"@type":"ReadAction","target":["https:\/\/inspecteurimmobiliere.com\/fr\/intrusion-dhumidite-montreal\/"]}]},{"@type":"ImageObject","inLanguage":"fr-CA","@id":"https:\/\/inspecteurimmobiliere.com\/fr\/intrusion-dhumidite-montreal\/#primaryimage","url":"https:\/\/inspecteurimmobiliere.com\/wp-content\/uploads\/2023\/02\/76-low-resolution-for-web-png-1546016979.png","contentUrl":"https:\/\/inspecteurimmobiliere.com\/wp-content\/uploads\/2023\/02\/76-low-resolution-for-web-png-1546016979.png","width":600,"height":600},{"@type":"BreadcrumbList","@id":"https:\/\/inspecteurimmobiliere.com\/fr\/intrusion-dhumidite-montreal\/#breadcrumb","itemListElement":[{"@type":"ListItem","position":1,"name":"Home","item":"https:\/\/inspecteurimmobiliere.com\/"},{"@type":"ListItem","position":2,"name":"Intrusion d&#8217;humidit\u00e9"}]},{"@type":"WebSite","@id":"https:\/\/inspecteurimmobiliere.com\/fr\/#website","url":"https:\/\/inspecteurimmobiliere.com\/fr\/","name":"inspecteur immobiliere","description":"Honorer l&#039;int\u00e9grit\u00e9 et la transparence","publisher":{"@id":"https:\/\/inspecteurimmobiliere.com\/fr\/#organization"},"potentialAction":[{"@type":"SearchAction","target":{"@type":"EntryPoint","urlTemplate":"https:\/\/inspecteurimmobiliere.com\/fr\/?s={search_term_string}"},"query-input":{"@type":"PropertyValueSpecification","valueRequired":true,"valueName":"search_term_string"}}],"inLanguage":"fr-CA"},{"@type":"Organization","@id":"https:\/\/inspecteurimmobiliere.com\/fr\/#organization","name":"inspecteur immobiliere","url":"https:\/\/inspecteurimmobiliere.com\/fr\/","logo":{"@type":"ImageObject","inLanguage":"fr-CA","@id":"https:\/\/inspecteurimmobiliere.com\/fr\/#\/schema\/logo\/image\/","url":"https:\/\/inspecteurimmobiliere.com\/wp-content\/uploads\/2023\/04\/cropped-Blue-Creative-Real-Estate-Free-Logo.png","contentUrl":"https:\/\/inspecteurimmobiliere.com\/wp-content\/uploads\/2023\/04\/cropped-Blue-Creative-Real-Estate-Free-Logo.png","width":498,"height":334,"caption":"inspecteur immobiliere"},"image":{"@id":"https:\/\/inspecteurimmobiliere.com\/fr\/#\/schema\/logo\/image\/"}}]}},"_links":{"self":[{"href":"https:\/\/inspecteurimmobiliere.com\/fr\/wp-json\/wp\/v2\/pages\/205","targetHints":{"allow":["GET"]}}],"collection":[{"href":"https:\/\/inspecteurimmobiliere.com\/fr\/wp-json\/wp\/v2\/pages"}],"about":[{"href":"https:\/\/inspecteurimmobiliere.com\/fr\/wp-json\/wp\/v2\/types\/page"}],"author":[{"embeddable":true,"href":"https:\/\/inspecteurimmobiliere.com\/fr\/wp-json\/wp\/v2\/users\/1"}],"replies":[{"embeddable":true,"href":"https:\/\/inspecteurimmobiliere.com\/fr\/wp-json\/wp\/v2\/comments?post=205"}],"version-history":[{"count":4,"href":"https:\/\/inspecteurimmobiliere.com\/fr\/wp-json\/wp\/v2\/pages\/205\/revisions"}],"predecessor-version":[{"id":700,"href":"https:\/\/inspecteurimmobiliere.com\/fr\/wp-json\/wp\/v2\/pages\/205\/revisions\/700"}],"wp:featuredmedia":[{"embeddable":true,"href":"https:\/\/inspecteurimmobiliere.com\/fr\/wp-json\/wp\/v2\/media\/697"}],"wp:attachment":[{"href":"https:\/\/inspecteurimmobiliere.com\/fr\/wp-json\/wp\/v2\/media?parent=205"}],"curies":[{"name":"wp","href":"https:\/\/api.w.org\/{rel}","templated":true}]}}