{"id":203,"date":"2022-09-21T20:08:34","date_gmt":"2022-09-22T00:08:34","guid":{"rendered":"https:\/\/inspecteurimmobiliere.com\/?page_id=203"},"modified":"2023-02-27T02:19:43","modified_gmt":"2023-02-27T07:19:43","slug":"inspection-de-maison-pre-vente","status":"publish","type":"page","link":"https:\/\/inspecteurimmobiliere.com\/fr\/inspection-de-maison-pre-vente\/","title":{"rendered":"Inspection de Maison Pre Vente"},"content":{"rendered":"<h2><strong><span style=\"font-family: georgia, palatino, serif;\">Inspection de Maison Pre Vente Montreal<\/span><\/strong><\/h2>\n<p id=\"tw-target-text\" class=\"tw-data-text tw-text-large tw-ta\" dir=\"ltr\" style=\"text-align: justify;\" data-placeholder=\"Translation\"><span class=\"Y2IQFc\" lang=\"fr\" style=\"font-family: georgia, palatino, serif;\">L&#8217;inspection pr\u00e9 vente a pour but de donner au vendeur des informations relatives sur l&#8217;immeuble qu&#8217;il envisage de vendre. Nous offrons une inspection visuelle et technique pour une tranquillit\u00e9 d&#8217;esprit. Les informations obtenues lors d&#8217;une inspection pr\u00e9 vente d&#8217;une maison, d&#8217;un condo ou d&#8217;un b\u00e2timent donnent au vendeur amplement d&#8217;espace pour apporter les corrections n\u00e9cessaires si n\u00e9cessaire, afin d&#8217;obtenir le prix qu&#8217;il cherche \u00e0 obtenir. Ils peuvent ensuite r\u00e9pertorier leur propri\u00e9t\u00e9 en cons\u00e9quence ou apporter les corrections n\u00e9cessaires \u00e0 leur maison, condo ou immeuble afin d&#8217;obtenir le prix indiqu\u00e9 sans surprises que l&#8217;inspection des acheteurs pourrait r\u00e9v\u00e9ler et laisser au vendeur des surprises qu&#8217;il peut ignorer. <\/span><\/p>\n<p class=\"tw-data-text tw-text-large tw-ta\" dir=\"ltr\" style=\"text-align: justify;\" data-placeholder=\"Translation\"><span class=\"Y2IQFc\" lang=\"fr\" style=\"font-family: georgia, palatino, serif;\">Ne le laissez pas au hasard. Une inspection pr\u00e9 vente est tr\u00e8s souvent n\u00e9glig\u00e9e. Nos prix sont n\u00e9gociables et nous offrons un service complet en lien avec une pr\u00e9 vente d&#8217;immeuble en copropri\u00e9t\u00e9 ou en inspection de b\u00e2timent. D\u00e9tection de moisissures V\u00e9rification de l&#8217;amiante Probl\u00e8mes li\u00e9s au code du b\u00e2timent, tous peuvent \u00eatre r\u00e9solus lors de l&#8217;inspection pr\u00e9 vente. Les rapports sont accessibles en 24-48 heures. Envoyez-nous un e-mail pour un devis.<\/span><\/p>","protected":false},"excerpt":{"rendered":"<p>Inspection de Maison Pre Vente Montreal L&#8217;inspection pr\u00e9 vente a pour but de donner au vendeur des informations relatives sur l&#8217;immeuble qu&#8217;il envisage de vendre. Nous offrons une inspection visuelle et technique pour une tranquillit\u00e9 d&#8217;esprit. Les informations obtenues lors d&#8217;une inspection pr\u00e9 vente d&#8217;une maison, d&#8217;un condo ou d&#8217;un [&hellip;]<\/p>\n","protected":false},"author":1,"featured_media":681,"parent":0,"menu_order":0,"comment_status":"closed","ping_status":"closed","template":"","meta":{"_themeisle_gutenberg_block_has_review":false,"footnotes":""},"class_list":["post-203","page","type-page","status-publish","has-post-thumbnail","hentry"],"yoast_head":"<!-- This site is optimized with the Yoast SEO plugin v27.2 - https:\/\/yoast.com\/product\/yoast-seo-wordpress\/ -->\n<title>Inspection de Maison Pre Vente - inspecteur immobiliere<\/title>\n<meta name=\"robots\" content=\"index, follow, max-snippet:-1, max-image-preview:large, max-video-preview:-1\" \/>\n<link rel=\"canonical\" href=\"https:\/\/inspecteurimmobiliere.com\/fr\/inspection-de-maison-pre-vente\/\" \/>\n<meta property=\"og:locale\" content=\"fr_CA\" \/>\n<meta property=\"og:type\" content=\"article\" \/>\n<meta property=\"og:title\" content=\"Inspection de Maison Pre Vente - inspecteur immobiliere\" \/>\n<meta property=\"og:description\" content=\"Inspection de Maison Pre Vente Montreal L&#8217;inspection pr\u00e9 vente a pour but de donner au vendeur des informations relatives sur l&#8217;immeuble qu&#8217;il envisage de vendre. Nous offrons une inspection visuelle et technique pour une tranquillit\u00e9 d&#8217;esprit. Les informations obtenues lors d&#8217;une inspection pr\u00e9 vente d&#8217;une maison, d&#8217;un condo ou d&#8217;un [&hellip;]\" \/>\n<meta property=\"og:url\" content=\"https:\/\/inspecteurimmobiliere.com\/fr\/inspection-de-maison-pre-vente\/\" \/>\n<meta property=\"og:site_name\" content=\"inspecteur immobiliere\" \/>\n<meta property=\"article:modified_time\" content=\"2023-02-27T07:19:43+00:00\" \/>\n<meta property=\"og:image\" content=\"https:\/\/inspecteurimmobiliere.com\/wp-content\/uploads\/2023\/02\/125-low-resolution-for-web-png-1547148657.png\" \/>\n\t<meta property=\"og:image:width\" content=\"600\" \/>\n\t<meta property=\"og:image:height\" content=\"600\" \/>\n\t<meta property=\"og:image:type\" content=\"image\/png\" \/>\n<meta name=\"twitter:card\" content=\"summary_large_image\" \/>\n<meta name=\"twitter:label1\" content=\"Estimation du temps de lecture\" \/>\n\t<meta name=\"twitter:data1\" content=\"1 minute\" \/>\n<script type=\"application\/ld+json\" class=\"yoast-schema-graph\">{\"@context\":\"https:\/\/schema.org\",\"@graph\":[{\"@type\":\"WebPage\",\"@id\":\"https:\/\/inspecteurimmobiliere.com\/fr\/inspection-de-maison-pre-vente\/\",\"url\":\"https:\/\/inspecteurimmobiliere.com\/fr\/inspection-de-maison-pre-vente\/\",\"name\":\"Inspection de Maison Pre Vente - inspecteur immobiliere\",\"isPartOf\":{\"@id\":\"https:\/\/inspecteurimmobiliere.com\/fr\/#website\"},\"primaryImageOfPage\":{\"@id\":\"https:\/\/inspecteurimmobiliere.com\/fr\/inspection-de-maison-pre-vente\/#primaryimage\"},\"image\":{\"@id\":\"https:\/\/inspecteurimmobiliere.com\/fr\/inspection-de-maison-pre-vente\/#primaryimage\"},\"thumbnailUrl\":\"https:\/\/inspecteurimmobiliere.com\/wp-content\/uploads\/2023\/02\/125-low-resolution-for-web-png-1547148657.png\",\"datePublished\":\"2022-09-22T00:08:34+00:00\",\"dateModified\":\"2023-02-27T07:19:43+00:00\",\"breadcrumb\":{\"@id\":\"https:\/\/inspecteurimmobiliere.com\/fr\/inspection-de-maison-pre-vente\/#breadcrumb\"},\"inLanguage\":\"fr-CA\",\"potentialAction\":[{\"@type\":\"ReadAction\",\"target\":[\"https:\/\/inspecteurimmobiliere.com\/fr\/inspection-de-maison-pre-vente\/\"]}]},{\"@type\":\"ImageObject\",\"inLanguage\":\"fr-CA\",\"@id\":\"https:\/\/inspecteurimmobiliere.com\/fr\/inspection-de-maison-pre-vente\/#primaryimage\",\"url\":\"https:\/\/inspecteurimmobiliere.com\/wp-content\/uploads\/2023\/02\/125-low-resolution-for-web-png-1547148657.png\",\"contentUrl\":\"https:\/\/inspecteurimmobiliere.com\/wp-content\/uploads\/2023\/02\/125-low-resolution-for-web-png-1547148657.png\",\"width\":600,\"height\":600},{\"@type\":\"BreadcrumbList\",\"@id\":\"https:\/\/inspecteurimmobiliere.com\/fr\/inspection-de-maison-pre-vente\/#breadcrumb\",\"itemListElement\":[{\"@type\":\"ListItem\",\"position\":1,\"name\":\"Home\",\"item\":\"https:\/\/inspecteurimmobiliere.com\/\"},{\"@type\":\"ListItem\",\"position\":2,\"name\":\"Inspection de Maison Pre Vente\"}]},{\"@type\":\"WebSite\",\"@id\":\"https:\/\/inspecteurimmobiliere.com\/fr\/#website\",\"url\":\"https:\/\/inspecteurimmobiliere.com\/fr\/\",\"name\":\"inspecteur immobiliere\",\"description\":\"Honorer l&#039;int\u00e9grit\u00e9 et la transparence\",\"publisher\":{\"@id\":\"https:\/\/inspecteurimmobiliere.com\/fr\/#organization\"},\"potentialAction\":[{\"@type\":\"SearchAction\",\"target\":{\"@type\":\"EntryPoint\",\"urlTemplate\":\"https:\/\/inspecteurimmobiliere.com\/fr\/?s={search_term_string}\"},\"query-input\":{\"@type\":\"PropertyValueSpecification\",\"valueRequired\":true,\"valueName\":\"search_term_string\"}}],\"inLanguage\":\"fr-CA\"},{\"@type\":\"Organization\",\"@id\":\"https:\/\/inspecteurimmobiliere.com\/fr\/#organization\",\"name\":\"inspecteur immobiliere\",\"url\":\"https:\/\/inspecteurimmobiliere.com\/fr\/\",\"logo\":{\"@type\":\"ImageObject\",\"inLanguage\":\"fr-CA\",\"@id\":\"https:\/\/inspecteurimmobiliere.com\/fr\/#\/schema\/logo\/image\/\",\"url\":\"https:\/\/inspecteurimmobiliere.com\/wp-content\/uploads\/2023\/04\/cropped-Blue-Creative-Real-Estate-Free-Logo.png\",\"contentUrl\":\"https:\/\/inspecteurimmobiliere.com\/wp-content\/uploads\/2023\/04\/cropped-Blue-Creative-Real-Estate-Free-Logo.png\",\"width\":498,\"height\":334,\"caption\":\"inspecteur immobiliere\"},\"image\":{\"@id\":\"https:\/\/inspecteurimmobiliere.com\/fr\/#\/schema\/logo\/image\/\"}}]}<\/script>\n<!-- \/ Yoast SEO plugin. -->","yoast_head_json":{"title":"Inspection de Maison Pre Vente - inspecteur immobiliere","robots":{"index":"index","follow":"follow","max-snippet":"max-snippet:-1","max-image-preview":"max-image-preview:large","max-video-preview":"max-video-preview:-1"},"canonical":"https:\/\/inspecteurimmobiliere.com\/fr\/inspection-de-maison-pre-vente\/","og_locale":"fr_CA","og_type":"article","og_title":"Inspection de Maison Pre Vente - inspecteur immobiliere","og_description":"Inspection de Maison Pre Vente Montreal L&#8217;inspection pr\u00e9 vente a pour but de donner au vendeur des informations relatives sur l&#8217;immeuble qu&#8217;il envisage de vendre. Nous offrons une inspection visuelle et technique pour une tranquillit\u00e9 d&#8217;esprit. Les informations obtenues lors d&#8217;une inspection pr\u00e9 vente d&#8217;une maison, d&#8217;un condo ou d&#8217;un [&hellip;]","og_url":"https:\/\/inspecteurimmobiliere.com\/fr\/inspection-de-maison-pre-vente\/","og_site_name":"inspecteur immobiliere","article_modified_time":"2023-02-27T07:19:43+00:00","og_image":[{"width":600,"height":600,"url":"https:\/\/inspecteurimmobiliere.com\/wp-content\/uploads\/2023\/02\/125-low-resolution-for-web-png-1547148657.png","type":"image\/png"}],"twitter_card":"summary_large_image","twitter_misc":{"Estimation du temps de lecture":"1 minute"},"schema":{"@context":"https:\/\/schema.org","@graph":[{"@type":"WebPage","@id":"https:\/\/inspecteurimmobiliere.com\/fr\/inspection-de-maison-pre-vente\/","url":"https:\/\/inspecteurimmobiliere.com\/fr\/inspection-de-maison-pre-vente\/","name":"Inspection de Maison Pre Vente - inspecteur immobiliere","isPartOf":{"@id":"https:\/\/inspecteurimmobiliere.com\/fr\/#website"},"primaryImageOfPage":{"@id":"https:\/\/inspecteurimmobiliere.com\/fr\/inspection-de-maison-pre-vente\/#primaryimage"},"image":{"@id":"https:\/\/inspecteurimmobiliere.com\/fr\/inspection-de-maison-pre-vente\/#primaryimage"},"thumbnailUrl":"https:\/\/inspecteurimmobiliere.com\/wp-content\/uploads\/2023\/02\/125-low-resolution-for-web-png-1547148657.png","datePublished":"2022-09-22T00:08:34+00:00","dateModified":"2023-02-27T07:19:43+00:00","breadcrumb":{"@id":"https:\/\/inspecteurimmobiliere.com\/fr\/inspection-de-maison-pre-vente\/#breadcrumb"},"inLanguage":"fr-CA","potentialAction":[{"@type":"ReadAction","target":["https:\/\/inspecteurimmobiliere.com\/fr\/inspection-de-maison-pre-vente\/"]}]},{"@type":"ImageObject","inLanguage":"fr-CA","@id":"https:\/\/inspecteurimmobiliere.com\/fr\/inspection-de-maison-pre-vente\/#primaryimage","url":"https:\/\/inspecteurimmobiliere.com\/wp-content\/uploads\/2023\/02\/125-low-resolution-for-web-png-1547148657.png","contentUrl":"https:\/\/inspecteurimmobiliere.com\/wp-content\/uploads\/2023\/02\/125-low-resolution-for-web-png-1547148657.png","width":600,"height":600},{"@type":"BreadcrumbList","@id":"https:\/\/inspecteurimmobiliere.com\/fr\/inspection-de-maison-pre-vente\/#breadcrumb","itemListElement":[{"@type":"ListItem","position":1,"name":"Home","item":"https:\/\/inspecteurimmobiliere.com\/"},{"@type":"ListItem","position":2,"name":"Inspection de Maison Pre Vente"}]},{"@type":"WebSite","@id":"https:\/\/inspecteurimmobiliere.com\/fr\/#website","url":"https:\/\/inspecteurimmobiliere.com\/fr\/","name":"inspecteur immobiliere","description":"Honorer l&#039;int\u00e9grit\u00e9 et la transparence","publisher":{"@id":"https:\/\/inspecteurimmobiliere.com\/fr\/#organization"},"potentialAction":[{"@type":"SearchAction","target":{"@type":"EntryPoint","urlTemplate":"https:\/\/inspecteurimmobiliere.com\/fr\/?s={search_term_string}"},"query-input":{"@type":"PropertyValueSpecification","valueRequired":true,"valueName":"search_term_string"}}],"inLanguage":"fr-CA"},{"@type":"Organization","@id":"https:\/\/inspecteurimmobiliere.com\/fr\/#organization","name":"inspecteur immobiliere","url":"https:\/\/inspecteurimmobiliere.com\/fr\/","logo":{"@type":"ImageObject","inLanguage":"fr-CA","@id":"https:\/\/inspecteurimmobiliere.com\/fr\/#\/schema\/logo\/image\/","url":"https:\/\/inspecteurimmobiliere.com\/wp-content\/uploads\/2023\/04\/cropped-Blue-Creative-Real-Estate-Free-Logo.png","contentUrl":"https:\/\/inspecteurimmobiliere.com\/wp-content\/uploads\/2023\/04\/cropped-Blue-Creative-Real-Estate-Free-Logo.png","width":498,"height":334,"caption":"inspecteur immobiliere"},"image":{"@id":"https:\/\/inspecteurimmobiliere.com\/fr\/#\/schema\/logo\/image\/"}}]}},"_links":{"self":[{"href":"https:\/\/inspecteurimmobiliere.com\/fr\/wp-json\/wp\/v2\/pages\/203","targetHints":{"allow":["GET"]}}],"collection":[{"href":"https:\/\/inspecteurimmobiliere.com\/fr\/wp-json\/wp\/v2\/pages"}],"about":[{"href":"https:\/\/inspecteurimmobiliere.com\/fr\/wp-json\/wp\/v2\/types\/page"}],"author":[{"embeddable":true,"href":"https:\/\/inspecteurimmobiliere.com\/fr\/wp-json\/wp\/v2\/users\/1"}],"replies":[{"embeddable":true,"href":"https:\/\/inspecteurimmobiliere.com\/fr\/wp-json\/wp\/v2\/comments?post=203"}],"version-history":[{"count":2,"href":"https:\/\/inspecteurimmobiliere.com\/fr\/wp-json\/wp\/v2\/pages\/203\/revisions"}],"predecessor-version":[{"id":680,"href":"https:\/\/inspecteurimmobiliere.com\/fr\/wp-json\/wp\/v2\/pages\/203\/revisions\/680"}],"wp:featuredmedia":[{"embeddable":true,"href":"https:\/\/inspecteurimmobiliere.com\/fr\/wp-json\/wp\/v2\/media\/681"}],"wp:attachment":[{"href":"https:\/\/inspecteurimmobiliere.com\/fr\/wp-json\/wp\/v2\/media?parent=203"}],"curies":[{"name":"wp","href":"https:\/\/api.w.org\/{rel}","templated":true}]}}