{"id":197,"date":"2022-09-21T20:05:03","date_gmt":"2022-09-22T00:05:03","guid":{"rendered":"https:\/\/inspecteurimmobiliere.com\/?page_id=197"},"modified":"2023-02-27T17:34:34","modified_gmt":"2023-02-27T22:34:34","slug":"inspection-electrique-montreal","status":"publish","type":"page","link":"https:\/\/inspecteurimmobiliere.com\/fr\/inspection-electrique-montreal\/","title":{"rendered":"Inspection \u00e9lectrique"},"content":{"rendered":"<h2><span style=\"font-family: georgia, palatino, serif;\"><span style=\"font-family: georgia, palatino, serif;\"><b>Inspection \u00e9lectrique Montr\u00e9al\u00a0<\/b><\/span><\/span><\/h2>\n<p style=\"text-align: justify;\"><span style=\"font-family: georgia, palatino, serif;\">Une inspection \u00e9lectrique peut contenir le type de c\u00e2blage \u00e0 l\u2019\u00e2ge du c\u00e2blage et du panneau \u00e9lectrique, la connexion ext\u00e9rieure et le compteur d\u2019\u00e9lectricit\u00e9 avec son joint ou son absence, la mise \u00e0 la terre est v\u00e9rifi\u00e9e et les prises sont v\u00e9rifi\u00e9es pour leur polarit\u00e9, <a href=\"https:\/\/inspectapedia.com\/electric\/Arc_Fault_Circuit_Breaker_Interruptors_AFCI.php\">les disjoncteurs AFCI<\/a> et \u00a0le <a href=\"https:\/\/simple.wikipedia.org\/wiki\/Residual-current_device\">disjoncteur GFCI<\/a> qui sont une n\u00e9cessit\u00e9 dans les maisons d\u2019aujourd\u2019hui ainsi qu\u2019un panneau minimum de 200 amp\u00e8res pour r\u00e9pondre aux demandes \u00e9nerg\u00e9tiques des maisons d\u2019aujourd\u2019hui.<\/span><\/p>\n<p style=\"text-align: justify;\"><span style=\"font-family: georgia, palatino, serif;\">Nous vous informons sur ces \u00e9l\u00e9ments et les \u00e9ventuelles lacunes. Dans certains condominiums, il y a des transformateurs et des sous-panneaux \u00e0 v\u00e9rifier.<\/span><\/p>\n<p style=\"text-align: justify;\"><span style=\"font-family: georgia, palatino, serif;\">Nous recherchons des lacunes, c\u2019est-\u00e0-dire un disjoncteur qui s\u2019arr\u00eate en raison de l\u2019usure ou de la charge. Briseurs manquants et espaces vides, installation d\u2019une sonnette dans le panneau, la mise \u00e0 la terre du panneau, etc.<\/span><\/p>\n<p style=\"text-align: justify;\"><span style=\"font-family: georgia, palatino, serif;\">Certains panneaux \u00e9lectriques ont \u00e9t\u00e9 abandonn\u00e9s, c\u2019est-\u00e0-dire <a href=\"https:\/\/inspectapedia.com\/fpe\/FPE_Stab_Lok_Hazards.php\">Federal Pacific<\/a>. \u00a0<a href=\"https:\/\/en.wikipedia.org\/wiki\/Stab-Lok\">Stab-Lok<\/a><\/span><\/p>\n<p style=\"text-align: justify;\"><span style=\"font-family: georgia, palatino, serif;\">Dans ces cas, nous informerons le client de ces probl\u00e8mes auxquels il pourrait \u00eatre confront\u00e9 et de la meilleure solution \u00e0 l\u2019avenir.<\/span><\/p>\n<p style=\"text-align: justify;\"><span style=\"font-family: georgia, palatino, serif;\">Lorsque nous offrons une inspection \u00e9lectrique d\u00e9taill\u00e9e, nous sommes certifi\u00e9s par InterNACHI et pouvons \u00eatre v\u00e9rifi\u00e9s avec ce lien <a href=\"https:\/\/www.nachi.org\/my\/webseals\">https:\/\/www.nachi.org\/my\/webseals<\/a>.<\/span><\/p>\n<p style=\"text-align: justify;\"><span style=\"font-family: georgia, palatino, serif;\">Pour votre tranquillit\u00e9 d\u2019esprit, n\u2019h\u00e9sitez pas \u00e0 nous appeler pour une consultation.<\/span><\/p>","protected":false},"excerpt":{"rendered":"<p>Inspection \u00e9lectrique Montr\u00e9al\u00a0 Une inspection \u00e9lectrique peut contenir le type de c\u00e2blage \u00e0 l\u2019\u00e2ge du c\u00e2blage et du panneau \u00e9lectrique, la connexion ext\u00e9rieure et le compteur d\u2019\u00e9lectricit\u00e9 avec son joint ou son absence, la mise \u00e0 la terre est v\u00e9rifi\u00e9e et les prises sont v\u00e9rifi\u00e9es pour leur polarit\u00e9, les disjoncteurs [&hellip;]<\/p>\n","protected":false},"author":1,"featured_media":679,"parent":0,"menu_order":0,"comment_status":"closed","ping_status":"closed","template":"","meta":{"_themeisle_gutenberg_block_has_review":false,"footnotes":""},"class_list":["post-197","page","type-page","status-publish","has-post-thumbnail","hentry"],"yoast_head":"<!-- This site is optimized with the Yoast SEO plugin v27.2 - https:\/\/yoast.com\/product\/yoast-seo-wordpress\/ -->\n<title>Inspection \u00e9lectrique Montreal | inspecteur immobiliere<\/title>\n<meta name=\"description\" content=\"Inspection \u00e9lectrique Montr\u00e9al\u00a0\" \/>\n<meta name=\"robots\" content=\"index, follow, max-snippet:-1, max-image-preview:large, max-video-preview:-1\" \/>\n<link rel=\"canonical\" href=\"https:\/\/inspecteurimmobiliere.com\/fr\/inspection-electrique-montreal\/\" \/>\n<meta property=\"og:locale\" content=\"fr_CA\" \/>\n<meta property=\"og:type\" content=\"article\" \/>\n<meta property=\"og:title\" content=\"Inspection \u00e9lectrique Montreal | inspecteur immobiliere\" \/>\n<meta property=\"og:description\" content=\"Inspection \u00e9lectrique Montr\u00e9al\u00a0\" \/>\n<meta property=\"og:url\" content=\"https:\/\/inspecteurimmobiliere.com\/fr\/inspection-electrique-montreal\/\" \/>\n<meta property=\"og:site_name\" content=\"inspecteur immobiliere\" \/>\n<meta property=\"article:modified_time\" content=\"2023-02-27T22:34:34+00:00\" \/>\n<meta property=\"og:image\" content=\"https:\/\/inspecteurimmobiliere.com\/wp-content\/uploads\/2023\/02\/128-low-resolution-for-web-png-1547837225.png\" \/>\n\t<meta property=\"og:image:width\" content=\"600\" \/>\n\t<meta property=\"og:image:height\" content=\"600\" \/>\n\t<meta property=\"og:image:type\" content=\"image\/png\" \/>\n<meta name=\"twitter:card\" content=\"summary_large_image\" \/>\n<meta name=\"twitter:label1\" content=\"Estimation du temps de lecture\" \/>\n\t<meta name=\"twitter:data1\" content=\"1 minute\" \/>\n<script type=\"application\/ld+json\" class=\"yoast-schema-graph\">{\"@context\":\"https:\/\/schema.org\",\"@graph\":[{\"@type\":\"WebPage\",\"@id\":\"https:\/\/inspecteurimmobiliere.com\/fr\/inspection-electrique-montreal\/\",\"url\":\"https:\/\/inspecteurimmobiliere.com\/fr\/inspection-electrique-montreal\/\",\"name\":\"Inspection \u00e9lectrique Montreal | inspecteur immobiliere\",\"isPartOf\":{\"@id\":\"https:\/\/inspecteurimmobiliere.com\/fr\/#website\"},\"primaryImageOfPage\":{\"@id\":\"https:\/\/inspecteurimmobiliere.com\/fr\/inspection-electrique-montreal\/#primaryimage\"},\"image\":{\"@id\":\"https:\/\/inspecteurimmobiliere.com\/fr\/inspection-electrique-montreal\/#primaryimage\"},\"thumbnailUrl\":\"https:\/\/inspecteurimmobiliere.com\/wp-content\/uploads\/2023\/02\/128-low-resolution-for-web-png-1547837225.png\",\"datePublished\":\"2022-09-22T00:05:03+00:00\",\"dateModified\":\"2023-02-27T22:34:34+00:00\",\"description\":\"Inspection \u00e9lectrique Montr\u00e9al\u00a0\",\"breadcrumb\":{\"@id\":\"https:\/\/inspecteurimmobiliere.com\/fr\/inspection-electrique-montreal\/#breadcrumb\"},\"inLanguage\":\"fr-CA\",\"potentialAction\":[{\"@type\":\"ReadAction\",\"target\":[\"https:\/\/inspecteurimmobiliere.com\/fr\/inspection-electrique-montreal\/\"]}]},{\"@type\":\"ImageObject\",\"inLanguage\":\"fr-CA\",\"@id\":\"https:\/\/inspecteurimmobiliere.com\/fr\/inspection-electrique-montreal\/#primaryimage\",\"url\":\"https:\/\/inspecteurimmobiliere.com\/wp-content\/uploads\/2023\/02\/128-low-resolution-for-web-png-1547837225.png\",\"contentUrl\":\"https:\/\/inspecteurimmobiliere.com\/wp-content\/uploads\/2023\/02\/128-low-resolution-for-web-png-1547837225.png\",\"width\":600,\"height\":600},{\"@type\":\"BreadcrumbList\",\"@id\":\"https:\/\/inspecteurimmobiliere.com\/fr\/inspection-electrique-montreal\/#breadcrumb\",\"itemListElement\":[{\"@type\":\"ListItem\",\"position\":1,\"name\":\"Home\",\"item\":\"https:\/\/inspecteurimmobiliere.com\/\"},{\"@type\":\"ListItem\",\"position\":2,\"name\":\"Inspection \u00e9lectrique\"}]},{\"@type\":\"WebSite\",\"@id\":\"https:\/\/inspecteurimmobiliere.com\/fr\/#website\",\"url\":\"https:\/\/inspecteurimmobiliere.com\/fr\/\",\"name\":\"inspecteur immobiliere\",\"description\":\"Honorer l&#039;int\u00e9grit\u00e9 et la transparence\",\"publisher\":{\"@id\":\"https:\/\/inspecteurimmobiliere.com\/fr\/#organization\"},\"potentialAction\":[{\"@type\":\"SearchAction\",\"target\":{\"@type\":\"EntryPoint\",\"urlTemplate\":\"https:\/\/inspecteurimmobiliere.com\/fr\/?s={search_term_string}\"},\"query-input\":{\"@type\":\"PropertyValueSpecification\",\"valueRequired\":true,\"valueName\":\"search_term_string\"}}],\"inLanguage\":\"fr-CA\"},{\"@type\":\"Organization\",\"@id\":\"https:\/\/inspecteurimmobiliere.com\/fr\/#organization\",\"name\":\"inspecteur immobiliere\",\"url\":\"https:\/\/inspecteurimmobiliere.com\/fr\/\",\"logo\":{\"@type\":\"ImageObject\",\"inLanguage\":\"fr-CA\",\"@id\":\"https:\/\/inspecteurimmobiliere.com\/fr\/#\/schema\/logo\/image\/\",\"url\":\"https:\/\/inspecteurimmobiliere.com\/wp-content\/uploads\/2023\/04\/cropped-Blue-Creative-Real-Estate-Free-Logo.png\",\"contentUrl\":\"https:\/\/inspecteurimmobiliere.com\/wp-content\/uploads\/2023\/04\/cropped-Blue-Creative-Real-Estate-Free-Logo.png\",\"width\":498,\"height\":334,\"caption\":\"inspecteur immobiliere\"},\"image\":{\"@id\":\"https:\/\/inspecteurimmobiliere.com\/fr\/#\/schema\/logo\/image\/\"}}]}<\/script>\n<!-- \/ Yoast SEO plugin. -->","yoast_head_json":{"title":"Inspection \u00e9lectrique Montreal | inspecteur immobiliere","description":"Inspection \u00e9lectrique Montr\u00e9al\u00a0","robots":{"index":"index","follow":"follow","max-snippet":"max-snippet:-1","max-image-preview":"max-image-preview:large","max-video-preview":"max-video-preview:-1"},"canonical":"https:\/\/inspecteurimmobiliere.com\/fr\/inspection-electrique-montreal\/","og_locale":"fr_CA","og_type":"article","og_title":"Inspection \u00e9lectrique Montreal | inspecteur immobiliere","og_description":"Inspection \u00e9lectrique Montr\u00e9al\u00a0","og_url":"https:\/\/inspecteurimmobiliere.com\/fr\/inspection-electrique-montreal\/","og_site_name":"inspecteur immobiliere","article_modified_time":"2023-02-27T22:34:34+00:00","og_image":[{"width":600,"height":600,"url":"https:\/\/inspecteurimmobiliere.com\/wp-content\/uploads\/2023\/02\/128-low-resolution-for-web-png-1547837225.png","type":"image\/png"}],"twitter_card":"summary_large_image","twitter_misc":{"Estimation du temps de lecture":"1 minute"},"schema":{"@context":"https:\/\/schema.org","@graph":[{"@type":"WebPage","@id":"https:\/\/inspecteurimmobiliere.com\/fr\/inspection-electrique-montreal\/","url":"https:\/\/inspecteurimmobiliere.com\/fr\/inspection-electrique-montreal\/","name":"Inspection \u00e9lectrique Montreal | inspecteur immobiliere","isPartOf":{"@id":"https:\/\/inspecteurimmobiliere.com\/fr\/#website"},"primaryImageOfPage":{"@id":"https:\/\/inspecteurimmobiliere.com\/fr\/inspection-electrique-montreal\/#primaryimage"},"image":{"@id":"https:\/\/inspecteurimmobiliere.com\/fr\/inspection-electrique-montreal\/#primaryimage"},"thumbnailUrl":"https:\/\/inspecteurimmobiliere.com\/wp-content\/uploads\/2023\/02\/128-low-resolution-for-web-png-1547837225.png","datePublished":"2022-09-22T00:05:03+00:00","dateModified":"2023-02-27T22:34:34+00:00","description":"Inspection \u00e9lectrique Montr\u00e9al\u00a0","breadcrumb":{"@id":"https:\/\/inspecteurimmobiliere.com\/fr\/inspection-electrique-montreal\/#breadcrumb"},"inLanguage":"fr-CA","potentialAction":[{"@type":"ReadAction","target":["https:\/\/inspecteurimmobiliere.com\/fr\/inspection-electrique-montreal\/"]}]},{"@type":"ImageObject","inLanguage":"fr-CA","@id":"https:\/\/inspecteurimmobiliere.com\/fr\/inspection-electrique-montreal\/#primaryimage","url":"https:\/\/inspecteurimmobiliere.com\/wp-content\/uploads\/2023\/02\/128-low-resolution-for-web-png-1547837225.png","contentUrl":"https:\/\/inspecteurimmobiliere.com\/wp-content\/uploads\/2023\/02\/128-low-resolution-for-web-png-1547837225.png","width":600,"height":600},{"@type":"BreadcrumbList","@id":"https:\/\/inspecteurimmobiliere.com\/fr\/inspection-electrique-montreal\/#breadcrumb","itemListElement":[{"@type":"ListItem","position":1,"name":"Home","item":"https:\/\/inspecteurimmobiliere.com\/"},{"@type":"ListItem","position":2,"name":"Inspection \u00e9lectrique"}]},{"@type":"WebSite","@id":"https:\/\/inspecteurimmobiliere.com\/fr\/#website","url":"https:\/\/inspecteurimmobiliere.com\/fr\/","name":"inspecteur immobiliere","description":"Honorer l&#039;int\u00e9grit\u00e9 et la transparence","publisher":{"@id":"https:\/\/inspecteurimmobiliere.com\/fr\/#organization"},"potentialAction":[{"@type":"SearchAction","target":{"@type":"EntryPoint","urlTemplate":"https:\/\/inspecteurimmobiliere.com\/fr\/?s={search_term_string}"},"query-input":{"@type":"PropertyValueSpecification","valueRequired":true,"valueName":"search_term_string"}}],"inLanguage":"fr-CA"},{"@type":"Organization","@id":"https:\/\/inspecteurimmobiliere.com\/fr\/#organization","name":"inspecteur immobiliere","url":"https:\/\/inspecteurimmobiliere.com\/fr\/","logo":{"@type":"ImageObject","inLanguage":"fr-CA","@id":"https:\/\/inspecteurimmobiliere.com\/fr\/#\/schema\/logo\/image\/","url":"https:\/\/inspecteurimmobiliere.com\/wp-content\/uploads\/2023\/04\/cropped-Blue-Creative-Real-Estate-Free-Logo.png","contentUrl":"https:\/\/inspecteurimmobiliere.com\/wp-content\/uploads\/2023\/04\/cropped-Blue-Creative-Real-Estate-Free-Logo.png","width":498,"height":334,"caption":"inspecteur immobiliere"},"image":{"@id":"https:\/\/inspecteurimmobiliere.com\/fr\/#\/schema\/logo\/image\/"}}]}},"_links":{"self":[{"href":"https:\/\/inspecteurimmobiliere.com\/fr\/wp-json\/wp\/v2\/pages\/197","targetHints":{"allow":["GET"]}}],"collection":[{"href":"https:\/\/inspecteurimmobiliere.com\/fr\/wp-json\/wp\/v2\/pages"}],"about":[{"href":"https:\/\/inspecteurimmobiliere.com\/fr\/wp-json\/wp\/v2\/types\/page"}],"author":[{"embeddable":true,"href":"https:\/\/inspecteurimmobiliere.com\/fr\/wp-json\/wp\/v2\/users\/1"}],"replies":[{"embeddable":true,"href":"https:\/\/inspecteurimmobiliere.com\/fr\/wp-json\/wp\/v2\/comments?post=197"}],"version-history":[{"count":3,"href":"https:\/\/inspecteurimmobiliere.com\/fr\/wp-json\/wp\/v2\/pages\/197\/revisions"}],"predecessor-version":[{"id":693,"href":"https:\/\/inspecteurimmobiliere.com\/fr\/wp-json\/wp\/v2\/pages\/197\/revisions\/693"}],"wp:featuredmedia":[{"embeddable":true,"href":"https:\/\/inspecteurimmobiliere.com\/fr\/wp-json\/wp\/v2\/media\/679"}],"wp:attachment":[{"href":"https:\/\/inspecteurimmobiliere.com\/fr\/wp-json\/wp\/v2\/media?parent=197"}],"curies":[{"name":"wp","href":"https:\/\/api.w.org\/{rel}","templated":true}]}}