{"id":195,"date":"2022-09-21T20:04:08","date_gmt":"2022-09-22T00:04:08","guid":{"rendered":"https:\/\/inspecteurimmobiliere.com\/?page_id=195"},"modified":"2023-02-27T02:27:40","modified_gmt":"2023-02-27T07:27:40","slug":"inspection-duplex","status":"publish","type":"page","link":"https:\/\/inspecteurimmobiliere.com\/fr\/inspection-duplex\/","title":{"rendered":"Inspection Duplex"},"content":{"rendered":"<h2><span style=\"font-size: 24pt;\"><strong><span style=\"font-family: georgia, palatino, serif;\">Inspection Duplex Montr\u00e9al<\/span><\/strong><\/span><\/h2>\n<p style=\"text-align: justify;\"><span style=\"font-family: georgia, palatino, serif; font-size: 14pt;\">Nous offrons des inspections pr\u00e9 achat \u00e0 l&#8217;acheteur pour les duplex triplex et multiplex. Dans l&#8217;int\u00e9r\u00eat de tous les acheteurs, il est tr\u00e8s important de faire inspecter votre immeuble par un inspecteur et nous offrons la meilleure inspection de condo \u00e0 un tarif abordable. appelez-nous simplement pour un devis.<\/span><\/p>\n<p style=\"text-align: justify;\"><span style=\"font-family: georgia, palatino, serif; font-size: 14pt;\">Prot\u00e9ger votre entreprise avec une inspection pr\u00e9achat fait partie des lignes directrices de l&#8217;OACIQ et nous sommes l\u00e0 pour vous aider \u00e0 traverser la partie la plus importante de votre vie. Nous sommes des inspecteurs de condos dignes de confiance et professionnels.<\/span><\/p>\n<p style=\"text-align: justify;\"><span style=\"font-family: georgia, palatino, serif; font-size: 14pt;\">Nous offrons \u00e9galement des inspections pr\u00e9 vente au vendeur pour les duplex triplex et multiplex afin de faciliter l&#8217;exp\u00e9rience de vente et de d\u00e9tecter d&#8217;\u00e9ventuels probl\u00e8mes cach\u00e9s au moment de la vente.<\/span><\/p>","protected":false},"excerpt":{"rendered":"<p>Inspection Duplex Montr\u00e9al Nous offrons des inspections pr\u00e9 achat \u00e0 l&#8217;acheteur pour les duplex triplex et multiplex. Dans l&#8217;int\u00e9r\u00eat de tous les acheteurs, il est tr\u00e8s important de faire inspecter votre immeuble par un inspecteur et nous offrons la meilleure inspection de condo \u00e0 un tarif abordable. appelez-nous simplement pour [&hellip;]<\/p>\n","protected":false},"author":1,"featured_media":689,"parent":0,"menu_order":0,"comment_status":"closed","ping_status":"closed","template":"","meta":{"_themeisle_gutenberg_block_has_review":false,"footnotes":""},"class_list":["post-195","page","type-page","status-publish","has-post-thumbnail","hentry"],"yoast_head":"<!-- This site is optimized with the Yoast SEO plugin v27.2 - https:\/\/yoast.com\/product\/yoast-seo-wordpress\/ -->\n<title>Inspection Duplex - inspecteur immobiliere<\/title>\n<meta name=\"robots\" content=\"index, follow, max-snippet:-1, max-image-preview:large, max-video-preview:-1\" \/>\n<link rel=\"canonical\" href=\"https:\/\/inspecteurimmobiliere.com\/fr\/inspection-duplex\/\" \/>\n<meta property=\"og:locale\" content=\"fr_CA\" \/>\n<meta property=\"og:type\" content=\"article\" \/>\n<meta property=\"og:title\" content=\"Inspection Duplex - inspecteur immobiliere\" \/>\n<meta property=\"og:description\" content=\"Inspection Duplex Montr\u00e9al Nous offrons des inspections pr\u00e9 achat \u00e0 l&#8217;acheteur pour les duplex triplex et multiplex. Dans l&#8217;int\u00e9r\u00eat de tous les acheteurs, il est tr\u00e8s important de faire inspecter votre immeuble par un inspecteur et nous offrons la meilleure inspection de condo \u00e0 un tarif abordable. appelez-nous simplement pour [&hellip;]\" \/>\n<meta property=\"og:url\" content=\"https:\/\/inspecteurimmobiliere.com\/fr\/inspection-duplex\/\" \/>\n<meta property=\"og:site_name\" content=\"inspecteur immobiliere\" \/>\n<meta property=\"article:modified_time\" content=\"2023-02-27T07:27:40+00:00\" \/>\n<meta property=\"og:image\" content=\"https:\/\/inspecteurimmobiliere.com\/wp-content\/uploads\/2023\/02\/91-low-resolution-for-web-png-1546033375.png\" \/>\n\t<meta property=\"og:image:width\" content=\"600\" \/>\n\t<meta property=\"og:image:height\" content=\"600\" \/>\n\t<meta property=\"og:image:type\" content=\"image\/png\" \/>\n<meta name=\"twitter:card\" content=\"summary_large_image\" \/>\n<meta name=\"twitter:label1\" content=\"Estimation du temps de lecture\" \/>\n\t<meta name=\"twitter:data1\" content=\"1 minute\" \/>\n<script type=\"application\/ld+json\" class=\"yoast-schema-graph\">{\"@context\":\"https:\/\/schema.org\",\"@graph\":[{\"@type\":\"WebPage\",\"@id\":\"https:\/\/inspecteurimmobiliere.com\/fr\/inspection-duplex\/\",\"url\":\"https:\/\/inspecteurimmobiliere.com\/fr\/inspection-duplex\/\",\"name\":\"Inspection Duplex - inspecteur immobiliere\",\"isPartOf\":{\"@id\":\"https:\/\/inspecteurimmobiliere.com\/fr\/#website\"},\"primaryImageOfPage\":{\"@id\":\"https:\/\/inspecteurimmobiliere.com\/fr\/inspection-duplex\/#primaryimage\"},\"image\":{\"@id\":\"https:\/\/inspecteurimmobiliere.com\/fr\/inspection-duplex\/#primaryimage\"},\"thumbnailUrl\":\"https:\/\/inspecteurimmobiliere.com\/wp-content\/uploads\/2023\/02\/91-low-resolution-for-web-png-1546033375.png\",\"datePublished\":\"2022-09-22T00:04:08+00:00\",\"dateModified\":\"2023-02-27T07:27:40+00:00\",\"breadcrumb\":{\"@id\":\"https:\/\/inspecteurimmobiliere.com\/fr\/inspection-duplex\/#breadcrumb\"},\"inLanguage\":\"fr-CA\",\"potentialAction\":[{\"@type\":\"ReadAction\",\"target\":[\"https:\/\/inspecteurimmobiliere.com\/fr\/inspection-duplex\/\"]}]},{\"@type\":\"ImageObject\",\"inLanguage\":\"fr-CA\",\"@id\":\"https:\/\/inspecteurimmobiliere.com\/fr\/inspection-duplex\/#primaryimage\",\"url\":\"https:\/\/inspecteurimmobiliere.com\/wp-content\/uploads\/2023\/02\/91-low-resolution-for-web-png-1546033375.png\",\"contentUrl\":\"https:\/\/inspecteurimmobiliere.com\/wp-content\/uploads\/2023\/02\/91-low-resolution-for-web-png-1546033375.png\",\"width\":600,\"height\":600},{\"@type\":\"BreadcrumbList\",\"@id\":\"https:\/\/inspecteurimmobiliere.com\/fr\/inspection-duplex\/#breadcrumb\",\"itemListElement\":[{\"@type\":\"ListItem\",\"position\":1,\"name\":\"Home\",\"item\":\"https:\/\/inspecteurimmobiliere.com\/\"},{\"@type\":\"ListItem\",\"position\":2,\"name\":\"Inspection Duplex\"}]},{\"@type\":\"WebSite\",\"@id\":\"https:\/\/inspecteurimmobiliere.com\/fr\/#website\",\"url\":\"https:\/\/inspecteurimmobiliere.com\/fr\/\",\"name\":\"inspecteur immobiliere\",\"description\":\"Honorer l&#039;int\u00e9grit\u00e9 et la transparence\",\"publisher\":{\"@id\":\"https:\/\/inspecteurimmobiliere.com\/fr\/#organization\"},\"potentialAction\":[{\"@type\":\"SearchAction\",\"target\":{\"@type\":\"EntryPoint\",\"urlTemplate\":\"https:\/\/inspecteurimmobiliere.com\/fr\/?s={search_term_string}\"},\"query-input\":{\"@type\":\"PropertyValueSpecification\",\"valueRequired\":true,\"valueName\":\"search_term_string\"}}],\"inLanguage\":\"fr-CA\"},{\"@type\":\"Organization\",\"@id\":\"https:\/\/inspecteurimmobiliere.com\/fr\/#organization\",\"name\":\"inspecteur immobiliere\",\"url\":\"https:\/\/inspecteurimmobiliere.com\/fr\/\",\"logo\":{\"@type\":\"ImageObject\",\"inLanguage\":\"fr-CA\",\"@id\":\"https:\/\/inspecteurimmobiliere.com\/fr\/#\/schema\/logo\/image\/\",\"url\":\"https:\/\/inspecteurimmobiliere.com\/wp-content\/uploads\/2023\/04\/cropped-Blue-Creative-Real-Estate-Free-Logo.png\",\"contentUrl\":\"https:\/\/inspecteurimmobiliere.com\/wp-content\/uploads\/2023\/04\/cropped-Blue-Creative-Real-Estate-Free-Logo.png\",\"width\":498,\"height\":334,\"caption\":\"inspecteur immobiliere\"},\"image\":{\"@id\":\"https:\/\/inspecteurimmobiliere.com\/fr\/#\/schema\/logo\/image\/\"}}]}<\/script>\n<!-- \/ Yoast SEO plugin. -->","yoast_head_json":{"title":"Inspection Duplex - inspecteur immobiliere","robots":{"index":"index","follow":"follow","max-snippet":"max-snippet:-1","max-image-preview":"max-image-preview:large","max-video-preview":"max-video-preview:-1"},"canonical":"https:\/\/inspecteurimmobiliere.com\/fr\/inspection-duplex\/","og_locale":"fr_CA","og_type":"article","og_title":"Inspection Duplex - inspecteur immobiliere","og_description":"Inspection Duplex Montr\u00e9al Nous offrons des inspections pr\u00e9 achat \u00e0 l&#8217;acheteur pour les duplex triplex et multiplex. Dans l&#8217;int\u00e9r\u00eat de tous les acheteurs, il est tr\u00e8s important de faire inspecter votre immeuble par un inspecteur et nous offrons la meilleure inspection de condo \u00e0 un tarif abordable. appelez-nous simplement pour [&hellip;]","og_url":"https:\/\/inspecteurimmobiliere.com\/fr\/inspection-duplex\/","og_site_name":"inspecteur immobiliere","article_modified_time":"2023-02-27T07:27:40+00:00","og_image":[{"width":600,"height":600,"url":"https:\/\/inspecteurimmobiliere.com\/wp-content\/uploads\/2023\/02\/91-low-resolution-for-web-png-1546033375.png","type":"image\/png"}],"twitter_card":"summary_large_image","twitter_misc":{"Estimation du temps de lecture":"1 minute"},"schema":{"@context":"https:\/\/schema.org","@graph":[{"@type":"WebPage","@id":"https:\/\/inspecteurimmobiliere.com\/fr\/inspection-duplex\/","url":"https:\/\/inspecteurimmobiliere.com\/fr\/inspection-duplex\/","name":"Inspection Duplex - inspecteur immobiliere","isPartOf":{"@id":"https:\/\/inspecteurimmobiliere.com\/fr\/#website"},"primaryImageOfPage":{"@id":"https:\/\/inspecteurimmobiliere.com\/fr\/inspection-duplex\/#primaryimage"},"image":{"@id":"https:\/\/inspecteurimmobiliere.com\/fr\/inspection-duplex\/#primaryimage"},"thumbnailUrl":"https:\/\/inspecteurimmobiliere.com\/wp-content\/uploads\/2023\/02\/91-low-resolution-for-web-png-1546033375.png","datePublished":"2022-09-22T00:04:08+00:00","dateModified":"2023-02-27T07:27:40+00:00","breadcrumb":{"@id":"https:\/\/inspecteurimmobiliere.com\/fr\/inspection-duplex\/#breadcrumb"},"inLanguage":"fr-CA","potentialAction":[{"@type":"ReadAction","target":["https:\/\/inspecteurimmobiliere.com\/fr\/inspection-duplex\/"]}]},{"@type":"ImageObject","inLanguage":"fr-CA","@id":"https:\/\/inspecteurimmobiliere.com\/fr\/inspection-duplex\/#primaryimage","url":"https:\/\/inspecteurimmobiliere.com\/wp-content\/uploads\/2023\/02\/91-low-resolution-for-web-png-1546033375.png","contentUrl":"https:\/\/inspecteurimmobiliere.com\/wp-content\/uploads\/2023\/02\/91-low-resolution-for-web-png-1546033375.png","width":600,"height":600},{"@type":"BreadcrumbList","@id":"https:\/\/inspecteurimmobiliere.com\/fr\/inspection-duplex\/#breadcrumb","itemListElement":[{"@type":"ListItem","position":1,"name":"Home","item":"https:\/\/inspecteurimmobiliere.com\/"},{"@type":"ListItem","position":2,"name":"Inspection Duplex"}]},{"@type":"WebSite","@id":"https:\/\/inspecteurimmobiliere.com\/fr\/#website","url":"https:\/\/inspecteurimmobiliere.com\/fr\/","name":"inspecteur immobiliere","description":"Honorer l&#039;int\u00e9grit\u00e9 et la transparence","publisher":{"@id":"https:\/\/inspecteurimmobiliere.com\/fr\/#organization"},"potentialAction":[{"@type":"SearchAction","target":{"@type":"EntryPoint","urlTemplate":"https:\/\/inspecteurimmobiliere.com\/fr\/?s={search_term_string}"},"query-input":{"@type":"PropertyValueSpecification","valueRequired":true,"valueName":"search_term_string"}}],"inLanguage":"fr-CA"},{"@type":"Organization","@id":"https:\/\/inspecteurimmobiliere.com\/fr\/#organization","name":"inspecteur immobiliere","url":"https:\/\/inspecteurimmobiliere.com\/fr\/","logo":{"@type":"ImageObject","inLanguage":"fr-CA","@id":"https:\/\/inspecteurimmobiliere.com\/fr\/#\/schema\/logo\/image\/","url":"https:\/\/inspecteurimmobiliere.com\/wp-content\/uploads\/2023\/04\/cropped-Blue-Creative-Real-Estate-Free-Logo.png","contentUrl":"https:\/\/inspecteurimmobiliere.com\/wp-content\/uploads\/2023\/04\/cropped-Blue-Creative-Real-Estate-Free-Logo.png","width":498,"height":334,"caption":"inspecteur immobiliere"},"image":{"@id":"https:\/\/inspecteurimmobiliere.com\/fr\/#\/schema\/logo\/image\/"}}]}},"_links":{"self":[{"href":"https:\/\/inspecteurimmobiliere.com\/fr\/wp-json\/wp\/v2\/pages\/195","targetHints":{"allow":["GET"]}}],"collection":[{"href":"https:\/\/inspecteurimmobiliere.com\/fr\/wp-json\/wp\/v2\/pages"}],"about":[{"href":"https:\/\/inspecteurimmobiliere.com\/fr\/wp-json\/wp\/v2\/types\/page"}],"author":[{"embeddable":true,"href":"https:\/\/inspecteurimmobiliere.com\/fr\/wp-json\/wp\/v2\/users\/1"}],"replies":[{"embeddable":true,"href":"https:\/\/inspecteurimmobiliere.com\/fr\/wp-json\/wp\/v2\/comments?post=195"}],"version-history":[{"count":4,"href":"https:\/\/inspecteurimmobiliere.com\/fr\/wp-json\/wp\/v2\/pages\/195\/revisions"}],"predecessor-version":[{"id":691,"href":"https:\/\/inspecteurimmobiliere.com\/fr\/wp-json\/wp\/v2\/pages\/195\/revisions\/691"}],"wp:featuredmedia":[{"embeddable":true,"href":"https:\/\/inspecteurimmobiliere.com\/fr\/wp-json\/wp\/v2\/media\/689"}],"wp:attachment":[{"href":"https:\/\/inspecteurimmobiliere.com\/fr\/wp-json\/wp\/v2\/media?parent=195"}],"curies":[{"name":"wp","href":"https:\/\/api.w.org\/{rel}","templated":true}]}}