{"id":193,"date":"2022-09-21T20:03:07","date_gmt":"2022-09-22T00:03:07","guid":{"rendered":"https:\/\/inspecteurimmobiliere.com\/?page_id=193"},"modified":"2023-02-27T17:34:01","modified_gmt":"2023-02-27T22:34:01","slug":"inspection-du-toiture-montreal","status":"publish","type":"page","link":"https:\/\/inspecteurimmobiliere.com\/fr\/inspection-du-toiture-montreal\/","title":{"rendered":"Inspection du toiture"},"content":{"rendered":"<h2><strong><span style=\"font-size: 24pt; font-family: georgia, palatino, serif;\">Inspection de toiture Montr\u00e9al<\/span><\/strong><\/h2>\n<p style=\"text-align: justify;\"><span style=\"font-family: georgia, palatino, serif;\">La plupart des propri\u00e9t\u00e9s r\u00e9sidentielles telles que les bungalows, les chalets et autres maisons unifamiliales ont des toits en bardeaux d\u2019asphalte en pente ou des toits plats en goudron et en gravier, dans le cas des duplex et des triplex.<\/span><\/p>\n<p style=\"text-align: justify;\"><span style=\"font-family: georgia, palatino, serif;\">L\u2019objectif principal d\u2019une inspection de toiture est de v\u00e9rifier l\u2019\u00e9tat des mat\u00e9riaux de rev\u00eatement de toiture et de ses diff\u00e9rents composants. Lors de l\u2019inspection de la maison, selon le type de toit, nous montons sur le toit et inspections l\u2019usure des mat\u00e9riaux de rev\u00eatement. Notre inspecteur en b\u00e2timent inspectera \u00e9galement les syst\u00e8mes de drainage du toit et les conditions des solins. L\u2019inspection de la maison couvre \u00e9galement l\u2019observation de toutes les p\u00e9n\u00e9trations de toit telles que les puits de lumi\u00e8re, les chemin\u00e9es, les tuyaux d\u2019a\u00e9ration.<\/span><\/p>\n<p style=\"text-align: justify;\"><span style=\"font-family: georgia, palatino, serif;\">L\u2019inspection du toit est un \u00e9l\u00e9ment essentiel. L\u2019\u00e9tat de la toiture sera inspect\u00e9. L\u2019int\u00e9grit\u00e9 structurale de la toiture sera v\u00e9rifi\u00e9e ainsi que la ventilation du grenier. Une mauvaise ventilation du grenier pourrait fortement affecter la structure du toit et pourrait entra\u00eener la pourriture de la structure du toit.<\/span><\/p>\n<p style=\"text-align: justify;\"><span style=\"font-family: georgia, palatino, serif;\">Nos observations seront d\u00e9crites en d\u00e9tail si des d\u00e9fauts sont d\u00e9tect\u00e9s, leur gravit\u00e9 et leurs implications seront fournies et d\u2019autres recommandations concernant le calendrier n\u00e9cessaire pour leur r\u00e9paration seront \u00e9galement incluses.<\/span><\/p>\n<p style=\"text-align: justify;\"><span style=\"font-family: georgia, palatino, serif;\">Au Qu\u00e9bec, nous faisons face \u00e0 des conditions m\u00e9t\u00e9orologiques extr\u00eames et il est essentiel d\u2019avoir une isolation ad\u00e9quate dans le grenier. Les greniers peuvent \u00eatre isol\u00e9s de plusieurs fa\u00e7ons, y compris en soufflant dans l\u2019isolation ou en posant des lattes en fibre de verre.<\/span><\/p>\n<p style=\"text-align: justify;\"><span style=\"font-family: georgia, palatino, serif;\">L\u2019isolation est \u00e9valu\u00e9e avec un facteur R, ce qui signifie que plus le nombre R est \u00e9lev\u00e9, g\u00e9n\u00e9ralement plus le facteur isolant est \u00e9lev\u00e9. Demandez \u00e0 votre inspecteur en b\u00e2timent si les b\u00e2tons sont orient\u00e9s dans la bonne direction (papier vers le haut ou papier vers le bas). Des greniers bien isol\u00e9s peuvent r\u00e9duire vos co\u00fbts de chauffage en hiver et vos d\u00e9penses de refroidissement en \u00e9t\u00e9.<\/span><\/p>","protected":false},"excerpt":{"rendered":"<p>Inspection de toiture Montr\u00e9al La plupart des propri\u00e9t\u00e9s r\u00e9sidentielles telles que les bungalows, les chalets et autres maisons unifamiliales ont des toits en bardeaux d\u2019asphalte en pente ou des toits plats en goudron et en gravier, dans le cas des duplex et des triplex. L\u2019objectif principal d\u2019une inspection de toiture [&hellip;]<\/p>\n","protected":false},"author":1,"featured_media":687,"parent":0,"menu_order":0,"comment_status":"closed","ping_status":"closed","template":"","meta":{"_themeisle_gutenberg_block_has_review":false,"footnotes":""},"class_list":["post-193","page","type-page","status-publish","has-post-thumbnail","hentry"],"yoast_head":"<!-- This site is optimized with the Yoast SEO plugin v27.2 - https:\/\/yoast.com\/product\/yoast-seo-wordpress\/ -->\n<title>Inspection du toiture Montreal | inspecteur immobiliere<\/title>\n<meta name=\"description\" content=\"Inspection de toiture Montr\u00e9al\" \/>\n<meta name=\"robots\" content=\"index, follow, max-snippet:-1, max-image-preview:large, max-video-preview:-1\" \/>\n<link rel=\"canonical\" href=\"https:\/\/inspecteurimmobiliere.com\/fr\/inspection-du-toiture-montreal\/\" \/>\n<meta property=\"og:locale\" content=\"fr_CA\" \/>\n<meta property=\"og:type\" content=\"article\" \/>\n<meta property=\"og:title\" content=\"Inspection du toiture Montreal | inspecteur immobiliere\" \/>\n<meta property=\"og:description\" content=\"Inspection de toiture Montr\u00e9al\" \/>\n<meta property=\"og:url\" content=\"https:\/\/inspecteurimmobiliere.com\/fr\/inspection-du-toiture-montreal\/\" \/>\n<meta property=\"og:site_name\" content=\"inspecteur immobiliere\" \/>\n<meta property=\"article:modified_time\" content=\"2023-02-27T22:34:01+00:00\" \/>\n<meta property=\"og:image\" content=\"https:\/\/inspecteurimmobiliere.com\/wp-content\/uploads\/2023\/02\/143-low-resolution-for-web-png-1548195565.png\" \/>\n\t<meta property=\"og:image:width\" content=\"250\" \/>\n\t<meta property=\"og:image:height\" content=\"250\" \/>\n\t<meta property=\"og:image:type\" content=\"image\/png\" \/>\n<meta name=\"twitter:card\" content=\"summary_large_image\" \/>\n<meta name=\"twitter:label1\" content=\"Estimation du temps de lecture\" \/>\n\t<meta name=\"twitter:data1\" content=\"2 minutes\" \/>\n<script type=\"application\/ld+json\" class=\"yoast-schema-graph\">{\"@context\":\"https:\/\/schema.org\",\"@graph\":[{\"@type\":\"WebPage\",\"@id\":\"https:\/\/inspecteurimmobiliere.com\/fr\/inspection-du-toiture-montreal\/\",\"url\":\"https:\/\/inspecteurimmobiliere.com\/fr\/inspection-du-toiture-montreal\/\",\"name\":\"Inspection du toiture Montreal | inspecteur immobiliere\",\"isPartOf\":{\"@id\":\"https:\/\/inspecteurimmobiliere.com\/fr\/#website\"},\"primaryImageOfPage\":{\"@id\":\"https:\/\/inspecteurimmobiliere.com\/fr\/inspection-du-toiture-montreal\/#primaryimage\"},\"image\":{\"@id\":\"https:\/\/inspecteurimmobiliere.com\/fr\/inspection-du-toiture-montreal\/#primaryimage\"},\"thumbnailUrl\":\"https:\/\/inspecteurimmobiliere.com\/wp-content\/uploads\/2023\/02\/143-low-resolution-for-web-png-1548195565.png\",\"datePublished\":\"2022-09-22T00:03:07+00:00\",\"dateModified\":\"2023-02-27T22:34:01+00:00\",\"description\":\"Inspection de toiture Montr\u00e9al\",\"breadcrumb\":{\"@id\":\"https:\/\/inspecteurimmobiliere.com\/fr\/inspection-du-toiture-montreal\/#breadcrumb\"},\"inLanguage\":\"fr-CA\",\"potentialAction\":[{\"@type\":\"ReadAction\",\"target\":[\"https:\/\/inspecteurimmobiliere.com\/fr\/inspection-du-toiture-montreal\/\"]}]},{\"@type\":\"ImageObject\",\"inLanguage\":\"fr-CA\",\"@id\":\"https:\/\/inspecteurimmobiliere.com\/fr\/inspection-du-toiture-montreal\/#primaryimage\",\"url\":\"https:\/\/inspecteurimmobiliere.com\/wp-content\/uploads\/2023\/02\/143-low-resolution-for-web-png-1548195565.png\",\"contentUrl\":\"https:\/\/inspecteurimmobiliere.com\/wp-content\/uploads\/2023\/02\/143-low-resolution-for-web-png-1548195565.png\",\"width\":250,\"height\":250},{\"@type\":\"BreadcrumbList\",\"@id\":\"https:\/\/inspecteurimmobiliere.com\/fr\/inspection-du-toiture-montreal\/#breadcrumb\",\"itemListElement\":[{\"@type\":\"ListItem\",\"position\":1,\"name\":\"Home\",\"item\":\"https:\/\/inspecteurimmobiliere.com\/\"},{\"@type\":\"ListItem\",\"position\":2,\"name\":\"Inspection du toiture\"}]},{\"@type\":\"WebSite\",\"@id\":\"https:\/\/inspecteurimmobiliere.com\/fr\/#website\",\"url\":\"https:\/\/inspecteurimmobiliere.com\/fr\/\",\"name\":\"inspecteur immobiliere\",\"description\":\"Honorer l&#039;int\u00e9grit\u00e9 et la transparence\",\"publisher\":{\"@id\":\"https:\/\/inspecteurimmobiliere.com\/fr\/#organization\"},\"potentialAction\":[{\"@type\":\"SearchAction\",\"target\":{\"@type\":\"EntryPoint\",\"urlTemplate\":\"https:\/\/inspecteurimmobiliere.com\/fr\/?s={search_term_string}\"},\"query-input\":{\"@type\":\"PropertyValueSpecification\",\"valueRequired\":true,\"valueName\":\"search_term_string\"}}],\"inLanguage\":\"fr-CA\"},{\"@type\":\"Organization\",\"@id\":\"https:\/\/inspecteurimmobiliere.com\/fr\/#organization\",\"name\":\"inspecteur immobiliere\",\"url\":\"https:\/\/inspecteurimmobiliere.com\/fr\/\",\"logo\":{\"@type\":\"ImageObject\",\"inLanguage\":\"fr-CA\",\"@id\":\"https:\/\/inspecteurimmobiliere.com\/fr\/#\/schema\/logo\/image\/\",\"url\":\"https:\/\/inspecteurimmobiliere.com\/wp-content\/uploads\/2023\/04\/cropped-Blue-Creative-Real-Estate-Free-Logo.png\",\"contentUrl\":\"https:\/\/inspecteurimmobiliere.com\/wp-content\/uploads\/2023\/04\/cropped-Blue-Creative-Real-Estate-Free-Logo.png\",\"width\":498,\"height\":334,\"caption\":\"inspecteur immobiliere\"},\"image\":{\"@id\":\"https:\/\/inspecteurimmobiliere.com\/fr\/#\/schema\/logo\/image\/\"}}]}<\/script>\n<!-- \/ Yoast SEO plugin. -->","yoast_head_json":{"title":"Inspection du toiture Montreal | inspecteur immobiliere","description":"Inspection de toiture Montr\u00e9al","robots":{"index":"index","follow":"follow","max-snippet":"max-snippet:-1","max-image-preview":"max-image-preview:large","max-video-preview":"max-video-preview:-1"},"canonical":"https:\/\/inspecteurimmobiliere.com\/fr\/inspection-du-toiture-montreal\/","og_locale":"fr_CA","og_type":"article","og_title":"Inspection du toiture Montreal | inspecteur immobiliere","og_description":"Inspection de toiture Montr\u00e9al","og_url":"https:\/\/inspecteurimmobiliere.com\/fr\/inspection-du-toiture-montreal\/","og_site_name":"inspecteur immobiliere","article_modified_time":"2023-02-27T22:34:01+00:00","og_image":[{"width":250,"height":250,"url":"https:\/\/inspecteurimmobiliere.com\/wp-content\/uploads\/2023\/02\/143-low-resolution-for-web-png-1548195565.png","type":"image\/png"}],"twitter_card":"summary_large_image","twitter_misc":{"Estimation du temps de lecture":"2 minutes"},"schema":{"@context":"https:\/\/schema.org","@graph":[{"@type":"WebPage","@id":"https:\/\/inspecteurimmobiliere.com\/fr\/inspection-du-toiture-montreal\/","url":"https:\/\/inspecteurimmobiliere.com\/fr\/inspection-du-toiture-montreal\/","name":"Inspection du toiture Montreal | inspecteur immobiliere","isPartOf":{"@id":"https:\/\/inspecteurimmobiliere.com\/fr\/#website"},"primaryImageOfPage":{"@id":"https:\/\/inspecteurimmobiliere.com\/fr\/inspection-du-toiture-montreal\/#primaryimage"},"image":{"@id":"https:\/\/inspecteurimmobiliere.com\/fr\/inspection-du-toiture-montreal\/#primaryimage"},"thumbnailUrl":"https:\/\/inspecteurimmobiliere.com\/wp-content\/uploads\/2023\/02\/143-low-resolution-for-web-png-1548195565.png","datePublished":"2022-09-22T00:03:07+00:00","dateModified":"2023-02-27T22:34:01+00:00","description":"Inspection de toiture Montr\u00e9al","breadcrumb":{"@id":"https:\/\/inspecteurimmobiliere.com\/fr\/inspection-du-toiture-montreal\/#breadcrumb"},"inLanguage":"fr-CA","potentialAction":[{"@type":"ReadAction","target":["https:\/\/inspecteurimmobiliere.com\/fr\/inspection-du-toiture-montreal\/"]}]},{"@type":"ImageObject","inLanguage":"fr-CA","@id":"https:\/\/inspecteurimmobiliere.com\/fr\/inspection-du-toiture-montreal\/#primaryimage","url":"https:\/\/inspecteurimmobiliere.com\/wp-content\/uploads\/2023\/02\/143-low-resolution-for-web-png-1548195565.png","contentUrl":"https:\/\/inspecteurimmobiliere.com\/wp-content\/uploads\/2023\/02\/143-low-resolution-for-web-png-1548195565.png","width":250,"height":250},{"@type":"BreadcrumbList","@id":"https:\/\/inspecteurimmobiliere.com\/fr\/inspection-du-toiture-montreal\/#breadcrumb","itemListElement":[{"@type":"ListItem","position":1,"name":"Home","item":"https:\/\/inspecteurimmobiliere.com\/"},{"@type":"ListItem","position":2,"name":"Inspection du toiture"}]},{"@type":"WebSite","@id":"https:\/\/inspecteurimmobiliere.com\/fr\/#website","url":"https:\/\/inspecteurimmobiliere.com\/fr\/","name":"inspecteur immobiliere","description":"Honorer l&#039;int\u00e9grit\u00e9 et la transparence","publisher":{"@id":"https:\/\/inspecteurimmobiliere.com\/fr\/#organization"},"potentialAction":[{"@type":"SearchAction","target":{"@type":"EntryPoint","urlTemplate":"https:\/\/inspecteurimmobiliere.com\/fr\/?s={search_term_string}"},"query-input":{"@type":"PropertyValueSpecification","valueRequired":true,"valueName":"search_term_string"}}],"inLanguage":"fr-CA"},{"@type":"Organization","@id":"https:\/\/inspecteurimmobiliere.com\/fr\/#organization","name":"inspecteur immobiliere","url":"https:\/\/inspecteurimmobiliere.com\/fr\/","logo":{"@type":"ImageObject","inLanguage":"fr-CA","@id":"https:\/\/inspecteurimmobiliere.com\/fr\/#\/schema\/logo\/image\/","url":"https:\/\/inspecteurimmobiliere.com\/wp-content\/uploads\/2023\/04\/cropped-Blue-Creative-Real-Estate-Free-Logo.png","contentUrl":"https:\/\/inspecteurimmobiliere.com\/wp-content\/uploads\/2023\/04\/cropped-Blue-Creative-Real-Estate-Free-Logo.png","width":498,"height":334,"caption":"inspecteur immobiliere"},"image":{"@id":"https:\/\/inspecteurimmobiliere.com\/fr\/#\/schema\/logo\/image\/"}}]}},"_links":{"self":[{"href":"https:\/\/inspecteurimmobiliere.com\/fr\/wp-json\/wp\/v2\/pages\/193","targetHints":{"allow":["GET"]}}],"collection":[{"href":"https:\/\/inspecteurimmobiliere.com\/fr\/wp-json\/wp\/v2\/pages"}],"about":[{"href":"https:\/\/inspecteurimmobiliere.com\/fr\/wp-json\/wp\/v2\/types\/page"}],"author":[{"embeddable":true,"href":"https:\/\/inspecteurimmobiliere.com\/fr\/wp-json\/wp\/v2\/users\/1"}],"replies":[{"embeddable":true,"href":"https:\/\/inspecteurimmobiliere.com\/fr\/wp-json\/wp\/v2\/comments?post=193"}],"version-history":[{"count":3,"href":"https:\/\/inspecteurimmobiliere.com\/fr\/wp-json\/wp\/v2\/pages\/193\/revisions"}],"predecessor-version":[{"id":686,"href":"https:\/\/inspecteurimmobiliere.com\/fr\/wp-json\/wp\/v2\/pages\/193\/revisions\/686"}],"wp:featuredmedia":[{"embeddable":true,"href":"https:\/\/inspecteurimmobiliere.com\/fr\/wp-json\/wp\/v2\/media\/687"}],"wp:attachment":[{"href":"https:\/\/inspecteurimmobiliere.com\/fr\/wp-json\/wp\/v2\/media?parent=193"}],"curies":[{"name":"wp","href":"https:\/\/api.w.org\/{rel}","templated":true}]}}