{"id":191,"date":"2022-09-21T20:02:19","date_gmt":"2022-09-22T00:02:19","guid":{"rendered":"https:\/\/inspecteurimmobiliere.com\/?page_id=191"},"modified":"2023-02-27T17:33:13","modified_gmt":"2023-02-27T22:33:13","slug":"inspection-de-terrasse-montreal","status":"publish","type":"page","link":"https:\/\/inspecteurimmobiliere.com\/fr\/inspection-de-terrasse-montreal\/","title":{"rendered":"Inspection de Terrasse"},"content":{"rendered":"<h2><span style=\"font-size: 24pt;\"><strong><span style=\"font-family: georgia, palatino, serif;\">Inspection de Terrasse Montr\u00e9al<\/span><\/strong><\/span><\/h2>\n<p style=\"text-align: justify;\"><span style=\"font-family: georgia, palatino, serif; font-size: 14pt;\">Les gens pensent souvent que juste parce qu\u2019ils peuvent avoir 50 personnes dans leur maison en m\u00eame temps, ils peuvent avoir 50 personnes sur leurs terrasses aussi bien. J\u2019ai entendu parler de nombreuses histoires d\u2019horreur d\u2019effondrements de ponts. Selon l\u2019Association internationale des inspecteurs en b\u00e2timent certifi\u00e9s (InterNACHI), environ 90% des effondrements de terrasses sont<\/span><\/p>\n<p><span style=\"font-family: georgia, palatino, serif; font-size: 14pt;\"><strong>le r\u00e9sultat de la s\u00e9paration de la maison et du tableau du grand livre de pont<\/strong>.<\/span><\/p>\n<p><span style=\"font-family: georgia, palatino, serif; font-size: 14pt;\"><strong>Voici d\u2019autres causes d\u2019effondrement du tablier :<\/strong><\/span><\/p>\n<ul>\n<li><span style=\"font-family: georgia, palatino, serif; font-size: 14pt;\">Probl\u00e8mes de tableau de registre<\/span><\/li>\n<li><span style=\"font-family: georgia, palatino, serif; font-size: 14pt;\">Planches de pont en d\u00e9composition<\/span><\/li>\n<li><span style=\"font-family: georgia, palatino, serif; font-size: 14pt;\">Poteaux de pont et poutres en d\u00e9composition<\/span><\/li>\n<li><span style=\"font-family: georgia, palatino, serif; font-size: 14pt;\">Ponts non construits selon le code et sans permis appropri\u00e9s<\/span><\/li>\n<\/ul>\n<p><span style=\"font-family: georgia, palatino, serif; font-size: 14pt;\"><strong>Par cons\u00e9quent, je ne recommande pas de construire une terrasse par vous-m\u00eame.<\/strong><\/span><\/p>\n<p><span style=\"font-family: georgia, palatino, serif; font-size: 14pt;\"><strong>S\u00e9curit\u00e9 du pont : ce qu\u2019il faut rechercher<\/strong><\/span><\/p>\n<p style=\"text-align: justify;\"><span style=\"font-family: georgia, palatino, serif; font-size: 14pt;\">Votre terrasse fait face \u00e0 des conditions m\u00e9t\u00e9orologiques difficiles toute l\u2019ann\u00e9e. \u00catre expos\u00e9 \u00e0 une chaleur et \u00e0 un froid extr\u00eames peut avoir des r\u00e9percussions m\u00eame sur les terrasses les mieux entretenues. Vous pouvez faire appel \u00e0 un inspecteur en b\u00e2timent qualifi\u00e9 si vous avez des pr\u00e9occupations au sujet de votre terrasse.<\/span><\/p>\n<p><span style=\"font-family: georgia, palatino, serif; font-size: 14pt;\"><strong>En tant que propri\u00e9taire, il y a aussi quelques signes de dommages que vous pouvez surveiller:<\/strong><\/span><\/p>\n<ul>\n<li><span style=\"font-family: georgia, palatino, serif; font-size: 14pt;\">Probl\u00e8mes du conseil d\u2019administration du grand livre (le pont est mal attach\u00e9 \u00e0 la maison)<\/span><\/li>\n<li><span style=\"font-family: georgia, palatino, serif; font-size: 14pt;\">Pourriture visible<\/span><\/li>\n<li><span style=\"font-family: georgia, palatino, serif; font-size: 14pt;\">Fissures visibles<\/span><\/li>\n<li><span style=\"font-family: georgia, palatino, serif; font-size: 14pt;\">Dommages caus\u00e9s par les insectes<\/span><\/li>\n<li><span style=\"font-family: georgia, palatino, serif; font-size: 14pt;\">Rouille sur les fixations et les connecteurs<\/span><\/li>\n<li><span style=\"font-family: georgia, palatino, serif; font-size: 14pt;\">Garde-corps d\u2019escaliers l\u00e2ches<\/span><\/li>\n<li><span style=\"font-family: georgia, palatino, serif; font-size: 14pt;\">Poteaux de pont pourris<\/span><\/li>\n<li><span style=\"font-family: georgia, palatino, serif; font-size: 14pt;\">Pont bancal<\/span><\/li>\n<\/ul>\n<p>&nbsp;<\/p>\n<h2><span style=\"font-family: georgia, palatino, serif; font-size: 18pt;\"><strong>Votre terrasse est-elle attach\u00e9e en toute s\u00e9curit\u00e9 \u00e0 la maison?<\/strong><\/span><\/h2>\n<h3><span style=\"font-family: georgia, palatino, serif; font-size: 14pt;\"><strong>Votre tableau de registre<\/strong><\/span><\/h3>\n<p style=\"text-align: justify;\"><span style=\"font-family: georgia, palatino, serif; font-size: 14pt;\">Le probl\u00e8me pour la plupart des ponts est l\u2019endroit o\u00f9 le tableau du grand livre est attach\u00e9 au mur de la maison. Vous ne voulez pas qu\u2019il y ait d\u2019eau qui entre derri\u00e8re le tableau du grand livre et entre dans votre maison.<\/span><\/p>\n<p style=\"text-align: justify;\"><span style=\"font-family: georgia, palatino, serif; font-size: 14pt;\">Vous devez vous assurer que chaque boulon est calfeutr\u00e9 et scell\u00e9. Et ce tableau de registre doit \u00eatre correctement flash\u00e9 pour \u00e9viter les dommages caus\u00e9s par l\u2019eau.<\/span><\/p>\n<p style=\"text-align: justify;\"><span style=\"font-family: georgia, palatino, serif; font-size: 14pt;\"><strong>L\u2019une des raisons courantes des effondrements du tablier est la d\u00e9faillance des connexions \u00e0 clous seulement entre le tablier et la structure principale.<\/strong><\/span><\/p>\n<p style=\"text-align: justify;\"><span style=\"font-family: georgia, palatino, serif; font-size: 14pt;\">Le registre du tablier est le tableau de jante du plancher du pont fix\u00e9 \u00e0 la maison, et il doit \u00eatre reli\u00e9 positivement \u00e0 la structure du plancher du b\u00e2timent principal avec des boulons ou des vis de retard, pas des clous.<\/span><\/p>\n<h2><span style=\"font-family: georgia, palatino, serif; font-size: 14pt;\"><strong>Grand livre manquant clignotant<\/strong><\/span><\/h2>\n<p><span style=\"font-family: georgia, palatino, serif; font-size: 14pt;\">Si vous le pouvez, rampez sous votre deck et regardez le tableau du grand livre. Si vous ne voyez pas une l\u00e8vre en m\u00e9tal ou en plastique sur le dessus du tableau du grand livre, vous devrez ajouter un clignotement.<\/span><\/p>\n<h2><span style=\"font-family: georgia, palatino, serif; font-size: 14pt;\"><strong>V\u00e9rifiez les vis de retard dans Ledger Board<\/strong><\/span><\/h2>\n<p style=\"text-align: justify;\"><span style=\"font-family: georgia, palatino, serif; font-size: 14pt;\">Votre deck peut tomber si le registre n\u2019est pas fix\u00e9 correctement. C\u2019est un probl\u00e8me courant avec les decks de bricolage.<\/span><\/p>\n<h2><span style=\"font-family: georgia, palatino, serif; font-size: 14pt;\"><strong>Pont bancal<\/strong><\/span><\/h2>\n<p style=\"text-align: justify;\"><span style=\"font-family: georgia, palatino, serif; font-size: 14pt;\">Lorsque vous marchez sur votre pont, si vous sentez beaucoup de mouvement, ce n\u2019est pas un bon signe. Le mouvement du pont exerce une contrainte suppl\u00e9mentaire sur les fixations et les connecteurs. Au fil du temps, les solives peuvent s\u2019\u00e9loigner de la solive de jante ou de la carte de registre et se tordre hors de leur position verticale. Cela\u00a0 les rend faibles.<\/span><\/p>\n<h2><span style=\"font-family: georgia, palatino, serif; font-size: 14pt;\"><strong>Dommages caus\u00e9s par les insectes sur un pont<\/strong><\/span><\/h2>\n<p style=\"text-align: justify;\"><span style=\"font-family: georgia, palatino, serif; font-size: 14pt;\">V\u00e9rifiez si le bois n\u2019a pas de pourriture et d\u2019infestation d\u2019insectes qui ressembleraient \u00e0 des dommages au bois. Cela peut \u00eatre \u00e0 partir de <a href=\"https:\/\/makeitright.ca\/holmes-advice\/home-safety-maintenance\/termites-in-your-home-explained\/\">termites<\/a>, de fourmis charpenti\u00e8res et d\u2019abeilles charpenti\u00e8res. La pr\u00e9sence de termites est un pr\u00e9sage de dommages graves dans votre maison. Les termites mangent du bois pour se nourrir.<\/span><\/p>\n<p style=\"text-align: justify;\"><span style=\"font-family: georgia, palatino, serif; font-size: 14pt;\">Lorsque vous marchez sur votre pont, ressentez-vous de l\u00e9gers mouvements? Si vous le faites, je vous recommande fortement de faire appel \u00e0 un inspecteur professionnel pour effectuer une inspection approfondie du pont.<\/span><\/p>","protected":false},"excerpt":{"rendered":"<p>Inspection de Terrasse Montr\u00e9al Les gens pensent souvent que juste parce qu\u2019ils peuvent avoir 50 personnes dans leur maison en m\u00eame temps, ils peuvent avoir 50 personnes sur leurs terrasses aussi bien. J\u2019ai entendu parler de nombreuses histoires d\u2019horreur d\u2019effondrements de ponts. Selon l\u2019Association internationale des inspecteurs en b\u00e2timent certifi\u00e9s [&hellip;]<\/p>\n","protected":false},"author":1,"featured_media":678,"parent":0,"menu_order":0,"comment_status":"closed","ping_status":"closed","template":"","meta":{"_themeisle_gutenberg_block_has_review":false,"footnotes":""},"class_list":["post-191","page","type-page","status-publish","has-post-thumbnail","hentry"],"yoast_head":"<!-- This site is optimized with the Yoast SEO plugin v27.2 - https:\/\/yoast.com\/product\/yoast-seo-wordpress\/ -->\n<title>Inspection de Terrasse Montreal | inspecteur immobiliere<\/title>\n<meta name=\"description\" content=\"Inspection de Terrasse Montr\u00e9al\" \/>\n<meta name=\"robots\" content=\"index, follow, max-snippet:-1, max-image-preview:large, max-video-preview:-1\" \/>\n<link rel=\"canonical\" href=\"https:\/\/inspecteurimmobiliere.com\/fr\/inspection-de-terrasse-montreal\/\" \/>\n<meta property=\"og:locale\" content=\"fr_CA\" \/>\n<meta property=\"og:type\" content=\"article\" \/>\n<meta property=\"og:title\" content=\"Inspection de Terrasse Montreal | inspecteur immobiliere\" \/>\n<meta property=\"og:description\" content=\"Inspection de Terrasse Montr\u00e9al\" \/>\n<meta property=\"og:url\" content=\"https:\/\/inspecteurimmobiliere.com\/fr\/inspection-de-terrasse-montreal\/\" \/>\n<meta property=\"og:site_name\" content=\"inspecteur immobiliere\" \/>\n<meta property=\"article:modified_time\" content=\"2023-02-27T22:33:13+00:00\" \/>\n<meta property=\"og:image\" content=\"https:\/\/inspecteurimmobiliere.com\/wp-content\/uploads\/2023\/02\/161-low-resolution-for-web-png-1550611159.png\" \/>\n\t<meta property=\"og:image:width\" content=\"600\" \/>\n\t<meta property=\"og:image:height\" content=\"600\" \/>\n\t<meta property=\"og:image:type\" content=\"image\/png\" \/>\n<meta name=\"twitter:card\" content=\"summary_large_image\" \/>\n<meta name=\"twitter:label1\" content=\"Estimation du temps de lecture\" \/>\n\t<meta name=\"twitter:data1\" content=\"3 minutes\" \/>\n<script type=\"application\/ld+json\" class=\"yoast-schema-graph\">{\"@context\":\"https:\/\/schema.org\",\"@graph\":[{\"@type\":\"WebPage\",\"@id\":\"https:\/\/inspecteurimmobiliere.com\/fr\/inspection-de-terrasse-montreal\/\",\"url\":\"https:\/\/inspecteurimmobiliere.com\/fr\/inspection-de-terrasse-montreal\/\",\"name\":\"Inspection de Terrasse Montreal | inspecteur immobiliere\",\"isPartOf\":{\"@id\":\"https:\/\/inspecteurimmobiliere.com\/fr\/#website\"},\"primaryImageOfPage\":{\"@id\":\"https:\/\/inspecteurimmobiliere.com\/fr\/inspection-de-terrasse-montreal\/#primaryimage\"},\"image\":{\"@id\":\"https:\/\/inspecteurimmobiliere.com\/fr\/inspection-de-terrasse-montreal\/#primaryimage\"},\"thumbnailUrl\":\"https:\/\/inspecteurimmobiliere.com\/wp-content\/uploads\/2023\/02\/161-low-resolution-for-web-png-1550611159.png\",\"datePublished\":\"2022-09-22T00:02:19+00:00\",\"dateModified\":\"2023-02-27T22:33:13+00:00\",\"description\":\"Inspection de Terrasse Montr\u00e9al\",\"breadcrumb\":{\"@id\":\"https:\/\/inspecteurimmobiliere.com\/fr\/inspection-de-terrasse-montreal\/#breadcrumb\"},\"inLanguage\":\"fr-CA\",\"potentialAction\":[{\"@type\":\"ReadAction\",\"target\":[\"https:\/\/inspecteurimmobiliere.com\/fr\/inspection-de-terrasse-montreal\/\"]}]},{\"@type\":\"ImageObject\",\"inLanguage\":\"fr-CA\",\"@id\":\"https:\/\/inspecteurimmobiliere.com\/fr\/inspection-de-terrasse-montreal\/#primaryimage\",\"url\":\"https:\/\/inspecteurimmobiliere.com\/wp-content\/uploads\/2023\/02\/161-low-resolution-for-web-png-1550611159.png\",\"contentUrl\":\"https:\/\/inspecteurimmobiliere.com\/wp-content\/uploads\/2023\/02\/161-low-resolution-for-web-png-1550611159.png\",\"width\":600,\"height\":600},{\"@type\":\"BreadcrumbList\",\"@id\":\"https:\/\/inspecteurimmobiliere.com\/fr\/inspection-de-terrasse-montreal\/#breadcrumb\",\"itemListElement\":[{\"@type\":\"ListItem\",\"position\":1,\"name\":\"Home\",\"item\":\"https:\/\/inspecteurimmobiliere.com\/\"},{\"@type\":\"ListItem\",\"position\":2,\"name\":\"Inspection de Terrasse\"}]},{\"@type\":\"WebSite\",\"@id\":\"https:\/\/inspecteurimmobiliere.com\/fr\/#website\",\"url\":\"https:\/\/inspecteurimmobiliere.com\/fr\/\",\"name\":\"inspecteur immobiliere\",\"description\":\"Honorer l&#039;int\u00e9grit\u00e9 et la transparence\",\"publisher\":{\"@id\":\"https:\/\/inspecteurimmobiliere.com\/fr\/#organization\"},\"potentialAction\":[{\"@type\":\"SearchAction\",\"target\":{\"@type\":\"EntryPoint\",\"urlTemplate\":\"https:\/\/inspecteurimmobiliere.com\/fr\/?s={search_term_string}\"},\"query-input\":{\"@type\":\"PropertyValueSpecification\",\"valueRequired\":true,\"valueName\":\"search_term_string\"}}],\"inLanguage\":\"fr-CA\"},{\"@type\":\"Organization\",\"@id\":\"https:\/\/inspecteurimmobiliere.com\/fr\/#organization\",\"name\":\"inspecteur immobiliere\",\"url\":\"https:\/\/inspecteurimmobiliere.com\/fr\/\",\"logo\":{\"@type\":\"ImageObject\",\"inLanguage\":\"fr-CA\",\"@id\":\"https:\/\/inspecteurimmobiliere.com\/fr\/#\/schema\/logo\/image\/\",\"url\":\"https:\/\/inspecteurimmobiliere.com\/wp-content\/uploads\/2023\/04\/cropped-Blue-Creative-Real-Estate-Free-Logo.png\",\"contentUrl\":\"https:\/\/inspecteurimmobiliere.com\/wp-content\/uploads\/2023\/04\/cropped-Blue-Creative-Real-Estate-Free-Logo.png\",\"width\":498,\"height\":334,\"caption\":\"inspecteur immobiliere\"},\"image\":{\"@id\":\"https:\/\/inspecteurimmobiliere.com\/fr\/#\/schema\/logo\/image\/\"}}]}<\/script>\n<!-- \/ Yoast SEO plugin. -->","yoast_head_json":{"title":"Inspection de Terrasse Montreal | inspecteur immobiliere","description":"Inspection de Terrasse Montr\u00e9al","robots":{"index":"index","follow":"follow","max-snippet":"max-snippet:-1","max-image-preview":"max-image-preview:large","max-video-preview":"max-video-preview:-1"},"canonical":"https:\/\/inspecteurimmobiliere.com\/fr\/inspection-de-terrasse-montreal\/","og_locale":"fr_CA","og_type":"article","og_title":"Inspection de Terrasse Montreal | inspecteur immobiliere","og_description":"Inspection de Terrasse Montr\u00e9al","og_url":"https:\/\/inspecteurimmobiliere.com\/fr\/inspection-de-terrasse-montreal\/","og_site_name":"inspecteur immobiliere","article_modified_time":"2023-02-27T22:33:13+00:00","og_image":[{"width":600,"height":600,"url":"https:\/\/inspecteurimmobiliere.com\/wp-content\/uploads\/2023\/02\/161-low-resolution-for-web-png-1550611159.png","type":"image\/png"}],"twitter_card":"summary_large_image","twitter_misc":{"Estimation du temps de lecture":"3 minutes"},"schema":{"@context":"https:\/\/schema.org","@graph":[{"@type":"WebPage","@id":"https:\/\/inspecteurimmobiliere.com\/fr\/inspection-de-terrasse-montreal\/","url":"https:\/\/inspecteurimmobiliere.com\/fr\/inspection-de-terrasse-montreal\/","name":"Inspection de Terrasse Montreal | inspecteur immobiliere","isPartOf":{"@id":"https:\/\/inspecteurimmobiliere.com\/fr\/#website"},"primaryImageOfPage":{"@id":"https:\/\/inspecteurimmobiliere.com\/fr\/inspection-de-terrasse-montreal\/#primaryimage"},"image":{"@id":"https:\/\/inspecteurimmobiliere.com\/fr\/inspection-de-terrasse-montreal\/#primaryimage"},"thumbnailUrl":"https:\/\/inspecteurimmobiliere.com\/wp-content\/uploads\/2023\/02\/161-low-resolution-for-web-png-1550611159.png","datePublished":"2022-09-22T00:02:19+00:00","dateModified":"2023-02-27T22:33:13+00:00","description":"Inspection de Terrasse Montr\u00e9al","breadcrumb":{"@id":"https:\/\/inspecteurimmobiliere.com\/fr\/inspection-de-terrasse-montreal\/#breadcrumb"},"inLanguage":"fr-CA","potentialAction":[{"@type":"ReadAction","target":["https:\/\/inspecteurimmobiliere.com\/fr\/inspection-de-terrasse-montreal\/"]}]},{"@type":"ImageObject","inLanguage":"fr-CA","@id":"https:\/\/inspecteurimmobiliere.com\/fr\/inspection-de-terrasse-montreal\/#primaryimage","url":"https:\/\/inspecteurimmobiliere.com\/wp-content\/uploads\/2023\/02\/161-low-resolution-for-web-png-1550611159.png","contentUrl":"https:\/\/inspecteurimmobiliere.com\/wp-content\/uploads\/2023\/02\/161-low-resolution-for-web-png-1550611159.png","width":600,"height":600},{"@type":"BreadcrumbList","@id":"https:\/\/inspecteurimmobiliere.com\/fr\/inspection-de-terrasse-montreal\/#breadcrumb","itemListElement":[{"@type":"ListItem","position":1,"name":"Home","item":"https:\/\/inspecteurimmobiliere.com\/"},{"@type":"ListItem","position":2,"name":"Inspection de Terrasse"}]},{"@type":"WebSite","@id":"https:\/\/inspecteurimmobiliere.com\/fr\/#website","url":"https:\/\/inspecteurimmobiliere.com\/fr\/","name":"inspecteur immobiliere","description":"Honorer l&#039;int\u00e9grit\u00e9 et la transparence","publisher":{"@id":"https:\/\/inspecteurimmobiliere.com\/fr\/#organization"},"potentialAction":[{"@type":"SearchAction","target":{"@type":"EntryPoint","urlTemplate":"https:\/\/inspecteurimmobiliere.com\/fr\/?s={search_term_string}"},"query-input":{"@type":"PropertyValueSpecification","valueRequired":true,"valueName":"search_term_string"}}],"inLanguage":"fr-CA"},{"@type":"Organization","@id":"https:\/\/inspecteurimmobiliere.com\/fr\/#organization","name":"inspecteur immobiliere","url":"https:\/\/inspecteurimmobiliere.com\/fr\/","logo":{"@type":"ImageObject","inLanguage":"fr-CA","@id":"https:\/\/inspecteurimmobiliere.com\/fr\/#\/schema\/logo\/image\/","url":"https:\/\/inspecteurimmobiliere.com\/wp-content\/uploads\/2023\/04\/cropped-Blue-Creative-Real-Estate-Free-Logo.png","contentUrl":"https:\/\/inspecteurimmobiliere.com\/wp-content\/uploads\/2023\/04\/cropped-Blue-Creative-Real-Estate-Free-Logo.png","width":498,"height":334,"caption":"inspecteur immobiliere"},"image":{"@id":"https:\/\/inspecteurimmobiliere.com\/fr\/#\/schema\/logo\/image\/"}}]}},"_links":{"self":[{"href":"https:\/\/inspecteurimmobiliere.com\/fr\/wp-json\/wp\/v2\/pages\/191","targetHints":{"allow":["GET"]}}],"collection":[{"href":"https:\/\/inspecteurimmobiliere.com\/fr\/wp-json\/wp\/v2\/pages"}],"about":[{"href":"https:\/\/inspecteurimmobiliere.com\/fr\/wp-json\/wp\/v2\/types\/page"}],"author":[{"embeddable":true,"href":"https:\/\/inspecteurimmobiliere.com\/fr\/wp-json\/wp\/v2\/users\/1"}],"replies":[{"embeddable":true,"href":"https:\/\/inspecteurimmobiliere.com\/fr\/wp-json\/wp\/v2\/comments?post=191"}],"version-history":[{"count":3,"href":"https:\/\/inspecteurimmobiliere.com\/fr\/wp-json\/wp\/v2\/pages\/191\/revisions"}],"predecessor-version":[{"id":684,"href":"https:\/\/inspecteurimmobiliere.com\/fr\/wp-json\/wp\/v2\/pages\/191\/revisions\/684"}],"wp:featuredmedia":[{"embeddable":true,"href":"https:\/\/inspecteurimmobiliere.com\/fr\/wp-json\/wp\/v2\/media\/678"}],"wp:attachment":[{"href":"https:\/\/inspecteurimmobiliere.com\/fr\/wp-json\/wp\/v2\/media?parent=191"}],"curies":[{"name":"wp","href":"https:\/\/api.w.org\/{rel}","templated":true}]}}