{"id":187,"date":"2022-09-21T20:00:31","date_gmt":"2022-09-22T00:00:31","guid":{"rendered":"https:\/\/inspecteurimmobiliere.com\/?page_id=187"},"modified":"2023-02-27T22:19:00","modified_gmt":"2023-02-28T03:19:00","slug":"inspection-de-grenier-montreal","status":"publish","type":"page","link":"https:\/\/inspecteurimmobiliere.com\/fr\/inspection-de-grenier-montreal\/","title":{"rendered":"Inspection de grenier"},"content":{"rendered":"<h2 class=\"LC20lb MBeuO DKV0Md\"><strong><span style=\"font-family: georgia, palatino, serif;\">Inspection de grenier Montr\u00e9al<\/span><\/strong><\/h2>\n<p style=\"text-align: justify;\"><span style=\"font-family: georgia, palatino, serif;\">Le grenier est d\u00e9fini comme l\u2019espace ferm\u00e9 par le mur du b\u00e2timent et se trouve directement sous le toit. Comme il s\u2019agit d\u2019une zone qui n\u2019est occup\u00e9e en permanence par personne (Sauf dans les conceptions sp\u00e9ciales et les modifications de la maison) il n\u2019est pas chauff\u00e9. Certains composants des services publics tels que les chauffe-eau, les stockages d\u2019eau chaude, la climatisation, les conduits d\u2019air de chauffage et le stockage des marchandises peuvent \u00eatre situ\u00e9s ici en fonction du volume d\u2019espace disponible. Le toit et le plancher sont isol\u00e9s bien que souvent de mani\u00e8re inad\u00e9quate.<\/span><\/p>\n<p style=\"text-align: justify;\"><span style=\"font-family: georgia, palatino, serif;\">Les codes du b\u00e2timent modernes permettent \u00e0 la fois des greniers ventil\u00e9s et non ventil\u00e9s dans tous les climats, si un b\u00e2timent est autrement correctement construit. Cependant, les greniers inoccup\u00e9s doivent g\u00e9n\u00e9ralement \u00eatre ventil\u00e9s pour r\u00e9duire l\u2019accumulation de chaleur et d\u2019humidit\u00e9 qui contribuent \u00e0 la croissance des moisissures et \u00e0 la pourriture des chevrons de bois et des solives de plafond. Dans les climats froids, la ventilation aide \u00e9galement \u00e0 pr\u00e9venir les barrages de glace sur le toit et les fuites qu\u2019ils causent. Dans les climats chauds, la ventilation r\u00e9duit les charges de refroidissement.<\/span><\/p>\n<p style=\"text-align: justify;\"><span style=\"font-family: georgia, palatino, serif;\"><strong>Types d\u2019isolation de grenier Les isolants de grenier couramment utilis\u00e9s sont les suivants:<\/strong><\/span><br \/>\n<span style=\"font-family: georgia, palatino, serif;\">Isolation cellulosique \u2013 remplissage l\u00e2che Isolation cellulose \u2013 Isolation stabilis\u00e9e Fiberglass et laine min\u00e9rale Isolation- remplissage l\u00e2cheFierglass et isolation en laine min\u00e9rale &#8211; battesInsure en polystyr\u00e8ne expans\u00e9 ou en mousse ph\u00e9nolique &#8211; panneaux rigides<\/span><\/p>","protected":false},"excerpt":{"rendered":"<p>Inspection de grenier Montr\u00e9al Le grenier est d\u00e9fini comme l\u2019espace ferm\u00e9 par le mur du b\u00e2timent et se trouve directement sous le toit. Comme il s\u2019agit d\u2019une zone qui n\u2019est occup\u00e9e en permanence par personne (Sauf dans les conceptions sp\u00e9ciales et les modifications de la maison) il n\u2019est pas chauff\u00e9. [&hellip;]<\/p>\n","protected":false},"author":1,"featured_media":675,"parent":0,"menu_order":0,"comment_status":"closed","ping_status":"closed","template":"","meta":{"_themeisle_gutenberg_block_has_review":false,"footnotes":""},"class_list":["post-187","page","type-page","status-publish","has-post-thumbnail","hentry"],"yoast_head":"<!-- This site is optimized with the Yoast SEO plugin v27.2 - https:\/\/yoast.com\/product\/yoast-seo-wordpress\/ -->\n<title>Inspection de grenier Montreal | inspecteur immobiliere<\/title>\n<meta name=\"description\" content=\"Grenier toiture isolation la moisissure revetments verification par ma\u00eetre inspecteur InterNACHI a Montr\u00e9al et environs efficace rapport 24hr\" \/>\n<meta name=\"robots\" content=\"index, follow, max-snippet:-1, max-image-preview:large, max-video-preview:-1\" \/>\n<link rel=\"canonical\" href=\"https:\/\/inspecteurimmobiliere.com\/fr\/inspection-de-grenier-montreal\/\" \/>\n<meta property=\"og:locale\" content=\"fr_CA\" \/>\n<meta property=\"og:type\" content=\"article\" \/>\n<meta property=\"og:title\" content=\"Inspection de grenier Montreal | inspecteur immobiliere\" \/>\n<meta property=\"og:description\" content=\"Grenier toiture isolation la moisissure revetments verification par ma\u00eetre inspecteur InterNACHI a Montr\u00e9al et environs efficace rapport 24hr\" \/>\n<meta property=\"og:url\" content=\"https:\/\/inspecteurimmobiliere.com\/fr\/inspection-de-grenier-montreal\/\" \/>\n<meta property=\"og:site_name\" content=\"inspecteur immobiliere\" \/>\n<meta property=\"article:modified_time\" content=\"2023-02-28T03:19:00+00:00\" \/>\n<meta property=\"og:image\" content=\"https:\/\/inspecteurimmobiliere.com\/wp-content\/uploads\/2023\/02\/271-low-resolution-for-web-png-1636468114.png\" \/>\n\t<meta property=\"og:image:width\" content=\"600\" \/>\n\t<meta property=\"og:image:height\" content=\"600\" \/>\n\t<meta property=\"og:image:type\" content=\"image\/png\" \/>\n<meta name=\"twitter:card\" content=\"summary_large_image\" \/>\n<meta name=\"twitter:label1\" content=\"Estimation du temps de lecture\" \/>\n\t<meta name=\"twitter:data1\" content=\"2 minutes\" \/>\n<script type=\"application\/ld+json\" class=\"yoast-schema-graph\">{\"@context\":\"https:\/\/schema.org\",\"@graph\":[{\"@type\":\"WebPage\",\"@id\":\"https:\/\/inspecteurimmobiliere.com\/fr\/inspection-de-grenier-montreal\/\",\"url\":\"https:\/\/inspecteurimmobiliere.com\/fr\/inspection-de-grenier-montreal\/\",\"name\":\"Inspection de grenier Montreal | inspecteur immobiliere\",\"isPartOf\":{\"@id\":\"https:\/\/inspecteurimmobiliere.com\/fr\/#website\"},\"primaryImageOfPage\":{\"@id\":\"https:\/\/inspecteurimmobiliere.com\/fr\/inspection-de-grenier-montreal\/#primaryimage\"},\"image\":{\"@id\":\"https:\/\/inspecteurimmobiliere.com\/fr\/inspection-de-grenier-montreal\/#primaryimage\"},\"thumbnailUrl\":\"https:\/\/inspecteurimmobiliere.com\/wp-content\/uploads\/2023\/02\/271-low-resolution-for-web-png-1636468114.png\",\"datePublished\":\"2022-09-22T00:00:31+00:00\",\"dateModified\":\"2023-02-28T03:19:00+00:00\",\"description\":\"Grenier toiture isolation la moisissure revetments verification par ma\u00eetre inspecteur InterNACHI a Montr\u00e9al et environs efficace rapport 24hr\",\"breadcrumb\":{\"@id\":\"https:\/\/inspecteurimmobiliere.com\/fr\/inspection-de-grenier-montreal\/#breadcrumb\"},\"inLanguage\":\"fr-CA\",\"potentialAction\":[{\"@type\":\"ReadAction\",\"target\":[\"https:\/\/inspecteurimmobiliere.com\/fr\/inspection-de-grenier-montreal\/\"]}]},{\"@type\":\"ImageObject\",\"inLanguage\":\"fr-CA\",\"@id\":\"https:\/\/inspecteurimmobiliere.com\/fr\/inspection-de-grenier-montreal\/#primaryimage\",\"url\":\"https:\/\/inspecteurimmobiliere.com\/wp-content\/uploads\/2023\/02\/271-low-resolution-for-web-png-1636468114.png\",\"contentUrl\":\"https:\/\/inspecteurimmobiliere.com\/wp-content\/uploads\/2023\/02\/271-low-resolution-for-web-png-1636468114.png\",\"width\":600,\"height\":600},{\"@type\":\"BreadcrumbList\",\"@id\":\"https:\/\/inspecteurimmobiliere.com\/fr\/inspection-de-grenier-montreal\/#breadcrumb\",\"itemListElement\":[{\"@type\":\"ListItem\",\"position\":1,\"name\":\"Home\",\"item\":\"https:\/\/inspecteurimmobiliere.com\/\"},{\"@type\":\"ListItem\",\"position\":2,\"name\":\"Inspection de grenier\"}]},{\"@type\":\"WebSite\",\"@id\":\"https:\/\/inspecteurimmobiliere.com\/fr\/#website\",\"url\":\"https:\/\/inspecteurimmobiliere.com\/fr\/\",\"name\":\"inspecteur immobiliere\",\"description\":\"Honorer l&#039;int\u00e9grit\u00e9 et la transparence\",\"publisher\":{\"@id\":\"https:\/\/inspecteurimmobiliere.com\/fr\/#organization\"},\"potentialAction\":[{\"@type\":\"SearchAction\",\"target\":{\"@type\":\"EntryPoint\",\"urlTemplate\":\"https:\/\/inspecteurimmobiliere.com\/fr\/?s={search_term_string}\"},\"query-input\":{\"@type\":\"PropertyValueSpecification\",\"valueRequired\":true,\"valueName\":\"search_term_string\"}}],\"inLanguage\":\"fr-CA\"},{\"@type\":\"Organization\",\"@id\":\"https:\/\/inspecteurimmobiliere.com\/fr\/#organization\",\"name\":\"inspecteur immobiliere\",\"url\":\"https:\/\/inspecteurimmobiliere.com\/fr\/\",\"logo\":{\"@type\":\"ImageObject\",\"inLanguage\":\"fr-CA\",\"@id\":\"https:\/\/inspecteurimmobiliere.com\/fr\/#\/schema\/logo\/image\/\",\"url\":\"https:\/\/inspecteurimmobiliere.com\/wp-content\/uploads\/2023\/04\/cropped-Blue-Creative-Real-Estate-Free-Logo.png\",\"contentUrl\":\"https:\/\/inspecteurimmobiliere.com\/wp-content\/uploads\/2023\/04\/cropped-Blue-Creative-Real-Estate-Free-Logo.png\",\"width\":498,\"height\":334,\"caption\":\"inspecteur immobiliere\"},\"image\":{\"@id\":\"https:\/\/inspecteurimmobiliere.com\/fr\/#\/schema\/logo\/image\/\"}}]}<\/script>\n<!-- \/ Yoast SEO plugin. -->","yoast_head_json":{"title":"Inspection de grenier Montreal | inspecteur immobiliere","description":"Grenier toiture isolation la moisissure revetments verification par ma\u00eetre inspecteur InterNACHI a Montr\u00e9al et environs efficace rapport 24hr","robots":{"index":"index","follow":"follow","max-snippet":"max-snippet:-1","max-image-preview":"max-image-preview:large","max-video-preview":"max-video-preview:-1"},"canonical":"https:\/\/inspecteurimmobiliere.com\/fr\/inspection-de-grenier-montreal\/","og_locale":"fr_CA","og_type":"article","og_title":"Inspection de grenier Montreal | inspecteur immobiliere","og_description":"Grenier toiture isolation la moisissure revetments verification par ma\u00eetre inspecteur InterNACHI a Montr\u00e9al et environs efficace rapport 24hr","og_url":"https:\/\/inspecteurimmobiliere.com\/fr\/inspection-de-grenier-montreal\/","og_site_name":"inspecteur immobiliere","article_modified_time":"2023-02-28T03:19:00+00:00","og_image":[{"width":600,"height":600,"url":"https:\/\/inspecteurimmobiliere.com\/wp-content\/uploads\/2023\/02\/271-low-resolution-for-web-png-1636468114.png","type":"image\/png"}],"twitter_card":"summary_large_image","twitter_misc":{"Estimation du temps de lecture":"2 minutes"},"schema":{"@context":"https:\/\/schema.org","@graph":[{"@type":"WebPage","@id":"https:\/\/inspecteurimmobiliere.com\/fr\/inspection-de-grenier-montreal\/","url":"https:\/\/inspecteurimmobiliere.com\/fr\/inspection-de-grenier-montreal\/","name":"Inspection de grenier Montreal | inspecteur immobiliere","isPartOf":{"@id":"https:\/\/inspecteurimmobiliere.com\/fr\/#website"},"primaryImageOfPage":{"@id":"https:\/\/inspecteurimmobiliere.com\/fr\/inspection-de-grenier-montreal\/#primaryimage"},"image":{"@id":"https:\/\/inspecteurimmobiliere.com\/fr\/inspection-de-grenier-montreal\/#primaryimage"},"thumbnailUrl":"https:\/\/inspecteurimmobiliere.com\/wp-content\/uploads\/2023\/02\/271-low-resolution-for-web-png-1636468114.png","datePublished":"2022-09-22T00:00:31+00:00","dateModified":"2023-02-28T03:19:00+00:00","description":"Grenier toiture isolation la moisissure revetments verification par ma\u00eetre inspecteur InterNACHI a Montr\u00e9al et environs efficace rapport 24hr","breadcrumb":{"@id":"https:\/\/inspecteurimmobiliere.com\/fr\/inspection-de-grenier-montreal\/#breadcrumb"},"inLanguage":"fr-CA","potentialAction":[{"@type":"ReadAction","target":["https:\/\/inspecteurimmobiliere.com\/fr\/inspection-de-grenier-montreal\/"]}]},{"@type":"ImageObject","inLanguage":"fr-CA","@id":"https:\/\/inspecteurimmobiliere.com\/fr\/inspection-de-grenier-montreal\/#primaryimage","url":"https:\/\/inspecteurimmobiliere.com\/wp-content\/uploads\/2023\/02\/271-low-resolution-for-web-png-1636468114.png","contentUrl":"https:\/\/inspecteurimmobiliere.com\/wp-content\/uploads\/2023\/02\/271-low-resolution-for-web-png-1636468114.png","width":600,"height":600},{"@type":"BreadcrumbList","@id":"https:\/\/inspecteurimmobiliere.com\/fr\/inspection-de-grenier-montreal\/#breadcrumb","itemListElement":[{"@type":"ListItem","position":1,"name":"Home","item":"https:\/\/inspecteurimmobiliere.com\/"},{"@type":"ListItem","position":2,"name":"Inspection de grenier"}]},{"@type":"WebSite","@id":"https:\/\/inspecteurimmobiliere.com\/fr\/#website","url":"https:\/\/inspecteurimmobiliere.com\/fr\/","name":"inspecteur immobiliere","description":"Honorer l&#039;int\u00e9grit\u00e9 et la transparence","publisher":{"@id":"https:\/\/inspecteurimmobiliere.com\/fr\/#organization"},"potentialAction":[{"@type":"SearchAction","target":{"@type":"EntryPoint","urlTemplate":"https:\/\/inspecteurimmobiliere.com\/fr\/?s={search_term_string}"},"query-input":{"@type":"PropertyValueSpecification","valueRequired":true,"valueName":"search_term_string"}}],"inLanguage":"fr-CA"},{"@type":"Organization","@id":"https:\/\/inspecteurimmobiliere.com\/fr\/#organization","name":"inspecteur immobiliere","url":"https:\/\/inspecteurimmobiliere.com\/fr\/","logo":{"@type":"ImageObject","inLanguage":"fr-CA","@id":"https:\/\/inspecteurimmobiliere.com\/fr\/#\/schema\/logo\/image\/","url":"https:\/\/inspecteurimmobiliere.com\/wp-content\/uploads\/2023\/04\/cropped-Blue-Creative-Real-Estate-Free-Logo.png","contentUrl":"https:\/\/inspecteurimmobiliere.com\/wp-content\/uploads\/2023\/04\/cropped-Blue-Creative-Real-Estate-Free-Logo.png","width":498,"height":334,"caption":"inspecteur immobiliere"},"image":{"@id":"https:\/\/inspecteurimmobiliere.com\/fr\/#\/schema\/logo\/image\/"}}]}},"_links":{"self":[{"href":"https:\/\/inspecteurimmobiliere.com\/fr\/wp-json\/wp\/v2\/pages\/187","targetHints":{"allow":["GET"]}}],"collection":[{"href":"https:\/\/inspecteurimmobiliere.com\/fr\/wp-json\/wp\/v2\/pages"}],"about":[{"href":"https:\/\/inspecteurimmobiliere.com\/fr\/wp-json\/wp\/v2\/types\/page"}],"author":[{"embeddable":true,"href":"https:\/\/inspecteurimmobiliere.com\/fr\/wp-json\/wp\/v2\/users\/1"}],"replies":[{"embeddable":true,"href":"https:\/\/inspecteurimmobiliere.com\/fr\/wp-json\/wp\/v2\/comments?post=187"}],"version-history":[{"count":4,"href":"https:\/\/inspecteurimmobiliere.com\/fr\/wp-json\/wp\/v2\/pages\/187\/revisions"}],"predecessor-version":[{"id":717,"href":"https:\/\/inspecteurimmobiliere.com\/fr\/wp-json\/wp\/v2\/pages\/187\/revisions\/717"}],"wp:featuredmedia":[{"embeddable":true,"href":"https:\/\/inspecteurimmobiliere.com\/fr\/wp-json\/wp\/v2\/media\/675"}],"wp:attachment":[{"href":"https:\/\/inspecteurimmobiliere.com\/fr\/wp-json\/wp\/v2\/media?parent=187"}],"curies":[{"name":"wp","href":"https:\/\/api.w.org\/{rel}","templated":true}]}}